{"id":2410,"date":"2019-08-06T11:14:16","date_gmt":"2019-08-06T11:14:16","guid":{"rendered":"https:\/\/malakoloski-muzej-makarska.eu\/o-muzeju\/"},"modified":"2024-07-01T14:37:06","modified_gmt":"2024-07-01T14:37:06","slug":"o-muzeju","status":"publish","type":"page","link":"https:\/\/malakoloski-muzej-makarska.eu\/de\/o-muzeju\/","title":{"rendered":"\u00dcber das Museum"},"content":{"rendered":"<section class=\"kc-elm kc-css-383288 kc_row\"><div class=\"kc-row-container  kc-container\"><div class=\"kc-wrap-columns\"><div class=\"kc-elm kc-css-352184 kc_col-sm-12 kc_column kc_col-sm-12\"><div class=\"kc-col-container\"><div class=\"kc-elm kc-css-591048 kc_text_block\"><\/p>\n<p>Das Malakologische Museum von Makarska geh\u00f6rt zu den wertvollsten Kultureinrichtungen sowohl der Stadt Makarska als auch des ganzen Landes. Gegr\u00fcndet wurde das Malakologische Museum des Franziskanerklosters im Jahr 1963 von Dr. Frater Jure Radi\u0107 mit einer attraktiven Ausstellung von Muscheln aus der Adria und der ganzen Welt. Neben der wertvollen und umfangreichen malakologischen Sammlung bewahrte Dr. Frater Jure Radi\u0107 auch ein wertvolles Herbarium von Pflanzen des Biokovo-Gebirges sowie kleinere pal\u00e4ontologische Sammlungen. Der Gr\u00fcnder des Museums war Sohn eines Seefahrers, der sich von Kindheit an in das Gesicht des Meeres und seine Gaben verguckte und insbesondere in die Muscheln entlang der K\u00fcste und Inseln Kroatiens, aber auch der Welt. Den Hauptteil des Museumsfundus im Ausstellungsteil umfassen Muscheln von Meeresschnecken, Muscheln und jeweils einige Exemplare anderer Klassen von Weichtieren, Korallen und eine kleine Anzahl andrer Meeresarten. Au\u00dfer Muscheln aus unserem Meer werden auch Muscheln aus anderen Meeren und Ozeanen ausgestellt: Hawaii, Ozeanien, Kalifornien, China, Japan, Karibik, Australien, Madagaskar, Tansania, Philippinen, Indonesien, Rotes Meer, Antarktis und Korallenriffen.<\/p>\n<p>Im Museum befindet sich ebenfalls eine Fossiliensammlung, die parallel mit der Sammlung rezenter Muscheln entstanden ist. Die Fossiliensammlung umfasst Fossilien von Ammoniten, Rudisten, Weichtieren \u2013 Schnecken, Muscheln, Seeigeln, Korallen und Algen. Die meisten stammen aus Mitteldalmatien. Im Umkreis des Museums gibt es eine Sammlung lebender autochthoner Pflanzen aus dem Gebiet des Biokovo-Gebirges. Die Sammlung spiegelt die Blumenwelt dieses Gebiets wider durch alle zw\u00f6lf Monate hindurch. Sie beeindruckt das Auge und ist erf\u00fcllt von Wohlger\u00fcchen und Aromen. Am Institut \u2018Berge und Meer\u2019 werden die Ph\u00e4nologie und Umweltfaktoren einiger Arten beobachten, insbesondere von seltenen Arten und endemischen Pflanzentaxa. Neben ihrer erzieherischen und belehrenden Botschaft animiert die Sammlung dazu, die Pflanzenarten im eigenen Gebiet wertzusch\u00e4tzen und zu bewahren und somit ohne gro\u00dfen materiellen Aufwand autochthone Pflanzen zu z\u00fcchten, was auch g\u00fcnstiger ist als die Z\u00fcchtung fremder Pflanzen, die kostspielig ist und ihre Pflege viel M\u00fche erfordert (z. B. das Anlegen eines englischen Rasens im warmen und trockenen Mittelmeerraum).<\/p>\n<p>Die Spanne der Besucher reicht vom Kindesalter bis zum Hundertj\u00e4hrigen, mit verschiedenen Kenntnissen und Interessen und von verschiedenen L\u00e4ngen- und Breitengraden. Sie bewundern die Bauf\u00e4higkeit von Weichtieren und das Design ihrer Muscheln, ihre Farben, Formen, die inspirierenden Bezeichnungen, die ihnen von Wissenschaftlern gegeben wurden, ihre geographische Verbreitung, die Verwendung von Muscheln im Alltag: als Nahrungsmittel, Schmuck, Geld, \u00d6llampen, Muster in der Kunst, Perlmutt, Perlen&#8230; Die Formen, Strukturen und Farben von Muscheln sowie die Wohlger\u00fcche und Farben autochthoner Pflanzen begeistern beinahe jeden Besucher und regen zum Kennenlernen, zur Wertsch\u00e4tzung und Bewahrung der Natur und Umwelt. F\u00fcr die \u00d6ffentlichkeit wurde das Museum am 30. April 1963 im alten Teil des Franziskanerklosters er\u00f6ffnet, das unter Denkmalschutz steht. Obwohl es mehr als 3000 Exemplare an ausgestellten Muscheln beherbergt, sind im Museum nicht nur Muscheln aus dem Adriatischen Meer zu sehen, sondern auch zahlreiche Arten aus tropischen und subtropischen Meeren, die unter allen Muscheln die attraktivsten Farben und Formen aufweisen.<\/p>\n<p>QUELLE: <a href=\"https:\/\/makarska-info.hr\/\" target=\"_blank\" rel=\"noopener\">https:\/\/makarska-info.hr\/<\/a><\/p>\n<p>\n<\/div><div class=\"kc-image-gallery kc-elm kc-css-179776\">\n<div class=\"kc_image_gallery kc-carousel-image kc-grid \" data-image_masonry=\"yes\">\n<div class=\"item-grid grid-4\"><a href=\"https:\/\/malakoloski-muzej-makarska.eu\/wp-content\/uploads\/2019\/10\/DSC_0436-2.jpg\" target=\"_blank\"><img decoding=\"async\" src=\"https:\/\/malakoloski-muzej-makarska.eu\/wp-content\/uploads\/2019\/10\/DSC_0436-2-600x400xc.jpg\" alt=\"\"\/><div class=\"kc-image-overlay\"><i class=\"fa-search-plus\"><\/i><\/div><\/a><\/div><div class=\"item-grid grid-4\"><a href=\"https:\/\/malakoloski-muzej-makarska.eu\/wp-content\/uploads\/2019\/10\/DSC_0438-1.jpg\" target=\"_blank\"><img decoding=\"async\" src=\"https:\/\/malakoloski-muzej-makarska.eu\/wp-content\/uploads\/2019\/10\/DSC_0438-1-600x400xc.jpg\" alt=\"\"\/><div class=\"kc-image-overlay\"><i class=\"fa-search-plus\"><\/i><\/div><\/a><\/div><div class=\"item-grid grid-4\"><a href=\"https:\/\/malakoloski-muzej-makarska.eu\/wp-content\/uploads\/2019\/10\/DSC_0439-1.jpg\" target=\"_blank\"><img decoding=\"async\" src=\"https:\/\/malakoloski-muzej-makarska.eu\/wp-content\/uploads\/2019\/10\/DSC_0439-1-600x400xc.jpg\" alt=\"\"\/><div class=\"kc-image-overlay\"><i class=\"fa-search-plus\"><\/i><\/div><\/a><\/div><div class=\"item-grid grid-4\"><a href=\"https:\/\/malakoloski-muzej-makarska.eu\/wp-content\/uploads\/2019\/10\/DSC_0443-1.jpg\" target=\"_blank\"><img decoding=\"async\" src=\"https:\/\/malakoloski-muzej-makarska.eu\/wp-content\/uploads\/2019\/10\/DSC_0443-1-600x400xc.jpg\" alt=\"\"\/><div class=\"kc-image-overlay\"><i class=\"fa-search-plus\"><\/i><\/div><\/a><\/div><div class=\"item-grid grid-4\"><a href=\"https:\/\/malakoloski-muzej-makarska.eu\/wp-content\/uploads\/2019\/10\/DSC_0205-1.jpg\" target=\"_blank\"><img decoding=\"async\" src=\"https:\/\/malakoloski-muzej-makarska.eu\/wp-content\/uploads\/2019\/10\/DSC_0205-1-600x400xc.jpg\" alt=\"\"\/><div class=\"kc-image-overlay\"><i class=\"fa-search-plus\"><\/i><\/div><\/a><\/div><div class=\"item-grid grid-4\"><a href=\"https:\/\/malakoloski-muzej-makarska.eu\/wp-content\/uploads\/2019\/10\/DSC_0385-1.jpg\" target=\"_blank\"><img decoding=\"async\" src=\"https:\/\/malakoloski-muzej-makarska.eu\/wp-content\/uploads\/2019\/10\/DSC_0385-1-600x400xc.jpg\" alt=\"\"\/><div class=\"kc-image-overlay\"><i class=\"fa-search-plus\"><\/i><\/div><\/a><\/div><div class=\"item-grid grid-4\"><a href=\"https:\/\/malakoloski-muzej-makarska.eu\/wp-content\/uploads\/2019\/10\/DSC_0389-1.jpg\" target=\"_blank\"><img decoding=\"async\" src=\"https:\/\/malakoloski-muzej-makarska.eu\/wp-content\/uploads\/2019\/10\/DSC_0389-1-600x400xc.jpg\" alt=\"\"\/><div class=\"kc-image-overlay\"><i class=\"fa-search-plus\"><\/i><\/div><\/a><\/div><div class=\"item-grid grid-4\"><a href=\"https:\/\/malakoloski-muzej-makarska.eu\/wp-content\/uploads\/2019\/10\/DSC_0392-1.jpg\" target=\"_blank\"><img decoding=\"async\" src=\"https:\/\/malakoloski-muzej-makarska.eu\/wp-content\/uploads\/2019\/10\/DSC_0392-1-600x400xc.jpg\" alt=\"\"\/><div class=\"kc-image-overlay\"><i class=\"fa-search-plus\"><\/i><\/div><\/a><\/div><div class=\"item-grid grid-4\"><a href=\"https:\/\/malakoloski-muzej-makarska.eu\/wp-content\/uploads\/2019\/10\/DSC_0408-1.jpg\" target=\"_blank\"><img decoding=\"async\" src=\"https:\/\/malakoloski-muzej-makarska.eu\/wp-content\/uploads\/2019\/10\/DSC_0408-1-600x400xc.jpg\" alt=\"\"\/><div class=\"kc-image-overlay\"><i class=\"fa-search-plus\"><\/i><\/div><\/a><\/div><div class=\"item-grid grid-4\"><a href=\"https:\/\/malakoloski-muzej-makarska.eu\/wp-content\/uploads\/2019\/10\/DSC_0419-1.jpg\" target=\"_blank\"><img decoding=\"async\" src=\"https:\/\/malakoloski-muzej-makarska.eu\/wp-content\/uploads\/2019\/10\/DSC_0419-1-600x400xc.jpg\" alt=\"\"\/><div class=\"kc-image-overlay\"><i class=\"fa-search-plus\"><\/i><\/div><\/a><\/div><div class=\"item-grid grid-4\"><a href=\"https:\/\/malakoloski-muzej-makarska.eu\/wp-content\/uploads\/2019\/10\/DSC_0425-1.jpg\" target=\"_blank\"><img decoding=\"async\" src=\"https:\/\/malakoloski-muzej-makarska.eu\/wp-content\/uploads\/2019\/10\/DSC_0425-1-600x400xc.jpg\" alt=\"\"\/><div class=\"kc-image-overlay\"><i class=\"fa-search-plus\"><\/i><\/div><\/a><\/div><\/div>\n<\/div><\/div><\/div><\/div><\/div><\/section>\n","protected":false},"excerpt":{"rendered":"","protected":false},"author":1,"featured_media":0,"parent":0,"menu_order":0,"comment_status":"closed","ping_status":"closed","template":"","meta":{"footnotes":""},"class_list":["post-2410","page","type-page","status-publish","hentry"],"yoast_head":"<!-- This site is optimized with the Yoast SEO plugin v27.2 - https:\/\/yoast.com\/product\/yoast-seo-wordpress\/ -->\n<title>\u00dcber das Museum - Malakologisches Museum Makarska<\/title>\n<meta name=\"description\" content=\"Das Malakologische Museum von Makarska geh\u00f6rt zu den wertvollsten Kultureinrichtungen sowohl der Stadt Makarska als auch des ganzen Landes. Gegr\u00fcndet wurde das Malakologische Museum des Franziskanerklosters im Jahr 1963 von Dr. Frater Jure Radi\u0107\" \/>\n<meta name=\"robots\" content=\"index, follow, max-snippet:-1, max-image-preview:large, max-video-preview:-1\" \/>\n<link rel=\"canonical\" href=\"https:\/\/malakoloski-muzej-makarska.eu\/de\/o-muzeju\/\" \/>\n<meta property=\"og:locale\" content=\"de_DE\" \/>\n<meta property=\"og:type\" content=\"article\" \/>\n<meta property=\"og:title\" content=\"\u00dcber das Museum - Malakologisches Museum Makarska\" \/>\n<meta property=\"og:description\" content=\"Das Malakologische Museum von Makarska geh\u00f6rt zu den wertvollsten Kultureinrichtungen sowohl der Stadt Makarska als auch des ganzen Landes. Gegr\u00fcndet wurde das Malakologische Museum des Franziskanerklosters im Jahr 1963 von Dr. Frater Jure Radi\u0107\" \/>\n<meta property=\"og:url\" content=\"https:\/\/malakoloski-muzej-makarska.eu\/de\/o-muzeju\/\" \/>\n<meta property=\"og:site_name\" content=\"Malakologisches Museum Makarska\" \/>\n<meta property=\"article:modified_time\" content=\"2024-07-01T14:37:06+00:00\" \/>\n<meta property=\"og:image\" content=\"https:\/\/malakoloski-muzej-makarska.eu\/wp-content\/uploads\/2019\/10\/DSC_0436-2-600x400xc.jpg\" \/>\n<meta name=\"twitter:card\" content=\"summary_large_image\" \/>\n<meta name=\"twitter:label1\" content=\"Gesch\u00e4tzte Lesezeit\" \/>\n\t<meta name=\"twitter:data1\" content=\"3\u00a0Minuten\" \/>\n<script type=\"application\/ld+json\" class=\"yoast-schema-graph\">{\"@context\":\"https:\/\/schema.org\",\"@graph\":[{\"@type\":\"WebPage\",\"@id\":\"https:\/\/malakoloski-muzej-makarska.eu\/de\/o-muzeju\/\",\"url\":\"https:\/\/malakoloski-muzej-makarska.eu\/de\/o-muzeju\/\",\"name\":\"\u00dcber das Museum - Malakologisches Museum Makarska\",\"isPartOf\":{\"@id\":\"https:\/\/malakoloski-muzej-makarska.eu\/#website\"},\"primaryImageOfPage\":{\"@id\":\"https:\/\/malakoloski-muzej-makarska.eu\/de\/o-muzeju\/#primaryimage\"},\"image\":{\"@id\":\"https:\/\/malakoloski-muzej-makarska.eu\/de\/o-muzeju\/#primaryimage\"},\"thumbnailUrl\":\"https:\/\/malakoloski-muzej-makarska.eu\/wp-content\/uploads\/2019\/10\/DSC_0436-2-600x400xc.jpg\",\"datePublished\":\"2019-08-06T11:14:16+00:00\",\"dateModified\":\"2024-07-01T14:37:06+00:00\",\"description\":\"Das Malakologische Museum von Makarska geh\u00f6rt zu den wertvollsten Kultureinrichtungen sowohl der Stadt Makarska als auch des ganzen Landes. Gegr\u00fcndet wurde das Malakologische Museum des Franziskanerklosters im Jahr 1963 von Dr. Frater Jure Radi\u0107\",\"breadcrumb\":{\"@id\":\"https:\/\/malakoloski-muzej-makarska.eu\/de\/o-muzeju\/#breadcrumb\"},\"inLanguage\":\"de\",\"potentialAction\":[{\"@type\":\"ReadAction\",\"target\":[\"https:\/\/malakoloski-muzej-makarska.eu\/de\/o-muzeju\/\"]}]},{\"@type\":\"ImageObject\",\"inLanguage\":\"de\",\"@id\":\"https:\/\/malakoloski-muzej-makarska.eu\/de\/o-muzeju\/#primaryimage\",\"url\":\"https:\/\/malakoloski-muzej-makarska.eu\/wp-content\/uploads\/2019\/10\/DSC_0436-2-600x400xc.jpg\",\"contentUrl\":\"https:\/\/malakoloski-muzej-makarska.eu\/wp-content\/uploads\/2019\/10\/DSC_0436-2-600x400xc.jpg\"},{\"@type\":\"BreadcrumbList\",\"@id\":\"https:\/\/malakoloski-muzej-makarska.eu\/de\/o-muzeju\/#breadcrumb\",\"itemListElement\":[{\"@type\":\"ListItem\",\"position\":1,\"name\":\"Home\",\"item\":\"https:\/\/malakoloski-muzej-makarska.eu\/de\/\"},{\"@type\":\"ListItem\",\"position\":2,\"name\":\"\u00dcber das Museum\"}]},{\"@type\":\"WebSite\",\"@id\":\"https:\/\/malakoloski-muzej-makarska.eu\/#website\",\"url\":\"https:\/\/malakoloski-muzej-makarska.eu\/\",\"name\":\"Malakologisches Museum Makarska\",\"description\":\"Malakolo\u0161ki muzej Franjeva\u010dkog samostana u Makarskoj\",\"potentialAction\":[{\"@type\":\"SearchAction\",\"target\":{\"@type\":\"EntryPoint\",\"urlTemplate\":\"https:\/\/malakoloski-muzej-makarska.eu\/?s={search_term_string}\"},\"query-input\":{\"@type\":\"PropertyValueSpecification\",\"valueRequired\":true,\"valueName\":\"search_term_string\"}}],\"inLanguage\":\"de\"}]}<\/script>\n<!-- \/ Yoast SEO plugin. -->","yoast_head_json":{"title":"\u00dcber das Museum - Malakologisches Museum Makarska","description":"Das Malakologische Museum von Makarska geh\u00f6rt zu den wertvollsten Kultureinrichtungen sowohl der Stadt Makarska als auch des ganzen Landes. Gegr\u00fcndet wurde das Malakologische Museum des Franziskanerklosters im Jahr 1963 von Dr. Frater Jure Radi\u0107","robots":{"index":"index","follow":"follow","max-snippet":"max-snippet:-1","max-image-preview":"max-image-preview:large","max-video-preview":"max-video-preview:-1"},"canonical":"https:\/\/malakoloski-muzej-makarska.eu\/de\/o-muzeju\/","og_locale":"de_DE","og_type":"article","og_title":"\u00dcber das Museum - Malakologisches Museum Makarska","og_description":"Das Malakologische Museum von Makarska geh\u00f6rt zu den wertvollsten Kultureinrichtungen sowohl der Stadt Makarska als auch des ganzen Landes. Gegr\u00fcndet wurde das Malakologische Museum des Franziskanerklosters im Jahr 1963 von Dr. Frater Jure Radi\u0107","og_url":"https:\/\/malakoloski-muzej-makarska.eu\/de\/o-muzeju\/","og_site_name":"Malakologisches Museum Makarska","article_modified_time":"2024-07-01T14:37:06+00:00","og_image":[{"url":"https:\/\/malakoloski-muzej-makarska.eu\/wp-content\/uploads\/2019\/10\/DSC_0436-2-600x400xc.jpg","type":"","width":"","height":""}],"twitter_card":"summary_large_image","twitter_misc":{"Gesch\u00e4tzte Lesezeit":"3\u00a0Minuten"},"schema":{"@context":"https:\/\/schema.org","@graph":[{"@type":"WebPage","@id":"https:\/\/malakoloski-muzej-makarska.eu\/de\/o-muzeju\/","url":"https:\/\/malakoloski-muzej-makarska.eu\/de\/o-muzeju\/","name":"\u00dcber das Museum - Malakologisches Museum Makarska","isPartOf":{"@id":"https:\/\/malakoloski-muzej-makarska.eu\/#website"},"primaryImageOfPage":{"@id":"https:\/\/malakoloski-muzej-makarska.eu\/de\/o-muzeju\/#primaryimage"},"image":{"@id":"https:\/\/malakoloski-muzej-makarska.eu\/de\/o-muzeju\/#primaryimage"},"thumbnailUrl":"https:\/\/malakoloski-muzej-makarska.eu\/wp-content\/uploads\/2019\/10\/DSC_0436-2-600x400xc.jpg","datePublished":"2019-08-06T11:14:16+00:00","dateModified":"2024-07-01T14:37:06+00:00","description":"Das Malakologische Museum von Makarska geh\u00f6rt zu den wertvollsten Kultureinrichtungen sowohl der Stadt Makarska als auch des ganzen Landes. Gegr\u00fcndet wurde das Malakologische Museum des Franziskanerklosters im Jahr 1963 von Dr. Frater Jure Radi\u0107","breadcrumb":{"@id":"https:\/\/malakoloski-muzej-makarska.eu\/de\/o-muzeju\/#breadcrumb"},"inLanguage":"de","potentialAction":[{"@type":"ReadAction","target":["https:\/\/malakoloski-muzej-makarska.eu\/de\/o-muzeju\/"]}]},{"@type":"ImageObject","inLanguage":"de","@id":"https:\/\/malakoloski-muzej-makarska.eu\/de\/o-muzeju\/#primaryimage","url":"https:\/\/malakoloski-muzej-makarska.eu\/wp-content\/uploads\/2019\/10\/DSC_0436-2-600x400xc.jpg","contentUrl":"https:\/\/malakoloski-muzej-makarska.eu\/wp-content\/uploads\/2019\/10\/DSC_0436-2-600x400xc.jpg"},{"@type":"BreadcrumbList","@id":"https:\/\/malakoloski-muzej-makarska.eu\/de\/o-muzeju\/#breadcrumb","itemListElement":[{"@type":"ListItem","position":1,"name":"Home","item":"https:\/\/malakoloski-muzej-makarska.eu\/de\/"},{"@type":"ListItem","position":2,"name":"\u00dcber das Museum"}]},{"@type":"WebSite","@id":"https:\/\/malakoloski-muzej-makarska.eu\/#website","url":"https:\/\/malakoloski-muzej-makarska.eu\/","name":"Malakologisches Museum Makarska","description":"Malakolo\u0161ki muzej Franjeva\u010dkog samostana u Makarskoj","potentialAction":[{"@type":"SearchAction","target":{"@type":"EntryPoint","urlTemplate":"https:\/\/malakoloski-muzej-makarska.eu\/?s={search_term_string}"},"query-input":{"@type":"PropertyValueSpecification","valueRequired":true,"valueName":"search_term_string"}}],"inLanguage":"de"}]}},"_links":{"self":[{"href":"https:\/\/malakoloski-muzej-makarska.eu\/de\/wp-json\/wp\/v2\/pages\/2410","targetHints":{"allow":["GET"]}}],"collection":[{"href":"https:\/\/malakoloski-muzej-makarska.eu\/de\/wp-json\/wp\/v2\/pages"}],"about":[{"href":"https:\/\/malakoloski-muzej-makarska.eu\/de\/wp-json\/wp\/v2\/types\/page"}],"author":[{"embeddable":true,"href":"https:\/\/malakoloski-muzej-makarska.eu\/de\/wp-json\/wp\/v2\/users\/1"}],"replies":[{"embeddable":true,"href":"https:\/\/malakoloski-muzej-makarska.eu\/de\/wp-json\/wp\/v2\/comments?post=2410"}],"version-history":[{"count":6,"href":"https:\/\/malakoloski-muzej-makarska.eu\/de\/wp-json\/wp\/v2\/pages\/2410\/revisions"}],"predecessor-version":[{"id":2604,"href":"https:\/\/malakoloski-muzej-makarska.eu\/de\/wp-json\/wp\/v2\/pages\/2410\/revisions\/2604"}],"wp:attachment":[{"href":"https:\/\/malakoloski-muzej-makarska.eu\/de\/wp-json\/wp\/v2\/media?parent=2410"}],"curies":[{"name":"wp","href":"https:\/\/api.w.org\/{rel}","templated":true}]}}