{"id":2425,"date":"2019-08-06T11:15:51","date_gmt":"2019-08-06T11:15:51","guid":{"rendered":"https:\/\/malakoloski-muzej-makarska.eu\/o-samostanu\/"},"modified":"2024-07-01T14:39:14","modified_gmt":"2024-07-01T14:39:14","slug":"o-samostanu","status":"publish","type":"page","link":"https:\/\/malakoloski-muzej-makarska.eu\/de\/o-samostanu\/","title":{"rendered":"\u00dcber das Kloster"},"content":{"rendered":"<section class=\"kc-elm kc-css-712773 kc_row\"><div class=\"kc-row-container  kc-container\"><div class=\"kc-wrap-columns\"><div class=\"kc-elm kc-css-239638 kc_col-sm-12 kc_column kc_col-sm-12\"><div class=\"kc-col-container\"><div class=\"kc-elm kc-css-520804 kc_text_block\"><\/p>\n<p>Die Franziskaner kamen gegen Ende des 15. Jahrhunderts nach Makarska und lie\u00dfen sich au\u00dferhalb der Siedlung bei der Kirche der Heiligen Maria nieder. Ihr Aufenthaltsort wurde im Jahr 1518 zum Kloster erkl\u00e4rt, das im Osmanisch-Venezianischen Krieg (1570-1573) zum Schaden kam, als es die Venezianer 1572 aus milit\u00e4rischen Gr\u00fcnden zerst\u00f6rten, w\u00e4hrend die Kirche anschlie\u00dfend von den T\u00fcrken zerst\u00f6rt wurde. Die Kirche kam erneut im Krieg um Kreta im 17. Jahrhundert zu Schaden, als die T\u00fcrken einen Teil des Klosters mit der Kirche niederbrannten, w\u00e4hrend der andere Teil beim Erdbeben von 1667 besch\u00e4digt wurde.<\/p>\n<p>Dennoch konnten sich die Franziskaner halten und bauten die Klostergeb\u00e4ude nach dem Krieg wieder auf. Bald darauf errichteten sie auch den Fl\u00fcgel zum Meer hin. Im Jahr 1944 beschlagnahmte die kommunistische Regierung den neuen Klosterfl\u00fcgel und einen Teil des \u00e4lteren Klosters und verwandelte es in ein Gesundheitszentrum. Als das Zentrum 1980 in ein neues Geb\u00e4ude im Franziskanergarten (Doc) umzog, wurde das verstaatlichte Geb\u00e4ude vom Unternehmen \u201ePrimorje\u201c \u00fcbernommen. Nach langen Forderungen und nach mehr als einem halben Jahrhundert wurde das Geb\u00e4ude 2002 endlich an das Kloster zur\u00fcckgegeben. Im Erdbeben von 1962 wurde der alte Teil des Klosters besch\u00e4digt, jedoch wieder renoviert. Nach dem Zweiten Weltkrieg waren in Makarska einige Gymnasialklassen untergebracht. Seit 1957 befindet sich das Franziskanische theologische Oberseminar erneut in Makarska.<\/p>\n<p>\n<\/div><div class=\"kc-elm kc-css-48595\" style=\"height: 39px; clear: both; width:100%;\"><\/div><div class=\"kc-elm kc-css-845449 kc_shortcode kc_single_image\">\n\n        <a  href=\"https:\/\/malakoloski-muzej-makarska.eu\/wp-content\/uploads\/2019\/10\/DSC_0205-1.jpg\" title=\"img\" target=\"\">\n        <img decoding=\"async\" src=\"https:\/\/malakoloski-muzej-makarska.eu\/wp-content\/uploads\/2019\/10\/DSC_0205-1.jpg\" class=\"\" alt=\"img\" \/>    <\/a>\n    <\/div>\n<div class=\"kc-elm kc-css-11575\" style=\"height: 39px; clear: both; width:100%;\"><\/div><div class=\"kc-elm kc-css-138926 kc_text_block\"><\/p>\n<p>Im Jahr 1969 wurde das gemeinsame theologische Oberseminar der Franziskanerprovinzen des Allerheiligsten Erl\u00f6sers und des Hl. Hieronymus in Makarska und in Dubrovnik gegr\u00fcndet. Dieses wurde 1971 der Katholischen theologischen Fakult\u00e4t in Zagreb angegliedert. Im Jahr 1999 wurde das Theologische Oberseminar von Makarska mit dem Theologischem Seminar des Erzbistums Splits vereinigt, wodurch die Gr\u00fcndung der Katholischen theologischen Fakult\u00e4t der Universit\u00e4t Split erfolgte.<\/p>\n<p>Professoren aus Makarska waren die Begr\u00fcnder der wissenschaftlichen Zeitschrift Nova revija, dt. Neue Revue, (1922-1944). In der Theologischen Bibliothek ver\u00f6ffentlichten sie eine Reihe von Fachb\u00fcchern. Nach dem Krieg wurde in Makarska die <a href=\"https:\/\/www.franjevci-split.hr\/index.php?option=com_content&amp;view=article&amp;id=19&amp;Itemid=19\" target=\"_blank\" rel=\"noopener\">Redaktion des G\u00f6ttlichen Dienstes und die Bibliothek des G\u00f6ttlichen Dienstes<\/a> gegr\u00fcndet.<\/p>\n<p>In mehreren Jahrhunderten der Existenz des Klosters haben Franziskaner eine Bibliothek angelegt mit rund 5000 B\u00fcchern, 24 Inkunabeln, zahlreichen Zeitschriften und Handschriften. Im Besitz des Klosters befindet sich ebenfalls ein reichhaltiges Archiv, in dem 369 t\u00fcrkische Urkunden aufbewahrt werden. Vor dem Kloster und der Kirche wurde im Jahr 2002 ein Denkmal an den Lehrer-Frater errichtet, ein Werk des akademischen Bildhauers Ante Jurki\u0107. Neben dem Kloster k\u00fcmmerten sich die Franziskaner auch um die Kirche der Heiligen Maria, die wahrscheinlich 1400 erbaut wurde. Erstmals erw\u00e4hnt wurde sie 1502 als T\u00fcrken den Wiederaufbau erlaubten, bei welcher Gelegenheit sie vielleicht auch erweitert wurde.<\/p>\n<p>Quelle: <a href=\"https:\/\/www.franjevci-split.hr\/\" target=\"_blank\" rel=\"noopener\">https:\/\/www.franjevci-split.hr\/<\/a><\/p>\n<p>\n<\/div><\/div><\/div><\/div><\/div><\/section>\n","protected":false},"excerpt":{"rendered":"","protected":false},"author":1,"featured_media":0,"parent":0,"menu_order":0,"comment_status":"closed","ping_status":"closed","template":"","meta":{"footnotes":""},"class_list":["post-2425","page","type-page","status-publish","hentry"],"yoast_head":"<!-- This site is optimized with the Yoast SEO plugin v27.2 - https:\/\/yoast.com\/product\/yoast-seo-wordpress\/ -->\n<title>\u00dcber das Kloster - Malakologisches Museum Makarska<\/title>\n<meta name=\"description\" content=\"Die Franziskaner kamen gegen Ende des 15. Jahrhunderts nach Makarska und lie\u00dfen sich au\u00dferhalb der Siedlung bei der Kirche der Heiligen Maria nieder. Ihr Aufenthaltsort wurde im Jahr 1518 zum Kloster erkl\u00e4rt, das im Osmanisch-Venezianischen Krieg\" \/>\n<meta name=\"robots\" content=\"index, follow, max-snippet:-1, max-image-preview:large, max-video-preview:-1\" \/>\n<link rel=\"canonical\" href=\"https:\/\/malakoloski-muzej-makarska.eu\/de\/o-samostanu\/\" \/>\n<meta property=\"og:locale\" content=\"de_DE\" \/>\n<meta property=\"og:type\" content=\"article\" \/>\n<meta property=\"og:title\" content=\"\u00dcber das Kloster - Malakologisches Museum Makarska\" \/>\n<meta property=\"og:description\" content=\"Die Franziskaner kamen gegen Ende des 15. Jahrhunderts nach Makarska und lie\u00dfen sich au\u00dferhalb der Siedlung bei der Kirche der Heiligen Maria nieder. Ihr Aufenthaltsort wurde im Jahr 1518 zum Kloster erkl\u00e4rt, das im Osmanisch-Venezianischen Krieg\" \/>\n<meta property=\"og:url\" content=\"https:\/\/malakoloski-muzej-makarska.eu\/de\/o-samostanu\/\" \/>\n<meta property=\"og:site_name\" content=\"Malakologisches Museum Makarska\" \/>\n<meta property=\"article:modified_time\" content=\"2024-07-01T14:39:14+00:00\" \/>\n<meta property=\"og:image\" content=\"https:\/\/malakoloski-muzej-makarska.eu\/wp-content\/uploads\/2019\/10\/DSC_0205-1.jpg\" \/>\n<meta name=\"twitter:card\" content=\"summary_large_image\" \/>\n<meta name=\"twitter:label1\" content=\"Gesch\u00e4tzte Lesezeit\" \/>\n\t<meta name=\"twitter:data1\" content=\"2\u00a0Minuten\" \/>\n<script type=\"application\/ld+json\" class=\"yoast-schema-graph\">{\"@context\":\"https:\/\/schema.org\",\"@graph\":[{\"@type\":\"WebPage\",\"@id\":\"https:\/\/malakoloski-muzej-makarska.eu\/de\/o-samostanu\/\",\"url\":\"https:\/\/malakoloski-muzej-makarska.eu\/de\/o-samostanu\/\",\"name\":\"\u00dcber das Kloster - Malakologisches Museum Makarska\",\"isPartOf\":{\"@id\":\"https:\/\/malakoloski-muzej-makarska.eu\/#website\"},\"primaryImageOfPage\":{\"@id\":\"https:\/\/malakoloski-muzej-makarska.eu\/de\/o-samostanu\/#primaryimage\"},\"image\":{\"@id\":\"https:\/\/malakoloski-muzej-makarska.eu\/de\/o-samostanu\/#primaryimage\"},\"thumbnailUrl\":\"https:\/\/malakoloski-muzej-makarska.eu\/wp-content\/uploads\/2019\/10\/DSC_0205-1.jpg\",\"datePublished\":\"2019-08-06T11:15:51+00:00\",\"dateModified\":\"2024-07-01T14:39:14+00:00\",\"description\":\"Die Franziskaner kamen gegen Ende des 15. Jahrhunderts nach Makarska und lie\u00dfen sich au\u00dferhalb der Siedlung bei der Kirche der Heiligen Maria nieder. Ihr Aufenthaltsort wurde im Jahr 1518 zum Kloster erkl\u00e4rt, das im Osmanisch-Venezianischen Krieg\",\"breadcrumb\":{\"@id\":\"https:\/\/malakoloski-muzej-makarska.eu\/de\/o-samostanu\/#breadcrumb\"},\"inLanguage\":\"de\",\"potentialAction\":[{\"@type\":\"ReadAction\",\"target\":[\"https:\/\/malakoloski-muzej-makarska.eu\/de\/o-samostanu\/\"]}]},{\"@type\":\"ImageObject\",\"inLanguage\":\"de\",\"@id\":\"https:\/\/malakoloski-muzej-makarska.eu\/de\/o-samostanu\/#primaryimage\",\"url\":\"https:\/\/malakoloski-muzej-makarska.eu\/wp-content\/uploads\/2019\/10\/DSC_0205-1.jpg\",\"contentUrl\":\"https:\/\/malakoloski-muzej-makarska.eu\/wp-content\/uploads\/2019\/10\/DSC_0205-1.jpg\"},{\"@type\":\"BreadcrumbList\",\"@id\":\"https:\/\/malakoloski-muzej-makarska.eu\/de\/o-samostanu\/#breadcrumb\",\"itemListElement\":[{\"@type\":\"ListItem\",\"position\":1,\"name\":\"Home\",\"item\":\"https:\/\/malakoloski-muzej-makarska.eu\/de\/\"},{\"@type\":\"ListItem\",\"position\":2,\"name\":\"\u00dcber das Kloster\"}]},{\"@type\":\"WebSite\",\"@id\":\"https:\/\/malakoloski-muzej-makarska.eu\/#website\",\"url\":\"https:\/\/malakoloski-muzej-makarska.eu\/\",\"name\":\"Malakologisches Museum Makarska\",\"description\":\"Malakolo\u0161ki muzej Franjeva\u010dkog samostana u Makarskoj\",\"potentialAction\":[{\"@type\":\"SearchAction\",\"target\":{\"@type\":\"EntryPoint\",\"urlTemplate\":\"https:\/\/malakoloski-muzej-makarska.eu\/?s={search_term_string}\"},\"query-input\":{\"@type\":\"PropertyValueSpecification\",\"valueRequired\":true,\"valueName\":\"search_term_string\"}}],\"inLanguage\":\"de\"}]}<\/script>\n<!-- \/ Yoast SEO plugin. -->","yoast_head_json":{"title":"\u00dcber das Kloster - Malakologisches Museum Makarska","description":"Die Franziskaner kamen gegen Ende des 15. Jahrhunderts nach Makarska und lie\u00dfen sich au\u00dferhalb der Siedlung bei der Kirche der Heiligen Maria nieder. Ihr Aufenthaltsort wurde im Jahr 1518 zum Kloster erkl\u00e4rt, das im Osmanisch-Venezianischen Krieg","robots":{"index":"index","follow":"follow","max-snippet":"max-snippet:-1","max-image-preview":"max-image-preview:large","max-video-preview":"max-video-preview:-1"},"canonical":"https:\/\/malakoloski-muzej-makarska.eu\/de\/o-samostanu\/","og_locale":"de_DE","og_type":"article","og_title":"\u00dcber das Kloster - Malakologisches Museum Makarska","og_description":"Die Franziskaner kamen gegen Ende des 15. Jahrhunderts nach Makarska und lie\u00dfen sich au\u00dferhalb der Siedlung bei der Kirche der Heiligen Maria nieder. Ihr Aufenthaltsort wurde im Jahr 1518 zum Kloster erkl\u00e4rt, das im Osmanisch-Venezianischen Krieg","og_url":"https:\/\/malakoloski-muzej-makarska.eu\/de\/o-samostanu\/","og_site_name":"Malakologisches Museum Makarska","article_modified_time":"2024-07-01T14:39:14+00:00","og_image":[{"url":"https:\/\/malakoloski-muzej-makarska.eu\/wp-content\/uploads\/2019\/10\/DSC_0205-1.jpg","type":"","width":"","height":""}],"twitter_card":"summary_large_image","twitter_misc":{"Gesch\u00e4tzte Lesezeit":"2\u00a0Minuten"},"schema":{"@context":"https:\/\/schema.org","@graph":[{"@type":"WebPage","@id":"https:\/\/malakoloski-muzej-makarska.eu\/de\/o-samostanu\/","url":"https:\/\/malakoloski-muzej-makarska.eu\/de\/o-samostanu\/","name":"\u00dcber das Kloster - Malakologisches Museum Makarska","isPartOf":{"@id":"https:\/\/malakoloski-muzej-makarska.eu\/#website"},"primaryImageOfPage":{"@id":"https:\/\/malakoloski-muzej-makarska.eu\/de\/o-samostanu\/#primaryimage"},"image":{"@id":"https:\/\/malakoloski-muzej-makarska.eu\/de\/o-samostanu\/#primaryimage"},"thumbnailUrl":"https:\/\/malakoloski-muzej-makarska.eu\/wp-content\/uploads\/2019\/10\/DSC_0205-1.jpg","datePublished":"2019-08-06T11:15:51+00:00","dateModified":"2024-07-01T14:39:14+00:00","description":"Die Franziskaner kamen gegen Ende des 15. Jahrhunderts nach Makarska und lie\u00dfen sich au\u00dferhalb der Siedlung bei der Kirche der Heiligen Maria nieder. Ihr Aufenthaltsort wurde im Jahr 1518 zum Kloster erkl\u00e4rt, das im Osmanisch-Venezianischen Krieg","breadcrumb":{"@id":"https:\/\/malakoloski-muzej-makarska.eu\/de\/o-samostanu\/#breadcrumb"},"inLanguage":"de","potentialAction":[{"@type":"ReadAction","target":["https:\/\/malakoloski-muzej-makarska.eu\/de\/o-samostanu\/"]}]},{"@type":"ImageObject","inLanguage":"de","@id":"https:\/\/malakoloski-muzej-makarska.eu\/de\/o-samostanu\/#primaryimage","url":"https:\/\/malakoloski-muzej-makarska.eu\/wp-content\/uploads\/2019\/10\/DSC_0205-1.jpg","contentUrl":"https:\/\/malakoloski-muzej-makarska.eu\/wp-content\/uploads\/2019\/10\/DSC_0205-1.jpg"},{"@type":"BreadcrumbList","@id":"https:\/\/malakoloski-muzej-makarska.eu\/de\/o-samostanu\/#breadcrumb","itemListElement":[{"@type":"ListItem","position":1,"name":"Home","item":"https:\/\/malakoloski-muzej-makarska.eu\/de\/"},{"@type":"ListItem","position":2,"name":"\u00dcber das Kloster"}]},{"@type":"WebSite","@id":"https:\/\/malakoloski-muzej-makarska.eu\/#website","url":"https:\/\/malakoloski-muzej-makarska.eu\/","name":"Malakologisches Museum Makarska","description":"Malakolo\u0161ki muzej Franjeva\u010dkog samostana u Makarskoj","potentialAction":[{"@type":"SearchAction","target":{"@type":"EntryPoint","urlTemplate":"https:\/\/malakoloski-muzej-makarska.eu\/?s={search_term_string}"},"query-input":{"@type":"PropertyValueSpecification","valueRequired":true,"valueName":"search_term_string"}}],"inLanguage":"de"}]}},"_links":{"self":[{"href":"https:\/\/malakoloski-muzej-makarska.eu\/de\/wp-json\/wp\/v2\/pages\/2425","targetHints":{"allow":["GET"]}}],"collection":[{"href":"https:\/\/malakoloski-muzej-makarska.eu\/de\/wp-json\/wp\/v2\/pages"}],"about":[{"href":"https:\/\/malakoloski-muzej-makarska.eu\/de\/wp-json\/wp\/v2\/types\/page"}],"author":[{"embeddable":true,"href":"https:\/\/malakoloski-muzej-makarska.eu\/de\/wp-json\/wp\/v2\/users\/1"}],"replies":[{"embeddable":true,"href":"https:\/\/malakoloski-muzej-makarska.eu\/de\/wp-json\/wp\/v2\/comments?post=2425"}],"version-history":[{"count":5,"href":"https:\/\/malakoloski-muzej-makarska.eu\/de\/wp-json\/wp\/v2\/pages\/2425\/revisions"}],"predecessor-version":[{"id":2431,"href":"https:\/\/malakoloski-muzej-makarska.eu\/de\/wp-json\/wp\/v2\/pages\/2425\/revisions\/2431"}],"wp:attachment":[{"href":"https:\/\/malakoloski-muzej-makarska.eu\/de\/wp-json\/wp\/v2\/media?parent=2425"}],"curies":[{"name":"wp","href":"https:\/\/api.w.org\/{rel}","templated":true}]}}