{"id":2437,"date":"2019-08-06T11:16:07","date_gmt":"2019-08-06T11:16:07","guid":{"rendered":"https:\/\/malakoloski-muzej-makarska.eu\/dr-fra-jure-radic\/"},"modified":"2024-07-01T14:26:19","modified_gmt":"2024-07-01T14:26:19","slug":"dr-fra-jure-radic","status":"publish","type":"page","link":"https:\/\/malakoloski-muzej-makarska.eu\/de\/dr-fra-jure-radic\/","title":{"rendered":"Dr. Frater Jure Radi\u0107"},"content":{"rendered":"<p><section class=\"kc-elm kc-css-854024 kc_row\"><div class=\"kc-row-container  kc-container\"><div class=\"kc-wrap-columns\"><div class=\"kc-elm kc-css-925507 kc_col-sm-12 kc_column kc_col-sm-12\"><div class=\"kc-col-container\"><div class=\"kc-elm kc-css-873582 kc_text_block\"><\/p>\n<p>Dr. Frater Jure Radi\u0107 wurde am 28. November 1920 in Ba\u0161ka Voda bei Makarska geboren. Nach der Volksschule im Geburtsort machte er am Klassischen Franziskanergymnasium in Sinj 1940 sein Abitur. Zum Priester geweiht wurde er 1943 in Makarska. Seinen Doktortitel erwarb er 1957 an der Katholischen theologischen Fakult\u00e4t in Zagreb. F\u00fcr kurze Zeit war er Pfarrer in einigen Pfarreien und den gr\u00f6\u00dften Teil seines Lebens verbrachte er auf der Insel Visovac, in Makarska und Zagreb als Erzieher und Professor (90 Semester) von Seminarteilnehmern und Theologen. Er war Guardian (Oberer) und Rektor des Franziskanischen theologischen Oberseminars in Makarska.<\/p>\n<p>Er ist ein global anerkannter Experte auf dem Gebiet der Malakologie, Botanik und \u00d6kologie. Er ist Begr\u00fcnder des Malakologischen Museums, des Instituts \u201cBerge und Meer\u201d und des Biokovo botanischen Gartens Koti\u0161ina in Makarska. Er war Initiator von wissenschaftlichen Tagungen und des wissenschaftlichen Sammelbandes \u201cActa Biokovica\u201d \u00fcber die Natur des Biokovo-Gebirges. Er war Mitarbeiter zahlreicher naturwissenschaftlicher Fachzeitschriften und Editionen, zu welchen er eine wesentliche Zahl an wissenschaftlichen Arbeiten beisteuerte. Er ist Autor, Redakteur, Herausgeber und \u00dcbersetzer zahlreicher fachlicher und wissenschaftlicher Arbeiten auf dem Gebiet der Liturgie und Theologie. Er wirkte an zahlreichen B\u00fcchern mit und ist Autor der B\u00fccher Liturgische Erneuerung bei den Kroaten, Zagreb, 1957 (c), 75; Mein Messbuch, I-III (Betrachtungen), Rijeka, 1957 \u2013 58, 988; Liturgische Erneuerung in Kroatien, Makarska, 1966, 224; Der Schatz des Meeres, Makarska, 1970, 116; Pflanzen des Biokovo-Gebirges, Makarska, 1977, 237; Das Gesicht des Meeres, Makarska, 1991, 94.<\/p>\n<p>Er verstarb \u00fcberraschend am 25. Juli 1990 in Split und wurde auf dem St\u00e4dtischen Friedhof in Makarska beigesetzt.<\/p>\n<p>QUELLE: <a href=\"https:\/\/pp-biokovo.hr\/\" target=\"_blank\" rel=\"noopener\">https:\/\/pp-biokovo.hr\/<\/a><\/p>\n<p>\n<\/div><\/div><\/div><\/div><\/div><\/section><section class=\"kc-elm kc-css-879809 kc_row\"><div class=\"kc-row-container  kc-container\"><div class=\"kc-wrap-columns\"><div class=\"kc-elm kc-css-870752 kc_col-sm-12 kc_column kc_col-sm-12\"><div class=\"kc-col-container\"><div class=\"kc-elm kc-css-766 kc_shortcode kc_single_image\">\n\n        <a  href=\"https:\/\/malakoloski-muzej-makarska.eu\/wp-content\/uploads\/2019\/10\/DSC_0358.jpg\" title=\"\" target=\"\">\n        <img decoding=\"async\" src=\"https:\/\/malakoloski-muzej-makarska.eu\/wp-content\/uploads\/2019\/10\/DSC_0358.jpg\" class=\"\" alt=\"\" \/>    <\/a>\n    <\/div>\n<\/div><\/div><\/div><\/div><\/section><\/p>\n","protected":false},"excerpt":{"rendered":"","protected":false},"author":1,"featured_media":0,"parent":0,"menu_order":0,"comment_status":"closed","ping_status":"closed","template":"","meta":{"footnotes":""},"class_list":["post-2437","page","type-page","status-publish","hentry"],"yoast_head":"<!-- This site is optimized with the Yoast SEO plugin v27.2 - https:\/\/yoast.com\/product\/yoast-seo-wordpress\/ -->\n<title>Dr. Frater Jure Radi\u0107 - Malakologisches Museum Makarska<\/title>\n<meta name=\"description\" content=\"Dr. Frater Jure Radi\u0107 wurde am 28. November 1920 in Ba\u0161ka Voda bei Makarska geboren. Nach der Volksschule im Geburtsort machte er am Klassischen Franziskanergymnasium in Sinj 1940 sein Abitur.\" \/>\n<meta name=\"robots\" content=\"index, follow, max-snippet:-1, max-image-preview:large, max-video-preview:-1\" \/>\n<link rel=\"canonical\" href=\"https:\/\/malakoloski-muzej-makarska.eu\/de\/dr-fra-jure-radic\/\" \/>\n<meta property=\"og:locale\" content=\"de_DE\" \/>\n<meta property=\"og:type\" content=\"article\" \/>\n<meta property=\"og:title\" content=\"Dr. Frater Jure Radi\u0107 - Malakologisches Museum Makarska\" \/>\n<meta property=\"og:description\" content=\"Dr. Frater Jure Radi\u0107 wurde am 28. November 1920 in Ba\u0161ka Voda bei Makarska geboren. Nach der Volksschule im Geburtsort machte er am Klassischen Franziskanergymnasium in Sinj 1940 sein Abitur.\" \/>\n<meta property=\"og:url\" content=\"https:\/\/malakoloski-muzej-makarska.eu\/de\/dr-fra-jure-radic\/\" \/>\n<meta property=\"og:site_name\" content=\"Malakologisches Museum Makarska\" \/>\n<meta property=\"article:modified_time\" content=\"2024-07-01T14:26:19+00:00\" \/>\n<meta property=\"og:image\" content=\"https:\/\/malakoloski-muzej-makarska.eu\/wp-content\/uploads\/2019\/10\/DSC_0358.jpg\" \/>\n<meta name=\"twitter:card\" content=\"summary_large_image\" \/>\n<meta name=\"twitter:label1\" content=\"Gesch\u00e4tzte Lesezeit\" \/>\n\t<meta name=\"twitter:data1\" content=\"2\u00a0Minuten\" \/>\n<script type=\"application\/ld+json\" class=\"yoast-schema-graph\">{\"@context\":\"https:\/\/schema.org\",\"@graph\":[{\"@type\":\"WebPage\",\"@id\":\"https:\/\/malakoloski-muzej-makarska.eu\/de\/dr-fra-jure-radic\/\",\"url\":\"https:\/\/malakoloski-muzej-makarska.eu\/de\/dr-fra-jure-radic\/\",\"name\":\"Dr. Frater Jure Radi\u0107 - Malakologisches Museum Makarska\",\"isPartOf\":{\"@id\":\"https:\/\/malakoloski-muzej-makarska.eu\/#website\"},\"primaryImageOfPage\":{\"@id\":\"https:\/\/malakoloski-muzej-makarska.eu\/de\/dr-fra-jure-radic\/#primaryimage\"},\"image\":{\"@id\":\"https:\/\/malakoloski-muzej-makarska.eu\/de\/dr-fra-jure-radic\/#primaryimage\"},\"thumbnailUrl\":\"https:\/\/malakoloski-muzej-makarska.eu\/wp-content\/uploads\/2019\/10\/DSC_0358.jpg\",\"datePublished\":\"2019-08-06T11:16:07+00:00\",\"dateModified\":\"2024-07-01T14:26:19+00:00\",\"description\":\"Dr. Frater Jure Radi\u0107 wurde am 28. November 1920 in Ba\u0161ka Voda bei Makarska geboren. Nach der Volksschule im Geburtsort machte er am Klassischen Franziskanergymnasium in Sinj 1940 sein Abitur.\",\"breadcrumb\":{\"@id\":\"https:\/\/malakoloski-muzej-makarska.eu\/de\/dr-fra-jure-radic\/#breadcrumb\"},\"inLanguage\":\"de\",\"potentialAction\":[{\"@type\":\"ReadAction\",\"target\":[\"https:\/\/malakoloski-muzej-makarska.eu\/de\/dr-fra-jure-radic\/\"]}]},{\"@type\":\"ImageObject\",\"inLanguage\":\"de\",\"@id\":\"https:\/\/malakoloski-muzej-makarska.eu\/de\/dr-fra-jure-radic\/#primaryimage\",\"url\":\"https:\/\/malakoloski-muzej-makarska.eu\/wp-content\/uploads\/2019\/10\/DSC_0358.jpg\",\"contentUrl\":\"https:\/\/malakoloski-muzej-makarska.eu\/wp-content\/uploads\/2019\/10\/DSC_0358.jpg\"},{\"@type\":\"BreadcrumbList\",\"@id\":\"https:\/\/malakoloski-muzej-makarska.eu\/de\/dr-fra-jure-radic\/#breadcrumb\",\"itemListElement\":[{\"@type\":\"ListItem\",\"position\":1,\"name\":\"Home\",\"item\":\"https:\/\/malakoloski-muzej-makarska.eu\/de\/\"},{\"@type\":\"ListItem\",\"position\":2,\"name\":\"Dr. Frater Jure Radi\u0107\"}]},{\"@type\":\"WebSite\",\"@id\":\"https:\/\/malakoloski-muzej-makarska.eu\/#website\",\"url\":\"https:\/\/malakoloski-muzej-makarska.eu\/\",\"name\":\"Malakologisches Museum Makarska\",\"description\":\"Malakolo\u0161ki muzej Franjeva\u010dkog samostana u Makarskoj\",\"potentialAction\":[{\"@type\":\"SearchAction\",\"target\":{\"@type\":\"EntryPoint\",\"urlTemplate\":\"https:\/\/malakoloski-muzej-makarska.eu\/?s={search_term_string}\"},\"query-input\":{\"@type\":\"PropertyValueSpecification\",\"valueRequired\":true,\"valueName\":\"search_term_string\"}}],\"inLanguage\":\"de\"}]}<\/script>\n<!-- \/ Yoast SEO plugin. -->","yoast_head_json":{"title":"Dr. Frater Jure Radi\u0107 - Malakologisches Museum Makarska","description":"Dr. Frater Jure Radi\u0107 wurde am 28. November 1920 in Ba\u0161ka Voda bei Makarska geboren. Nach der Volksschule im Geburtsort machte er am Klassischen Franziskanergymnasium in Sinj 1940 sein Abitur.","robots":{"index":"index","follow":"follow","max-snippet":"max-snippet:-1","max-image-preview":"max-image-preview:large","max-video-preview":"max-video-preview:-1"},"canonical":"https:\/\/malakoloski-muzej-makarska.eu\/de\/dr-fra-jure-radic\/","og_locale":"de_DE","og_type":"article","og_title":"Dr. Frater Jure Radi\u0107 - Malakologisches Museum Makarska","og_description":"Dr. Frater Jure Radi\u0107 wurde am 28. November 1920 in Ba\u0161ka Voda bei Makarska geboren. Nach der Volksschule im Geburtsort machte er am Klassischen Franziskanergymnasium in Sinj 1940 sein Abitur.","og_url":"https:\/\/malakoloski-muzej-makarska.eu\/de\/dr-fra-jure-radic\/","og_site_name":"Malakologisches Museum Makarska","article_modified_time":"2024-07-01T14:26:19+00:00","og_image":[{"url":"https:\/\/malakoloski-muzej-makarska.eu\/wp-content\/uploads\/2019\/10\/DSC_0358.jpg","type":"","width":"","height":""}],"twitter_card":"summary_large_image","twitter_misc":{"Gesch\u00e4tzte Lesezeit":"2\u00a0Minuten"},"schema":{"@context":"https:\/\/schema.org","@graph":[{"@type":"WebPage","@id":"https:\/\/malakoloski-muzej-makarska.eu\/de\/dr-fra-jure-radic\/","url":"https:\/\/malakoloski-muzej-makarska.eu\/de\/dr-fra-jure-radic\/","name":"Dr. Frater Jure Radi\u0107 - Malakologisches Museum Makarska","isPartOf":{"@id":"https:\/\/malakoloski-muzej-makarska.eu\/#website"},"primaryImageOfPage":{"@id":"https:\/\/malakoloski-muzej-makarska.eu\/de\/dr-fra-jure-radic\/#primaryimage"},"image":{"@id":"https:\/\/malakoloski-muzej-makarska.eu\/de\/dr-fra-jure-radic\/#primaryimage"},"thumbnailUrl":"https:\/\/malakoloski-muzej-makarska.eu\/wp-content\/uploads\/2019\/10\/DSC_0358.jpg","datePublished":"2019-08-06T11:16:07+00:00","dateModified":"2024-07-01T14:26:19+00:00","description":"Dr. Frater Jure Radi\u0107 wurde am 28. November 1920 in Ba\u0161ka Voda bei Makarska geboren. Nach der Volksschule im Geburtsort machte er am Klassischen Franziskanergymnasium in Sinj 1940 sein Abitur.","breadcrumb":{"@id":"https:\/\/malakoloski-muzej-makarska.eu\/de\/dr-fra-jure-radic\/#breadcrumb"},"inLanguage":"de","potentialAction":[{"@type":"ReadAction","target":["https:\/\/malakoloski-muzej-makarska.eu\/de\/dr-fra-jure-radic\/"]}]},{"@type":"ImageObject","inLanguage":"de","@id":"https:\/\/malakoloski-muzej-makarska.eu\/de\/dr-fra-jure-radic\/#primaryimage","url":"https:\/\/malakoloski-muzej-makarska.eu\/wp-content\/uploads\/2019\/10\/DSC_0358.jpg","contentUrl":"https:\/\/malakoloski-muzej-makarska.eu\/wp-content\/uploads\/2019\/10\/DSC_0358.jpg"},{"@type":"BreadcrumbList","@id":"https:\/\/malakoloski-muzej-makarska.eu\/de\/dr-fra-jure-radic\/#breadcrumb","itemListElement":[{"@type":"ListItem","position":1,"name":"Home","item":"https:\/\/malakoloski-muzej-makarska.eu\/de\/"},{"@type":"ListItem","position":2,"name":"Dr. Frater Jure Radi\u0107"}]},{"@type":"WebSite","@id":"https:\/\/malakoloski-muzej-makarska.eu\/#website","url":"https:\/\/malakoloski-muzej-makarska.eu\/","name":"Malakologisches Museum Makarska","description":"Malakolo\u0161ki muzej Franjeva\u010dkog samostana u Makarskoj","potentialAction":[{"@type":"SearchAction","target":{"@type":"EntryPoint","urlTemplate":"https:\/\/malakoloski-muzej-makarska.eu\/?s={search_term_string}"},"query-input":{"@type":"PropertyValueSpecification","valueRequired":true,"valueName":"search_term_string"}}],"inLanguage":"de"}]}},"_links":{"self":[{"href":"https:\/\/malakoloski-muzej-makarska.eu\/de\/wp-json\/wp\/v2\/pages\/2437","targetHints":{"allow":["GET"]}}],"collection":[{"href":"https:\/\/malakoloski-muzej-makarska.eu\/de\/wp-json\/wp\/v2\/pages"}],"about":[{"href":"https:\/\/malakoloski-muzej-makarska.eu\/de\/wp-json\/wp\/v2\/types\/page"}],"author":[{"embeddable":true,"href":"https:\/\/malakoloski-muzej-makarska.eu\/de\/wp-json\/wp\/v2\/users\/1"}],"replies":[{"embeddable":true,"href":"https:\/\/malakoloski-muzej-makarska.eu\/de\/wp-json\/wp\/v2\/comments?post=2437"}],"version-history":[{"count":3,"href":"https:\/\/malakoloski-muzej-makarska.eu\/de\/wp-json\/wp\/v2\/pages\/2437\/revisions"}],"predecessor-version":[{"id":2591,"href":"https:\/\/malakoloski-muzej-makarska.eu\/de\/wp-json\/wp\/v2\/pages\/2437\/revisions\/2591"}],"wp:attachment":[{"href":"https:\/\/malakoloski-muzej-makarska.eu\/de\/wp-json\/wp\/v2\/media?parent=2437"}],"curies":[{"name":"wp","href":"https:\/\/api.w.org\/{rel}","templated":true}]}}