{"id":2470,"date":"2019-08-06T11:15:02","date_gmt":"2019-08-06T11:15:02","guid":{"rendered":"https:\/\/malakoloski-muzej-makarska.eu\/malakoloska-zbirka\/"},"modified":"2024-07-01T14:22:22","modified_gmt":"2024-07-01T14:22:22","slug":"malakoloska-zbirka","status":"publish","type":"page","link":"https:\/\/malakoloski-muzej-makarska.eu\/de\/malakoloska-zbirka\/","title":{"rendered":"Malakologische Sammlung"},"content":{"rendered":"<section class=\"kc-elm kc-css-248638 kc_row\"><div class=\"kc-row-container  kc-container\"><div class=\"kc-wrap-columns\"><div class=\"kc-elm kc-css-892552 kc_col-sm-12 kc_column kc_col-sm-12\"><div class=\"kc-col-container\"><div class=\"kc-elm kc-css-813340 kc_text_block\"><\/p>\n<p>Weichtiere sind eine Gruppe von Tieren, die Schnecken, Muscheln, Kopff\u00fc\u00dfer, Kahnf\u00fc\u00dfer, K\u00e4ferschnecken, Einschaler und Wurmmollusken umfasst. Es handelt sich um eine evolution\u00e4r alte Gruppe, die bereits vor \u00fcber 550 Millionen Jahren eine gro\u00dfe Artenvielfalt aufwies. Mit der Zeit wuchs diese Vielfalt kontinuierlich, so dass heute rund 120.000 lebende und \u00fcber 40.000 ausgestorbene (fossile) Arten von Weichtieren bekannt sind, was diese Gruppe der Anzahl der Arten nach zur zweitgr\u00f6\u00dften gleich nach derjenigen der Insekten macht. Au\u00dfer der Anzahl der Arten nach sind Weichtiere auch im Hinblick auf ihre Form, Farbe, Gr\u00f6\u00dfe und Lebensweise sehr vielf\u00e4ltig. Es gibt sie in einem breiten Spektrum an verschiedenartigen Lebensr\u00e4umen: in Meeren, von den K\u00fcsten bis zu den gr\u00f6\u00dften Tiefen, in S\u00fc\u00dfgew\u00e4ssern und \u00d6kosystemen am Land sowie in unterirdischen Lebensr\u00e4umen. Sie kommen einzig in einigen W\u00fcrsten und in Hochgebirgen jenseits von 5.000 Metern nicht vor.<\/p>\n<p>Die Bedeutung von Weichtieren in nat\u00fcrlichen \u00d6kosystemen ist unermesslich: Sie ern\u00e4hren sich von verschiedenen Nahrungsarten, sie sind Nahrungsquelle f\u00fcr eine Vielzahl anderer Tierarten und sind damit ein wesentlicher Bestandteil des Naturkreislaufs und der Nahrungskette. Auch f\u00fcr den Menschen stellen Weichtiere bereits seit Anbeginn der Menschheit eine Nahrungsquelle dar. Dar\u00fcber hinaus wurden Schalen von Weichtieren f\u00fcr die Herstellung von einfachen Werkezeugen, Verzierungen, Schmuck, aber auch zu verschiedenen rituellen Zwecken verwendet. Es waren die Schalen einiger Weichtierarten, die das \u00e4lteste bekannte Zahlungsmittel bildeten \u2013 den Vorl\u00e4ufer des heutigen Geldes. Heute sind Schalen von Weichtieren Sammlungs- und Forschungsobjekt f\u00fcr tausende von Sammlern auf der ganzen Welt. Grund daf\u00fcr ist ihre gro\u00dfe Vielfalt, Verbreitung und Zug\u00e4nglichkeit, aber auch die Existenz vieler seltener und wenig bekannter Arten. Einige malakologische Sammlungen von Museen in der Welt, aber auch solche privater Sammler umfassen Millionen von Exemplaren. Auch in Kroatien besitzen einige Museen gro\u00dfe malakologische Sammlungen und es gibt auch Sammlungen von Privatsammlern, jedoch ist die Malakologische Sammlung des Franziskanerklosters in Makarska wegen der Art ihrer Entstehung und ihres reichhaltigen Umfangs eine echte Besonderheit.<\/p>\n<p>Die Entstehung der Sammlung begann im Herbst 1959 nach dem Zusammentragen des Materials auf dem Gebiet von Makarska. Das Zusammentragen wurde von Frater Jure Radi\u0107 organisieret, unter Mitarbeit der Ordensschwester Marija Edita \u0160oli\u0107, Frater Frane Carev und anderer Ordensbr\u00fcder aus dem Kloster. Bereits einen Monat sp\u00e4ter wurde die neuentstandene Sammlung zum ersten Mal f\u00fcr die \u00d6ffentlichkeit in den R\u00e4umen der alten Franziskanerkirche ausgestellt. Dank den ortsans\u00e4ssigen Fischern und der sich verbreitenden Nachricht \u00fcber die Entstehung der Sammlung begann diese schnell zu wachsen. Dazu trugen insbesondere eine Vielzahl von Spendern sowie Einzelne aus verschiedenen Teilen der Welt bei, die f\u00fcr Weichtiere aus der Adria im Gegenzug Exemplare aus ihren L\u00e4ndern zukommen lie\u00dfen. Mit dem weiteren Anwachsen der Sammlung entstand auch die Idee, dieser dauerhaft f\u00fcr Besucher auszustellen und so wurde am 30. April 1963 die Dauerausstellung mit dem Namen \u201eMalakologisches Museum\u201c er\u00f6ffnet. Die im Kloster ausgestellte Sammlung wurde bis heute von hunderttausenden Besuchern besichtigt und die Kenntnis \u00fcber diese verbreitete sich auf der ganzen Welt. In ihrem sechzigsten Jahr seit der Erstausstellung erlebte die malakologische Ausstellung eine gr\u00fcndliche Renovierung der Ausstellungsr\u00e4ume, um auch weiterhin als Wissensquelle \u00fcber Natur f\u00fcr Schulkinder und die einheimische Bev\u00f6lkerung zu dienen sowie als obligatorisches Reiseziel fast aller Touristen, die durch Makarska hindurchfahren oder hier ihren Sommerurlaub verbringen. Durch Spenden von Muscheln von Zeit zu Zeit w\u00e4chst die Sammlung weiterhin und wird auch in Zukunft Besuchern zahlreiche Arten von Weichtieren pr\u00e4sentieren k\u00f6nnen, die zuvor nicht ausgestellt wurden. Auch k\u00fcnftig wird, wie seit der Erster\u00f6ffnung, diese Ausstellung ein Ort bleiben, an dem man die Vielfalt und Vollkommenheit eines kleinen Teils der uns umgebenden Natur wird bewundern k\u00f6nnen.<\/p>\n<p>\n<\/div><div class=\"kc-elm kc-css-997658\" style=\"height: 20px; clear: both; width:100%;\"><\/div><div class=\"kc-image-gallery kc-elm kc-css-63854\">\n<div class=\"kc_image_gallery kc-carousel-image kc-grid \">\n<div class=\"item-grid grid-4\"><a href=\"https:\/\/malakoloski-muzej-makarska.eu\/wp-content\/uploads\/2019\/09\/malakoloski_zbirka-1.jpg\" target=\"_blank\"><img decoding=\"async\" src=\"https:\/\/malakoloski-muzej-makarska.eu\/wp-content\/uploads\/2019\/09\/malakoloski_zbirka-1-600x400xc.jpg\" alt=\"\"\/><\/a><\/div><div class=\"item-grid grid-4\"><a href=\"https:\/\/malakoloski-muzej-makarska.eu\/wp-content\/uploads\/2019\/09\/malakoloski_zbirka-2.jpg\" target=\"_blank\"><img decoding=\"async\" src=\"https:\/\/malakoloski-muzej-makarska.eu\/wp-content\/uploads\/2019\/09\/malakoloski_zbirka-2-600x400xc.jpg\" alt=\"\"\/><\/a><\/div><div class=\"item-grid grid-4\"><a href=\"https:\/\/malakoloski-muzej-makarska.eu\/wp-content\/uploads\/2019\/09\/malakoloski_zbirka-3.jpg\" target=\"_blank\"><img decoding=\"async\" src=\"https:\/\/malakoloski-muzej-makarska.eu\/wp-content\/uploads\/2019\/09\/malakoloski_zbirka-3-600x400xc.jpg\" alt=\"\"\/><\/a><\/div><div class=\"item-grid grid-4\"><a href=\"https:\/\/malakoloski-muzej-makarska.eu\/wp-content\/uploads\/2019\/09\/malakoloski_zbirka-4.jpg\" target=\"_blank\"><img decoding=\"async\" src=\"https:\/\/malakoloski-muzej-makarska.eu\/wp-content\/uploads\/2019\/09\/malakoloski_zbirka-4-600x400xc.jpg\" alt=\"\"\/><\/a><\/div><div class=\"item-grid grid-4\"><a href=\"https:\/\/malakoloski-muzej-makarska.eu\/wp-content\/uploads\/2019\/09\/malakoloski_zbirka-5.jpg\" target=\"_blank\"><img decoding=\"async\" src=\"https:\/\/malakoloski-muzej-makarska.eu\/wp-content\/uploads\/2019\/09\/malakoloski_zbirka-5-600x400xc.jpg\" alt=\"\"\/><\/a><\/div><div class=\"item-grid grid-4\"><a href=\"https:\/\/malakoloski-muzej-makarska.eu\/wp-content\/uploads\/2019\/09\/malakoloski_zbirka-6.jpg\" target=\"_blank\"><img decoding=\"async\" src=\"https:\/\/malakoloski-muzej-makarska.eu\/wp-content\/uploads\/2019\/09\/malakoloski_zbirka-6-600x400xc.jpg\" alt=\"\"\/><\/a><\/div><div class=\"item-grid grid-4\"><a href=\"https:\/\/malakoloski-muzej-makarska.eu\/wp-content\/uploads\/2019\/09\/malakoloski_zbirka-7.jpg\" target=\"_blank\"><img decoding=\"async\" src=\"https:\/\/malakoloski-muzej-makarska.eu\/wp-content\/uploads\/2019\/09\/malakoloski_zbirka-7-600x400xc.jpg\" alt=\"\"\/><\/a><\/div><div class=\"item-grid grid-4\"><a href=\"https:\/\/malakoloski-muzej-makarska.eu\/wp-content\/uploads\/2019\/09\/malakoloski_zbirka-8.jpg\" target=\"_blank\"><img decoding=\"async\" src=\"https:\/\/malakoloski-muzej-makarska.eu\/wp-content\/uploads\/2019\/09\/malakoloski_zbirka-8-600x400xc.jpg\" alt=\"\"\/><\/a><\/div><div class=\"item-grid grid-4\"><a href=\"https:\/\/malakoloski-muzej-makarska.eu\/wp-content\/uploads\/2019\/09\/malakoloski_zbirka-9.jpg\" target=\"_blank\"><img decoding=\"async\" src=\"https:\/\/malakoloski-muzej-makarska.eu\/wp-content\/uploads\/2019\/09\/malakoloski_zbirka-9-600x400xc.jpg\" alt=\"\"\/><\/a><\/div><div class=\"item-grid grid-4\"><a href=\"https:\/\/malakoloski-muzej-makarska.eu\/wp-content\/uploads\/2019\/09\/malakoloski_zbirka-10.jpg\" target=\"_blank\"><img decoding=\"async\" src=\"https:\/\/malakoloski-muzej-makarska.eu\/wp-content\/uploads\/2019\/09\/malakoloski_zbirka-10-600x400xc.jpg\" alt=\"\"\/><\/a><\/div><div class=\"item-grid grid-4\"><a href=\"https:\/\/malakoloski-muzej-makarska.eu\/wp-content\/uploads\/2019\/09\/malakoloski_zbirka-11.jpg\" target=\"_blank\"><img decoding=\"async\" src=\"https:\/\/malakoloski-muzej-makarska.eu\/wp-content\/uploads\/2019\/09\/malakoloski_zbirka-11-600x400xc.jpg\" alt=\"\"\/><\/a><\/div><div class=\"item-grid grid-4\"><a href=\"https:\/\/malakoloski-muzej-makarska.eu\/wp-content\/uploads\/2019\/09\/malakoloski_zbirka-12.jpg\" target=\"_blank\"><img decoding=\"async\" src=\"https:\/\/malakoloski-muzej-makarska.eu\/wp-content\/uploads\/2019\/09\/malakoloski_zbirka-12-600x400xc.jpg\" alt=\"\"\/><\/a><\/div><div class=\"item-grid grid-4\"><a href=\"https:\/\/malakoloski-muzej-makarska.eu\/wp-content\/uploads\/2019\/09\/malakoloski_zbirka-13.jpg\" target=\"_blank\"><img decoding=\"async\" src=\"https:\/\/malakoloski-muzej-makarska.eu\/wp-content\/uploads\/2019\/09\/malakoloski_zbirka-13-600x400xc.jpg\" alt=\"\"\/><\/a><\/div><div class=\"item-grid grid-4\"><a href=\"https:\/\/malakoloski-muzej-makarska.eu\/wp-content\/uploads\/2019\/09\/malakoloski_zbirka-14.jpg\" target=\"_blank\"><img decoding=\"async\" src=\"https:\/\/malakoloski-muzej-makarska.eu\/wp-content\/uploads\/2019\/09\/malakoloski_zbirka-14-600x400xc.jpg\" alt=\"\"\/><\/a><\/div><div class=\"item-grid grid-4\"><a href=\"https:\/\/malakoloski-muzej-makarska.eu\/wp-content\/uploads\/2019\/09\/malakoloski_zbirka-15.jpg\" target=\"_blank\"><img decoding=\"async\" src=\"https:\/\/malakoloski-muzej-makarska.eu\/wp-content\/uploads\/2019\/09\/malakoloski_zbirka-15-600x400xc.jpg\" alt=\"\"\/><\/a><\/div><div class=\"item-grid grid-4\"><a href=\"https:\/\/malakoloski-muzej-makarska.eu\/wp-content\/uploads\/2019\/09\/malakoloski_zbirka-16.jpg\" target=\"_blank\"><img decoding=\"async\" src=\"https:\/\/malakoloski-muzej-makarska.eu\/wp-content\/uploads\/2019\/09\/malakoloski_zbirka-16-600x400xc.jpg\" alt=\"\"\/><\/a><\/div><div class=\"item-grid grid-4\"><a href=\"https:\/\/malakoloski-muzej-makarska.eu\/wp-content\/uploads\/2019\/09\/malakoloski_zbirka-17.jpg\" target=\"_blank\"><img decoding=\"async\" src=\"https:\/\/malakoloski-muzej-makarska.eu\/wp-content\/uploads\/2019\/09\/malakoloski_zbirka-17-600x400xc.jpg\" alt=\"\"\/><\/a><\/div><div class=\"item-grid grid-4\"><a href=\"https:\/\/malakoloski-muzej-makarska.eu\/wp-content\/uploads\/2019\/09\/malakoloski_zbirka-18.jpg\" target=\"_blank\"><img decoding=\"async\" src=\"https:\/\/malakoloski-muzej-makarska.eu\/wp-content\/uploads\/2019\/09\/malakoloski_zbirka-18-600x400xc.jpg\" alt=\"\"\/><\/a><\/div><div class=\"item-grid grid-4\"><a href=\"https:\/\/malakoloski-muzej-makarska.eu\/wp-content\/uploads\/2019\/09\/malakoloski_zbirka-1-Copy.jpg\" target=\"_blank\"><img decoding=\"async\" src=\"https:\/\/malakoloski-muzej-makarska.eu\/wp-content\/uploads\/2019\/09\/malakoloski_zbirka-1-Copy-600x400xc.jpg\" alt=\"\"\/><\/a><\/div><\/div>\n<\/div><div class=\"kc-elm kc-css-479158\" style=\"height: 50px; clear: both; width:100%;\"><\/div><div class=\"kc-elm kc-css-496609 kc_text_block\"><\/p>\n<p class=\"MsoNormal\" style=\"text-align: justify; text-indent: 35.4pt;\">Molluscs are an animal group that includes gastropods, bivalves, cephalopods, chitons, scaphopods, monoplacophorans and aplacophorans. They have evolved more than 550 million years ago and even then demonstrated a great diversity. Over time, such diversity has grown to about 120 000 living and over 40 000 extinct molluscs (fossils) recently known, making molluscs, after insects, the most abundant group of animals. In addition to their abundance, molluscs are very diverse in colour, size and lifestyle. They live in a wide variety of habitats: in marine habitats, from shores up to the greatest depths, in aquatic and terrestric ecosystems and in underground habitats. Molluscs are absent in some deserts and on mountains above 5,000 meters asl.<\/p>\n<p class=\"MsoNormal\" style=\"text-align: justify; text-indent: 35.4pt;\">The importance of molluscs in natural ecosystems is immense: they feed on different types of food; they represent a source of food for a large number of other animal species, and therefore represent a key component of food webs in nature. To humans, molluscs are a source of food since the origin of humankind. Molluscs have been used to make simple tools, ornaments, jewellery, but also for various ritual purposes. Shells of some molluscs were the \u201coldest known coins\u201d &#8211; the forerunner of today&#8217;s money. Today, because of their great diversity, variety, distribution, availability and the existence of many rare and less known species, molluscs\u2019 shells are a subject of collecting and research for thousands of collectors and scientists worldwide. Some of the world&#8217;s largest museum collections as well as some private collections contain millions of specimens of molluscs. In Croatia, some museums keep large malacology collections too, but a particular value, due to its origin and richness is the one kept in the Franciscan monastery in Makarska.<\/p>\n<p class=\"MsoNormal\" style=\"text-align: justify; text-indent: 35.4pt;\">The collection originated on shells collected across the shores of Makarska in October 1959. Collecting was first organized by fra Jure Radi\u0107, his associates nun Marija Edita \u0160oli\u0107, fra Frane Carev and other brothers from the monastery. The collection was presented to the public in theold Franciscan church in November 1959. Thanks to the help of local fishermenthe collection started to grow rapidly. Beside donors, many private collectors exchanged specimens from their countries for the Adriatic molluscs. Since April 30<sup>th<\/sup>, 1963 the collection was displayed at the same place as it is today as the permanent exhibition entitled &#8222;Malacological Museum\u201d.<\/p>\n<p class=\"MsoNormal\" style=\"text-align: justify; text-indent: 35.4pt;\">To the present day, hundreds of thousands of visitors have visited the Malacology collection in the monastery, spreading the good voice worldwide. Sixty years from opening, in 2018, the exhibition rooms of the Malacology collection went through restoration and reconstruction, but the exhibition remained the place of education for schoolchildren, locals and tourists that spend their vacation in Makarska. With occasional shell donations, the collection still grows and in the future,it will certainly present a numerous previously un-exhibited molluscs. As well as since its first opening, this permanent exhibition will remain a spot where people can admire the diversity and perfection of this particularpart of nature.<\/p>\n<p class=\"MsoFootnoteText\" style=\"text-align: justify;\">IZVOR: fra Ante \u010covo<\/p>\n<p class=\"MsoNormal\"><a name=\"_GoBack\"><\/a><\/p>\n<p>\n<\/div><\/div><\/div><\/div><\/div><\/section>\n","protected":false},"excerpt":{"rendered":"","protected":false},"author":1,"featured_media":0,"parent":0,"menu_order":0,"comment_status":"closed","ping_status":"closed","template":"","meta":{"footnotes":""},"class_list":["post-2470","page","type-page","status-publish","hentry"],"yoast_head":"<!-- This site is optimized with the Yoast SEO plugin v27.2 - https:\/\/yoast.com\/product\/yoast-seo-wordpress\/ -->\n<title>Malakologische Sammlung - Malakologisches Museum Makarska<\/title>\n<meta name=\"description\" content=\"Weichtiere sind eine Gruppe von Tieren, die Schnecken, Muscheln, Kopff\u00fc\u00dfer, Kahnf\u00fc\u00dfer, K\u00e4ferschnecken, Einschaler und Wurmmollusken umfasst.\" \/>\n<meta name=\"robots\" content=\"index, follow, max-snippet:-1, max-image-preview:large, max-video-preview:-1\" \/>\n<link rel=\"canonical\" href=\"https:\/\/malakoloski-muzej-makarska.eu\/de\/malakoloska-zbirka\/\" \/>\n<meta property=\"og:locale\" content=\"de_DE\" \/>\n<meta property=\"og:type\" content=\"article\" \/>\n<meta property=\"og:title\" content=\"Malakologische Sammlung - Malakologisches Museum Makarska\" \/>\n<meta property=\"og:description\" content=\"Weichtiere sind eine Gruppe von Tieren, die Schnecken, Muscheln, Kopff\u00fc\u00dfer, Kahnf\u00fc\u00dfer, K\u00e4ferschnecken, Einschaler und Wurmmollusken umfasst.\" \/>\n<meta property=\"og:url\" content=\"https:\/\/malakoloski-muzej-makarska.eu\/de\/malakoloska-zbirka\/\" \/>\n<meta property=\"og:site_name\" content=\"Malakologisches Museum Makarska\" \/>\n<meta property=\"article:modified_time\" content=\"2024-07-01T14:22:22+00:00\" \/>\n<meta property=\"og:image\" content=\"https:\/\/malakoloski-muzej-makarska.eu\/wp-content\/uploads\/2019\/09\/malakoloski_zbirka-1-600x400xc.jpg\" \/>\n<meta name=\"twitter:card\" content=\"summary_large_image\" \/>\n<meta name=\"twitter:label1\" content=\"Gesch\u00e4tzte Lesezeit\" \/>\n\t<meta name=\"twitter:data1\" content=\"5\u00a0Minuten\" \/>\n<script type=\"application\/ld+json\" class=\"yoast-schema-graph\">{\"@context\":\"https:\/\/schema.org\",\"@graph\":[{\"@type\":\"WebPage\",\"@id\":\"https:\/\/malakoloski-muzej-makarska.eu\/de\/malakoloska-zbirka\/\",\"url\":\"https:\/\/malakoloski-muzej-makarska.eu\/de\/malakoloska-zbirka\/\",\"name\":\"Malakologische Sammlung - Malakologisches Museum Makarska\",\"isPartOf\":{\"@id\":\"https:\/\/malakoloski-muzej-makarska.eu\/#website\"},\"primaryImageOfPage\":{\"@id\":\"https:\/\/malakoloski-muzej-makarska.eu\/de\/malakoloska-zbirka\/#primaryimage\"},\"image\":{\"@id\":\"https:\/\/malakoloski-muzej-makarska.eu\/de\/malakoloska-zbirka\/#primaryimage\"},\"thumbnailUrl\":\"https:\/\/malakoloski-muzej-makarska.eu\/wp-content\/uploads\/2019\/09\/malakoloski_zbirka-1-600x400xc.jpg\",\"datePublished\":\"2019-08-06T11:15:02+00:00\",\"dateModified\":\"2024-07-01T14:22:22+00:00\",\"description\":\"Weichtiere sind eine Gruppe von Tieren, die Schnecken, Muscheln, Kopff\u00fc\u00dfer, Kahnf\u00fc\u00dfer, K\u00e4ferschnecken, Einschaler und Wurmmollusken umfasst.\",\"breadcrumb\":{\"@id\":\"https:\/\/malakoloski-muzej-makarska.eu\/de\/malakoloska-zbirka\/#breadcrumb\"},\"inLanguage\":\"de\",\"potentialAction\":[{\"@type\":\"ReadAction\",\"target\":[\"https:\/\/malakoloski-muzej-makarska.eu\/de\/malakoloska-zbirka\/\"]}]},{\"@type\":\"ImageObject\",\"inLanguage\":\"de\",\"@id\":\"https:\/\/malakoloski-muzej-makarska.eu\/de\/malakoloska-zbirka\/#primaryimage\",\"url\":\"https:\/\/malakoloski-muzej-makarska.eu\/wp-content\/uploads\/2019\/09\/malakoloski_zbirka-1-600x400xc.jpg\",\"contentUrl\":\"https:\/\/malakoloski-muzej-makarska.eu\/wp-content\/uploads\/2019\/09\/malakoloski_zbirka-1-600x400xc.jpg\"},{\"@type\":\"BreadcrumbList\",\"@id\":\"https:\/\/malakoloski-muzej-makarska.eu\/de\/malakoloska-zbirka\/#breadcrumb\",\"itemListElement\":[{\"@type\":\"ListItem\",\"position\":1,\"name\":\"Home\",\"item\":\"https:\/\/malakoloski-muzej-makarska.eu\/de\/\"},{\"@type\":\"ListItem\",\"position\":2,\"name\":\"Malakologische Sammlung\"}]},{\"@type\":\"WebSite\",\"@id\":\"https:\/\/malakoloski-muzej-makarska.eu\/#website\",\"url\":\"https:\/\/malakoloski-muzej-makarska.eu\/\",\"name\":\"Malakologisches Museum Makarska\",\"description\":\"Malakolo\u0161ki muzej Franjeva\u010dkog samostana u Makarskoj\",\"potentialAction\":[{\"@type\":\"SearchAction\",\"target\":{\"@type\":\"EntryPoint\",\"urlTemplate\":\"https:\/\/malakoloski-muzej-makarska.eu\/?s={search_term_string}\"},\"query-input\":{\"@type\":\"PropertyValueSpecification\",\"valueRequired\":true,\"valueName\":\"search_term_string\"}}],\"inLanguage\":\"de\"}]}<\/script>\n<!-- \/ Yoast SEO plugin. -->","yoast_head_json":{"title":"Malakologische Sammlung - Malakologisches Museum Makarska","description":"Weichtiere sind eine Gruppe von Tieren, die Schnecken, Muscheln, Kopff\u00fc\u00dfer, Kahnf\u00fc\u00dfer, K\u00e4ferschnecken, Einschaler und Wurmmollusken umfasst.","robots":{"index":"index","follow":"follow","max-snippet":"max-snippet:-1","max-image-preview":"max-image-preview:large","max-video-preview":"max-video-preview:-1"},"canonical":"https:\/\/malakoloski-muzej-makarska.eu\/de\/malakoloska-zbirka\/","og_locale":"de_DE","og_type":"article","og_title":"Malakologische Sammlung - Malakologisches Museum Makarska","og_description":"Weichtiere sind eine Gruppe von Tieren, die Schnecken, Muscheln, Kopff\u00fc\u00dfer, Kahnf\u00fc\u00dfer, K\u00e4ferschnecken, Einschaler und Wurmmollusken umfasst.","og_url":"https:\/\/malakoloski-muzej-makarska.eu\/de\/malakoloska-zbirka\/","og_site_name":"Malakologisches Museum Makarska","article_modified_time":"2024-07-01T14:22:22+00:00","og_image":[{"url":"https:\/\/malakoloski-muzej-makarska.eu\/wp-content\/uploads\/2019\/09\/malakoloski_zbirka-1-600x400xc.jpg","type":"","width":"","height":""}],"twitter_card":"summary_large_image","twitter_misc":{"Gesch\u00e4tzte Lesezeit":"5\u00a0Minuten"},"schema":{"@context":"https:\/\/schema.org","@graph":[{"@type":"WebPage","@id":"https:\/\/malakoloski-muzej-makarska.eu\/de\/malakoloska-zbirka\/","url":"https:\/\/malakoloski-muzej-makarska.eu\/de\/malakoloska-zbirka\/","name":"Malakologische Sammlung - Malakologisches Museum Makarska","isPartOf":{"@id":"https:\/\/malakoloski-muzej-makarska.eu\/#website"},"primaryImageOfPage":{"@id":"https:\/\/malakoloski-muzej-makarska.eu\/de\/malakoloska-zbirka\/#primaryimage"},"image":{"@id":"https:\/\/malakoloski-muzej-makarska.eu\/de\/malakoloska-zbirka\/#primaryimage"},"thumbnailUrl":"https:\/\/malakoloski-muzej-makarska.eu\/wp-content\/uploads\/2019\/09\/malakoloski_zbirka-1-600x400xc.jpg","datePublished":"2019-08-06T11:15:02+00:00","dateModified":"2024-07-01T14:22:22+00:00","description":"Weichtiere sind eine Gruppe von Tieren, die Schnecken, Muscheln, Kopff\u00fc\u00dfer, Kahnf\u00fc\u00dfer, K\u00e4ferschnecken, Einschaler und Wurmmollusken umfasst.","breadcrumb":{"@id":"https:\/\/malakoloski-muzej-makarska.eu\/de\/malakoloska-zbirka\/#breadcrumb"},"inLanguage":"de","potentialAction":[{"@type":"ReadAction","target":["https:\/\/malakoloski-muzej-makarska.eu\/de\/malakoloska-zbirka\/"]}]},{"@type":"ImageObject","inLanguage":"de","@id":"https:\/\/malakoloski-muzej-makarska.eu\/de\/malakoloska-zbirka\/#primaryimage","url":"https:\/\/malakoloski-muzej-makarska.eu\/wp-content\/uploads\/2019\/09\/malakoloski_zbirka-1-600x400xc.jpg","contentUrl":"https:\/\/malakoloski-muzej-makarska.eu\/wp-content\/uploads\/2019\/09\/malakoloski_zbirka-1-600x400xc.jpg"},{"@type":"BreadcrumbList","@id":"https:\/\/malakoloski-muzej-makarska.eu\/de\/malakoloska-zbirka\/#breadcrumb","itemListElement":[{"@type":"ListItem","position":1,"name":"Home","item":"https:\/\/malakoloski-muzej-makarska.eu\/de\/"},{"@type":"ListItem","position":2,"name":"Malakologische Sammlung"}]},{"@type":"WebSite","@id":"https:\/\/malakoloski-muzej-makarska.eu\/#website","url":"https:\/\/malakoloski-muzej-makarska.eu\/","name":"Malakologisches Museum Makarska","description":"Malakolo\u0161ki muzej Franjeva\u010dkog samostana u Makarskoj","potentialAction":[{"@type":"SearchAction","target":{"@type":"EntryPoint","urlTemplate":"https:\/\/malakoloski-muzej-makarska.eu\/?s={search_term_string}"},"query-input":{"@type":"PropertyValueSpecification","valueRequired":true,"valueName":"search_term_string"}}],"inLanguage":"de"}]}},"_links":{"self":[{"href":"https:\/\/malakoloski-muzej-makarska.eu\/de\/wp-json\/wp\/v2\/pages\/2470","targetHints":{"allow":["GET"]}}],"collection":[{"href":"https:\/\/malakoloski-muzej-makarska.eu\/de\/wp-json\/wp\/v2\/pages"}],"about":[{"href":"https:\/\/malakoloski-muzej-makarska.eu\/de\/wp-json\/wp\/v2\/types\/page"}],"author":[{"embeddable":true,"href":"https:\/\/malakoloski-muzej-makarska.eu\/de\/wp-json\/wp\/v2\/users\/1"}],"replies":[{"embeddable":true,"href":"https:\/\/malakoloski-muzej-makarska.eu\/de\/wp-json\/wp\/v2\/comments?post=2470"}],"version-history":[{"count":3,"href":"https:\/\/malakoloski-muzej-makarska.eu\/de\/wp-json\/wp\/v2\/pages\/2470\/revisions"}],"predecessor-version":[{"id":2586,"href":"https:\/\/malakoloski-muzej-makarska.eu\/de\/wp-json\/wp\/v2\/pages\/2470\/revisions\/2586"}],"wp:attachment":[{"href":"https:\/\/malakoloski-muzej-makarska.eu\/de\/wp-json\/wp\/v2\/media?parent=2470"}],"curies":[{"name":"wp","href":"https:\/\/api.w.org\/{rel}","templated":true}]}}