{"id":2382,"date":"2018-05-06T02:57:59","date_gmt":"2018-05-06T02:57:59","guid":{"rendered":"https:\/\/malakoloski-muzej-makarska.eu\/home-2\/"},"modified":"2025-04-03T09:27:25","modified_gmt":"2025-04-03T09:27:25","slug":"home-2","status":"publish","type":"page","link":"https:\/\/malakoloski-muzej-makarska.eu\/en\/","title":{"rendered":"Home"},"content":{"rendered":"<p><section data-kc-fullwidth=\"content\" class=\"kc-elm kc-css-60526 kc_row\"><div class=\"kc-row-container\"><div class=\"kc-wrap-columns\"><div class=\"kc-elm kc-css-430542 kc_col-sm-12 kc_column kc_col-sm-12\"><div class=\"kc-col-container\"><!--Main Slider-->\n <section class=\"bg main-slider\">\n        <div class=\"rev_slider_wrapper fullwidthbanner-container\"  id=\"rev_slider_486_1_wrapper\" data-source=\"gallery\">\n            <div class=\"rev_slider fullwidthabanner\" id=\"rev_slider_486_1\" data-version=\"5.4.1\">\n            \n\t\t\t<!-- START homepage 2 REVOLUTION SLIDER 6.5.2 --><p class=\"rs-p-wp-fix\"><\/p>\n\t\t\t<rs-module-wrap id=\"rev_slider_4_1_wrapper\" data-source=\"gallery\" style=\"visibility:hidden;background:transparent;padding:0;\">\n\t\t\t\t<rs-module id=\"rev_slider_4_1\" style=\"\" data-version=\"6.5.2\">\n\t\t\t\t\t<rs-slides>\n\t\t\t\t\t\t<rs-slide data-key=\"rs-15\" data-title=\"Slide\" data-anim=\"e:slidingoverlay;ms:2000;\" data-in=\"o:0;x:-100%;\" data-out=\"a:false;\">\n\t\t\t\t\t\t\t<img decoding=\"async\" src=\"\/\/malakoloski-muzej-makarska.eu\/wp-content\/plugins\/revslider\/public\/assets\/assets\/dummy.png\" title=\"Home\" class=\"rev-slidebg tp-rs-img rs-lazyload\" data-lazyload=\"\/\/malakoloski-muzej-makarska.eu\/wp-content\/uploads\/2019\/10\/DSC_0230.jpg\" data-no-retina>\n<!--\n\t\t\t\t\t\t\t--><rs-layer\n\t\t\t\t\t\t\t\tid=\"slider-4-slide-15-layer-5\" \n\t\t\t\t\t\t\t\tdata-type=\"text\"\n\t\t\t\t\t\t\t\tdata-color=\"#ffffff\"\n\t\t\t\t\t\t\t\tdata-rsp_ch=\"on\"\n\t\t\t\t\t\t\t\tdata-xy=\"x:c;y:c;yo:15px;\"\n\t\t\t\t\t\t\t\tdata-text=\"w:normal;l:84;a:center;\"\n\t\t\t\t\t\t\t\tdata-frame_0=\"y:100%;\"\n\t\t\t\t\t\t\t\tdata-frame_0_mask=\"u:t;y:100%;\"\n\t\t\t\t\t\t\t\tdata-frame_1=\"e:power2.inOut;sp:2000;sR:10;\"\n\t\t\t\t\t\t\t\tdata-frame_1_mask=\"u:t;\"\n\t\t\t\t\t\t\t\tdata-frame_999=\"y:-100%;e:nothing;st:w;sp:1500;sR:6990;\"\n\t\t\t\t\t\t\t\tdata-frame_999_mask=\"u:t;\"\n\t\t\t\t\t\t\t\tstyle=\"z-index:5;font-family:Open Sans;\"\n\t\t\t\t\t\t\t><h1>Malacological Museum<br>Makarska<\/h1> \n\t\t\t\t\t\t\t<\/rs-layer><!--\n\n\t\t\t\t\t\t\t--><rs-layer\n\t\t\t\t\t\t\t\tid=\"slider-4-slide-15-layer-7\" \n\t\t\t\t\t\t\t\tdata-type=\"text\"\n\t\t\t\t\t\t\t\tdata-color=\"#ffffff\"\n\t\t\t\t\t\t\t\tdata-rsp_ch=\"on\"\n\t\t\t\t\t\t\t\tdata-xy=\"x:c;y:c;yo:-100px;\"\n\t\t\t\t\t\t\t\tdata-text=\"s:40;l:40;a:inherit;\"\n\t\t\t\t\t\t\t\tdata-vbility=\"t,t,f,f\"\n\t\t\t\t\t\t\t\tdata-frame_0=\"y:100%;\"\n\t\t\t\t\t\t\t\tdata-frame_0_mask=\"u:t;y:100%;\"\n\t\t\t\t\t\t\t\tdata-frame_1=\"e:power2.inOut;sp:2000;sR:10;\"\n\t\t\t\t\t\t\t\tdata-frame_1_mask=\"u:t;\"\n\t\t\t\t\t\t\t\tdata-frame_999=\"y:-100%;e:nothing;st:w;sp:2000;sR:6990;\"\n\t\t\t\t\t\t\t\tdata-frame_999_mask=\"u:t;\"\n\t\t\t\t\t\t\t\tstyle=\"z-index:6;font-family:Open Sans;\"\n\t\t\t\t\t\t\t><p style=\"font-size:24px;\">WELCOME!<\/p> \n\t\t\t\t\t\t\t<\/rs-layer><!--\n-->\t\t\t\t\t\t<\/rs-slide>\n\t\t\t\t\t<\/rs-slides>\n\t\t\t\t<\/rs-module>\n\t\t\t\t<script type=\"text\/javascript\">\n\t\t\t\t\tsetREVStartSize({c: 'rev_slider_4_1',rl:[1240,1024,778,480],el:[990],gw:[1240],gh:[990],type:'standard',justify:'',layout:'fullscreen',offsetContainer:'',offset:'',mh:\"0\"});\n\t\t\t\t<\/script>\n\t\t\t<\/rs-module-wrap>\n\t\t\t<!-- END REVOLUTION SLIDER -->\n        <\/div>\n    <\/div>\n<\/section>\n<!--End Main Slider-->\n<\/div><\/div><\/div><\/div><\/section><section class=\"kc-elm kc-css-991386 kc_row\"><div class=\"kc-row-container  kc-container\"><div class=\"kc-wrap-columns\"><div class=\"kc-elm kc-css-902279 kc_col-of-5 kc_column kc_col-of-5\"><div class=\"kc-col-container\"><\/div><\/div><div class=\"kc-elm kc-css-273517 kc_col-sm-7 kc_column kc_col-sm-7\"><div class=\"kc-col-container\"><div class=\"kc-elm kc-css-671697\" style=\"height: 50px; clear: both; width:100%;\"><\/div><div class=\"kc-elm kc-css-798003 kc_text_block\"><\/p>\n<p>The Malacological Museum of the Franciscan Monastery in Makarska was opened to the public on 30 April 1963 in the old part of the Franciscan Monastery, which is a protected cultural monument. It contains more than 3000 specimens of exposed shells. In the museum you can see not only the shells of the Adriatic Sea, but also many species from tropical and subtropical seas, which also have the most attractive colours and shapes among all the shells.<\/p>\n<p>\n<\/div><div class=\"kc-elm kc-css-334426\" style=\"height: 29px; clear: both; width:100%;\"><\/div>\n<div class=\"kc-elm kc-css-187628\">\n\t<a class=\"kc_button\" href=\"\/en\/o-muzeju\/\" target=\"_self\" title=\"Read more\" onclick=\"\">\n\t\tRead more\t<\/a>\n<\/div>\n<div class=\"kc-elm kc-css-817156\" style=\"height: 50px; clear: both; width:100%;\"><\/div><\/div><\/div><div class=\"kc-elm kc-css-74551 kc_col-of-5 kc_column kc_col-of-5\"><div class=\"kc-col-container\"><\/div><\/div><\/div><\/div><\/section><section data-kc-fullwidth=\"content\" class=\"kc-elm kc-css-245015 kc_row\"><div class=\"kc-row-container\"><div class=\"kc-wrap-columns\"><div class=\"kc-elm kc-css-944969 kc_col-sm-12 kc_column kc_col-sm-12\"><div class=\"kc-col-container\">  <!-- History Section -->\n    <section class=\" history-section\">\n        <div class=\"outer-container clearfix\">\n            <!--Content Column-->\n            <div class=\"content-column\">\n                <div class=\"inner-box\">\n                    <div class=\"sec-title\">\n                        <span class=\"title\"><\/span>\n                        <h2>About the museum<\/h2>\n                    <\/div>\n                    <div class=\"text\">\n                        <p>The Makarska Malacological Museum is one of the most valuable cultural institutions, both in the city of Makarska and the entire country. The Malacological Museum of the Franciscan Monastery was founded in 1963 by Dr. Fra. Jure Radi\u0107 with an attractive exhibition of shellfish from the Adriatic and the entire world. In addition to a valuable and rich seashell collection, Dr. fra Jure Radi\u0107 also preserved a valuable herbarium of plants from the Biokovo mountain as well as smaller palaeontological collections. The founder of the museum was the son of a sailor, who since childhood gazed at the sea and its gifts, especially shells along the coast and islands of Croatia, as well as the world. The majority of the museum's holdings in the exhibition area are shells of sea snails, shellfish and several specimens from other classes of molluscs, as well as corals and a small number of other marine species. In addition to shellfish from our sea, the exhibition includes shells from other seas and oceans: Hawaii, Oceania, California, China, Japan, the Caribbean, Australia, Madagascar, Tanzania, the Philippines, Indonesia, the Red Sea, Antarctica and the Coral Barrier.<\/p>\n                    <\/div>\n                <\/div>\n            <\/div>\n\n            <!--Image Column-->\n            <div class=\"image-column\" style=\"background-image:url(http:\/\/malakoloski-muzej-makarska.eu\/wp-content\/uploads\/2019\/09\/malakoloski_zbirka-11.jpg);\">\n                <figure class=\"image-box\"><img decoding=\"async\" src=\"\" alt=\"Image\"><\/figure>\n            <\/div>\n        <\/div>\n    <\/section>\n    <!-- End History Section --><\/div><\/div><\/div><\/div><\/section><section id=\"izdvojeno\" data-kc-fullwidth=\"content\" class=\"kc-elm kc-css-52291 kc_row\"><div class=\"kc-row-container\"><div class=\"kc-wrap-columns\"><div class=\"kc-elm kc-css-577222 kc_col-sm-4 kc_column kc_col-sm-4\"><div class=\"kc-col-container\"><div class=\"kc-elm kc-css-761634 kc_shortcode kc_single_image\">\n\n        <a  href=\"\/malakoloska-kolekcija\/\" title=\"Malakolo\u0161ka kolekcija\" target=\"_self\">\n        <img decoding=\"async\" src=\"https:\/\/malakoloski-muzej-makarska.eu\/wp-content\/uploads\/2019\/09\/main.jpg\" class=\"\" alt=\"\" \/><div class=\"kc-image-overlay\"><i class=\"flaticon-circles\"><\/i><\/div>    <\/a>\n    <\/div>\n<div class=\"kc-elm kc-css-488472 kc_text_block\"><\/p>\n<h3 style=\"text-align: center;\">Malakolo\u0161ka zbirka<\/h3>\n<p>\n<\/div><\/div><\/div><div class=\"kc-elm kc-css-891238 kc_col-sm-4 kc_column kc_col-sm-4\"><div class=\"kc-col-container\"><div class=\"kc-elm kc-css-867105 kc_shortcode kc_single_image\">\n\n        <a  href=\"\/herbarij-bilja\/\" title=\"Herbarij bilja\" target=\"_self\">\n        <img decoding=\"async\" src=\"https:\/\/malakoloski-muzej-makarska.eu\/wp-content\/uploads\/2019\/09\/main.jpg\" class=\"\" alt=\"\" \/><div class=\"kc-image-overlay\"><i class=\"flaticon-circles\"><\/i><\/div>    <\/a>\n    <\/div>\n<div class=\"kc-elm kc-css-845908 kc_text_block\"><\/p>\n<h3 style=\"text-align: center;\">Herbarij bilja<\/h3>\n<p>\n<\/div><\/div><\/div><div class=\"kc-elm kc-css-620287 kc_col-sm-4 kc_column kc_col-sm-4\"><div class=\"kc-col-container\"><div class=\"kc-elm kc-css-455192 kc_shortcode kc_single_image\">\n\n        <a  href=\"\/paleontoloska-kolekcija\/\" title=\"Paleontolo\u0161ka kolekcija\" target=\"_self\">\n        <img decoding=\"async\" src=\"https:\/\/malakoloski-muzej-makarska.eu\/wp-content\/uploads\/2019\/09\/main.jpg\" class=\"\" alt=\"\" \/><div class=\"kc-image-overlay\"><i class=\"flaticon-circles\"><\/i><\/div>    <\/a>\n    <\/div>\n<div class=\"kc-elm kc-css-601199 kc_text_block\"><\/p>\n<h3 style=\"text-align: center;\">Paleontolo\u0161ka kolekcija<\/h3>\n<p>\n<\/div><\/div><\/div><\/div><\/div><\/section><section data-kc-fullwidth=\"row\" data-kc-parallax=\"true\" class=\"kc-elm kc-css-464129 kc_row\" style=\"background-image:url(&#039;&#039;);\"><div class=\"kc-row-container  kc-container\"><div class=\"kc-wrap-columns\"><div class=\"kc-elm kc-css-379525 kc_col-sm-12 kc_column kc_col-sm-12\"><div class=\"kc-col-container\">\n<div class=\"kc-elm kc-css-554591\">\n\t<a class=\"kc_button\" href=\"\/en\/malakoloska-zbirka\/\" target=\"_self\" title=\"Malacological collection\" onclick=\"\">\n\t\tMalacological collection\t<\/a>\n<\/div>\n<\/div><\/div><\/div><\/div><\/section><section class=\"kc-elm kc-css-726351 kc_row\"><div class=\"kc-row-container  kc-container\"><div class=\"kc-wrap-columns\"><div class=\"kc-elm kc-css-815366 kc_col-sm-12 kc_column kc_col-sm-12\"><div class=\"kc-col-container\">\n   <!-- Fun Fact Section -->\n    <section class=\"dw fun-fact-section\">\n        <div class=\"auto-container\">\n            <div class=\"sec-title\">\n                <span class=\"title\"><\/span>\n                <h2>Did you know?<\/h2>\n            <\/div>\n\n            <div class=\"row clearfix\">\n                <div class=\"content-column col-md-6 col-sm-12 col-xs-12\">\n                    <div class=\"inner-column\">\n                        <div class=\"text\">\n                            <p><\/p>\n                        <\/div>\n                        <div class=\"row clearfix\">\n                            \n\t\t\t\t\t\t\t\t\t\t\t\t\t\t\n\t\t\t\t\t\t\t<div class=\"fact-column col-md-6 col-sm-6 col-xs-12\">\n                                <div class=\"inner\">\n                                    <div class=\"icon-box\"><span class=\"fa-check\"><\/span><\/div>\n                                    <h4><a href=\"\">The Franciscan monastery in Makarska was founded in 1518<\/a><\/h4>\n                                <\/div>\n                            <\/div>\n\n\t\t\t\t\t\t\t\t\t\t\t\t\t\t\n\t\t\t\t\t\t\t<div class=\"fact-column col-md-6 col-sm-6 col-xs-12\">\n                                <div class=\"inner\">\n                                    <div class=\"icon-box\"><span class=\"fa-check\"><\/span><\/div>\n                                    <h4><a href=\"\">The Malacological Museum was founded by Dr. fra Jure Radi\u0107 in 1963<\/a><\/h4>\n                                <\/div>\n                            <\/div>\n\n\t\t\t\t\t\t\t\t\t\t\t\t\t\t\n\t\t\t\t\t\t\t<div class=\"fact-column col-md-6 col-sm-6 col-xs-12\">\n                                <div class=\"inner\">\n                                    <div class=\"icon-box\"><span class=\"fa-check\"><\/span><\/div>\n                                    <h4><a href=\"\">Over 3,000 shells are on display<\/a><\/h4>\n                                <\/div>\n                            <\/div>\n\n\t\t\t\t\t\t\t\t\t\t\t\t\t\t\n\t\t\t\t\t\t\t<div class=\"fact-column col-md-6 col-sm-6 col-xs-12\">\n                                <div class=\"inner\">\n                                    <div class=\"icon-box\"><span class=\"fa-check\"><\/span><\/div>\n                                    <h4><a href=\"\">The museum houses a fossil collection of ammonites, rudists, molluscs and algae<\/a><\/h4>\n                                <\/div>\n                            <\/div>\n\n\t\t\t\t\t\t\t                        <\/div>\n                    <\/div>\n                <\/div>\n\n                <div class=\"video-column col-md-6 col-sm-12 col-xs-12\">\n                    <div class=\"inner-column\">\n                        <div class=\"video-box\">\n                            <figure class=\"image\">\n                                <img decoding=\"async\" src=\"http:\/\/malakoloski-muzej-makarska.eu\/wp-content\/uploads\/2019\/10\/Untitled-1-1024x575.jpg\" alt=\"Image\">\n                                <a href=\"https:\/\/youtu.be\/jC73ohrcaGc\" class=\"link\" data-fancybox=\"gallery\" data-caption=\"\"><span class=\"icon fa fa-play\"><\/span><\/a>\n                                <div class=\"caption-box\">\n                                    <h3>The Monastery and the Museum from air<\/h3>\n                                <\/div>\n                            <\/figure>\n                        <\/div>\n                    <\/div>\n                <\/div>\n            <\/div>\n        <\/div>\n    <\/section>\n    <!-- End Fun Fact Section -->\n<\/div><\/div><\/div><\/div><\/section><section data-kc-fullwidth=\"content\" class=\"kc-elm kc-css-12496 kc_row\"><div class=\"kc-row-container\"><div class=\"kc-wrap-columns\"><div class=\"kc-elm kc-css-698179 kc_col-sm-12 kc_column kc_col-sm-12\"><div class=\"kc-col-container\"><div class=\"kc-image-gallery kc-elm kc-css-352371 kc-animated kc-animate-eff-fadeIn\">\n<div class=\"kc_image_gallery kc-carousel-image kc-grid \">\n<div class=\"item-grid grid-4\"><a class=\"kc-image-link kc-pretty-photo\" data-lightbox=\"kc-lightbox\" rel=\"kc-pretty-photo[22125296]\" href=\"https:\/\/malakoloski-muzej-makarska.eu\/wp-content\/uploads\/2020\/06\/DSC_0205.jpg\"><img decoding=\"async\" src=\"https:\/\/malakoloski-muzej-makarska.eu\/wp-content\/uploads\/2020\/06\/DSC_0205.jpg\" alt=\"\"\/><\/a><\/div><div class=\"item-grid grid-4\"><a class=\"kc-image-link kc-pretty-photo\" data-lightbox=\"kc-lightbox\" rel=\"kc-pretty-photo[22125296]\" href=\"https:\/\/malakoloski-muzej-makarska.eu\/wp-content\/uploads\/2020\/06\/DSC_0250-1.jpg\"><img decoding=\"async\" src=\"https:\/\/malakoloski-muzej-makarska.eu\/wp-content\/uploads\/2020\/06\/DSC_0250-1.jpg\" alt=\"\"\/><\/a><\/div><div class=\"item-grid grid-4\"><a class=\"kc-image-link kc-pretty-photo\" data-lightbox=\"kc-lightbox\" rel=\"kc-pretty-photo[22125296]\" href=\"https:\/\/malakoloski-muzej-makarska.eu\/wp-content\/uploads\/2020\/06\/DSC_0325.jpg\"><img decoding=\"async\" src=\"https:\/\/malakoloski-muzej-makarska.eu\/wp-content\/uploads\/2020\/06\/DSC_0325.jpg\" alt=\"\"\/><\/a><\/div><div class=\"item-grid grid-4\"><a class=\"kc-image-link kc-pretty-photo\" data-lightbox=\"kc-lightbox\" rel=\"kc-pretty-photo[22125296]\" href=\"https:\/\/malakoloski-muzej-makarska.eu\/wp-content\/uploads\/2020\/06\/DSC_0417.jpg\"><img decoding=\"async\" src=\"https:\/\/malakoloski-muzej-makarska.eu\/wp-content\/uploads\/2020\/06\/DSC_0417.jpg\" alt=\"\"\/><\/a><\/div><div class=\"item-grid grid-4\"><a class=\"kc-image-link kc-pretty-photo\" data-lightbox=\"kc-lightbox\" rel=\"kc-pretty-photo[22125296]\" href=\"https:\/\/malakoloski-muzej-makarska.eu\/wp-content\/uploads\/2020\/06\/DSC_0354.jpg\"><img decoding=\"async\" src=\"https:\/\/malakoloski-muzej-makarska.eu\/wp-content\/uploads\/2020\/06\/DSC_0354.jpg\" alt=\"\"\/><\/a><\/div><div class=\"item-grid grid-4\"><a class=\"kc-image-link kc-pretty-photo\" data-lightbox=\"kc-lightbox\" rel=\"kc-pretty-photo[22125296]\" href=\"https:\/\/malakoloski-muzej-makarska.eu\/wp-content\/uploads\/2020\/06\/DSC_0282-1.jpg\"><img decoding=\"async\" src=\"https:\/\/malakoloski-muzej-makarska.eu\/wp-content\/uploads\/2020\/06\/DSC_0282-1.jpg\" alt=\"\"\/><\/a><\/div><div class=\"item-grid grid-4\"><a class=\"kc-image-link kc-pretty-photo\" data-lightbox=\"kc-lightbox\" rel=\"kc-pretty-photo[22125296]\" href=\"https:\/\/malakoloski-muzej-makarska.eu\/wp-content\/uploads\/2020\/06\/DSC_0435.jpg\"><img decoding=\"async\" src=\"https:\/\/malakoloski-muzej-makarska.eu\/wp-content\/uploads\/2020\/06\/DSC_0435.jpg\" alt=\"\"\/><\/a><\/div><div class=\"item-grid grid-4\"><a class=\"kc-image-link kc-pretty-photo\" data-lightbox=\"kc-lightbox\" rel=\"kc-pretty-photo[22125296]\" href=\"https:\/\/malakoloski-muzej-makarska.eu\/wp-content\/uploads\/2020\/06\/DSC_0424.jpg\"><img decoding=\"async\" src=\"https:\/\/malakoloski-muzej-makarska.eu\/wp-content\/uploads\/2020\/06\/DSC_0424.jpg\" alt=\"\"\/><\/a><\/div><\/div>\n<\/div><\/div><\/div><\/div><\/div><\/section><section data-kc-fullwidth=\"row\" class=\"kc-elm kc-css-465755 kc_row\"><div class=\"kc-row-container  kc-container\"><div class=\"kc-wrap-columns\"><div class=\"kc-elm kc-css-862086 kc_col-sm-12 kc_column kc_col-sm-12\"><div class=\"kc-col-container\">\n   <!--Clients Section-->\n    <section class=\" clients-section\">\n        <div class=\"sponsors-outer\">\n            <!--Sponsors Carousel-->\n            <ul class=\"sponsors-carousel owl-carousel owl-theme\">\n                \n\t\t\t\t\t\t\t\t\n\t\t\t\t<li class=\"slide-item\"><figure class=\"image-box\"><a href=\"https:\/\/www.dalmacija.hr\/\"><img decoding=\"async\" src=\"https:\/\/malakoloski-muzej-makarska.eu\/wp-content\/uploads\/2019\/09\/sdz-1.jpg\" alt=\"Image\"><\/a><\/figure><\/li>\n                \n\t\t\t\t\t\t\t\t\n\t\t\t\t<li class=\"slide-item\"><figure class=\"image-box\"><a href=\"https:\/\/makarska-info.hr\"><img decoding=\"async\" src=\"https:\/\/malakoloski-muzej-makarska.eu\/wp-content\/uploads\/2019\/09\/tzma.jpg\" alt=\"Image\"><\/a><\/figure><\/li>\n                \n\t\t\t\t\t\t\t\t\n\t\t\t\t<li class=\"slide-item\"><figure class=\"image-box\"><a href=\"https:\/\/makarska.hr\/\"><img decoding=\"async\" src=\"https:\/\/malakoloski-muzej-makarska.eu\/wp-content\/uploads\/2019\/10\/ff1c6de4c0c79e525090-1.png\" alt=\"Image\"><\/a><\/figure><\/li>\n                \n\t\t\t\t            <\/ul>\n        <\/div>\n    <\/section>\n    <!--End Clients Section-->\n<\/div><\/div><\/div><\/div><\/section><\/p>\n","protected":false},"excerpt":{"rendered":"","protected":false},"author":1,"featured_media":0,"parent":0,"menu_order":0,"comment_status":"closed","ping_status":"closed","template":"tpl-king-composer.php","meta":{"footnotes":""},"class_list":["post-2382","page","type-page","status-publish","hentry"],"yoast_head":"<!-- This site is optimized with the Yoast SEO plugin v27.2 - https:\/\/yoast.com\/product\/yoast-seo-wordpress\/ -->\n<title>Malacological Museum of the Franciscan Monastery, Makarska<\/title>\n<meta name=\"description\" content=\"The Malacological Museum in Makarska was opened in 1963 in the Franciscan Monastery. Contains more than 3000 specimens of exposed shells.\" \/>\n<meta name=\"robots\" content=\"index, follow, max-snippet:-1, max-image-preview:large, max-video-preview:-1\" \/>\n<link rel=\"canonical\" href=\"https:\/\/malakoloski-muzej-makarska.eu\/en\/\" \/>\n<meta property=\"og:locale\" content=\"en_US\" \/>\n<meta property=\"og:type\" content=\"article\" \/>\n<meta property=\"og:title\" content=\"Malacological Museum of the Franciscan Monastery, Makarska\" \/>\n<meta property=\"og:description\" content=\"The Malacological Museum in Makarska was opened in 1963 in the Franciscan Monastery. Contains more than 3000 specimens of exposed shells.\" \/>\n<meta property=\"og:url\" content=\"https:\/\/malakoloski-muzej-makarska.eu\/en\/\" \/>\n<meta property=\"og:site_name\" content=\"Malakolo\u0161ki Muzej Makarska\" \/>\n<meta property=\"article:modified_time\" content=\"2025-04-03T09:27:25+00:00\" \/>\n<meta property=\"og:image\" content=\"http:\/\/malakoloski-muzej-makarska.eu\/wp-content\/uploads\/2019\/10\/Untitled-1-1024x575.jpg\" \/>\n<meta name=\"twitter:card\" content=\"summary_large_image\" \/>\n<meta name=\"twitter:label1\" content=\"Est. reading time\" \/>\n\t<meta name=\"twitter:data1\" content=\"2 minutes\" \/>\n<script type=\"application\/ld+json\" class=\"yoast-schema-graph\">{\"@context\":\"https:\/\/schema.org\",\"@graph\":[{\"@type\":\"WebPage\",\"@id\":\"https:\/\/malakoloski-muzej-makarska.eu\/en\/\",\"url\":\"https:\/\/malakoloski-muzej-makarska.eu\/en\/\",\"name\":\"Malacological Museum of the Franciscan Monastery, Makarska\",\"isPartOf\":{\"@id\":\"https:\/\/malakoloski-muzej-makarska.eu\/#website\"},\"primaryImageOfPage\":{\"@id\":\"https:\/\/malakoloski-muzej-makarska.eu\/en\/#primaryimage\"},\"image\":{\"@id\":\"https:\/\/malakoloski-muzej-makarska.eu\/en\/#primaryimage\"},\"thumbnailUrl\":\"http:\/\/malakoloski-muzej-makarska.eu\/wp-content\/uploads\/2019\/10\/Untitled-1-1024x575.jpg\",\"datePublished\":\"2018-05-06T02:57:59+00:00\",\"dateModified\":\"2025-04-03T09:27:25+00:00\",\"description\":\"The Malacological Museum in Makarska was opened in 1963 in the Franciscan Monastery. Contains more than 3000 specimens of exposed shells.\",\"breadcrumb\":{\"@id\":\"https:\/\/malakoloski-muzej-makarska.eu\/en\/#breadcrumb\"},\"inLanguage\":\"en-US\",\"potentialAction\":[{\"@type\":\"ReadAction\",\"target\":[\"https:\/\/malakoloski-muzej-makarska.eu\/en\/\"]}]},{\"@type\":\"ImageObject\",\"inLanguage\":\"en-US\",\"@id\":\"https:\/\/malakoloski-muzej-makarska.eu\/en\/#primaryimage\",\"url\":\"http:\/\/malakoloski-muzej-makarska.eu\/wp-content\/uploads\/2019\/10\/Untitled-1-1024x575.jpg\",\"contentUrl\":\"http:\/\/malakoloski-muzej-makarska.eu\/wp-content\/uploads\/2019\/10\/Untitled-1-1024x575.jpg\"},{\"@type\":\"BreadcrumbList\",\"@id\":\"https:\/\/malakoloski-muzej-makarska.eu\/en\/#breadcrumb\",\"itemListElement\":[{\"@type\":\"ListItem\",\"position\":1,\"name\":\"Home\",\"item\":\"https:\/\/malakoloski-muzej-makarska.eu\/en\/\"},{\"@type\":\"ListItem\",\"position\":2,\"name\":\"Home\"}]},{\"@type\":\"WebSite\",\"@id\":\"https:\/\/malakoloski-muzej-makarska.eu\/#website\",\"url\":\"https:\/\/malakoloski-muzej-makarska.eu\/\",\"name\":\"Malakolo\u0161ki Muzej Makarska\",\"description\":\"Malakolo\u0161ki muzej Franjeva\u010dkog samostana u Makarskoj\",\"potentialAction\":[{\"@type\":\"SearchAction\",\"target\":{\"@type\":\"EntryPoint\",\"urlTemplate\":\"https:\/\/malakoloski-muzej-makarska.eu\/?s={search_term_string}\"},\"query-input\":{\"@type\":\"PropertyValueSpecification\",\"valueRequired\":true,\"valueName\":\"search_term_string\"}}],\"inLanguage\":\"en-US\"}]}<\/script>\n<!-- \/ Yoast SEO plugin. -->","yoast_head_json":{"title":"Malacological Museum of the Franciscan Monastery, Makarska","description":"The Malacological Museum in Makarska was opened in 1963 in the Franciscan Monastery. Contains more than 3000 specimens of exposed shells.","robots":{"index":"index","follow":"follow","max-snippet":"max-snippet:-1","max-image-preview":"max-image-preview:large","max-video-preview":"max-video-preview:-1"},"canonical":"https:\/\/malakoloski-muzej-makarska.eu\/en\/","og_locale":"en_US","og_type":"article","og_title":"Malacological Museum of the Franciscan Monastery, Makarska","og_description":"The Malacological Museum in Makarska was opened in 1963 in the Franciscan Monastery. Contains more than 3000 specimens of exposed shells.","og_url":"https:\/\/malakoloski-muzej-makarska.eu\/en\/","og_site_name":"Malakolo\u0161ki Muzej Makarska","article_modified_time":"2025-04-03T09:27:25+00:00","og_image":[{"url":"http:\/\/malakoloski-muzej-makarska.eu\/wp-content\/uploads\/2019\/10\/Untitled-1-1024x575.jpg","type":"","width":"","height":""}],"twitter_card":"summary_large_image","twitter_misc":{"Est. reading time":"2 minutes"},"schema":{"@context":"https:\/\/schema.org","@graph":[{"@type":"WebPage","@id":"https:\/\/malakoloski-muzej-makarska.eu\/en\/","url":"https:\/\/malakoloski-muzej-makarska.eu\/en\/","name":"Malacological Museum of the Franciscan Monastery, Makarska","isPartOf":{"@id":"https:\/\/malakoloski-muzej-makarska.eu\/#website"},"primaryImageOfPage":{"@id":"https:\/\/malakoloski-muzej-makarska.eu\/en\/#primaryimage"},"image":{"@id":"https:\/\/malakoloski-muzej-makarska.eu\/en\/#primaryimage"},"thumbnailUrl":"http:\/\/malakoloski-muzej-makarska.eu\/wp-content\/uploads\/2019\/10\/Untitled-1-1024x575.jpg","datePublished":"2018-05-06T02:57:59+00:00","dateModified":"2025-04-03T09:27:25+00:00","description":"The Malacological Museum in Makarska was opened in 1963 in the Franciscan Monastery. Contains more than 3000 specimens of exposed shells.","breadcrumb":{"@id":"https:\/\/malakoloski-muzej-makarska.eu\/en\/#breadcrumb"},"inLanguage":"en-US","potentialAction":[{"@type":"ReadAction","target":["https:\/\/malakoloski-muzej-makarska.eu\/en\/"]}]},{"@type":"ImageObject","inLanguage":"en-US","@id":"https:\/\/malakoloski-muzej-makarska.eu\/en\/#primaryimage","url":"http:\/\/malakoloski-muzej-makarska.eu\/wp-content\/uploads\/2019\/10\/Untitled-1-1024x575.jpg","contentUrl":"http:\/\/malakoloski-muzej-makarska.eu\/wp-content\/uploads\/2019\/10\/Untitled-1-1024x575.jpg"},{"@type":"BreadcrumbList","@id":"https:\/\/malakoloski-muzej-makarska.eu\/en\/#breadcrumb","itemListElement":[{"@type":"ListItem","position":1,"name":"Home","item":"https:\/\/malakoloski-muzej-makarska.eu\/en\/"},{"@type":"ListItem","position":2,"name":"Home"}]},{"@type":"WebSite","@id":"https:\/\/malakoloski-muzej-makarska.eu\/#website","url":"https:\/\/malakoloski-muzej-makarska.eu\/","name":"Malakolo\u0161ki Muzej Makarska","description":"Malakolo\u0161ki muzej Franjeva\u010dkog samostana u Makarskoj","potentialAction":[{"@type":"SearchAction","target":{"@type":"EntryPoint","urlTemplate":"https:\/\/malakoloski-muzej-makarska.eu\/?s={search_term_string}"},"query-input":{"@type":"PropertyValueSpecification","valueRequired":true,"valueName":"search_term_string"}}],"inLanguage":"en-US"}]}},"_links":{"self":[{"href":"https:\/\/malakoloski-muzej-makarska.eu\/en\/wp-json\/wp\/v2\/pages\/2382","targetHints":{"allow":["GET"]}}],"collection":[{"href":"https:\/\/malakoloski-muzej-makarska.eu\/en\/wp-json\/wp\/v2\/pages"}],"about":[{"href":"https:\/\/malakoloski-muzej-makarska.eu\/en\/wp-json\/wp\/v2\/types\/page"}],"author":[{"embeddable":true,"href":"https:\/\/malakoloski-muzej-makarska.eu\/en\/wp-json\/wp\/v2\/users\/1"}],"replies":[{"embeddable":true,"href":"https:\/\/malakoloski-muzej-makarska.eu\/en\/wp-json\/wp\/v2\/comments?post=2382"}],"version-history":[{"count":12,"href":"https:\/\/malakoloski-muzej-makarska.eu\/en\/wp-json\/wp\/v2\/pages\/2382\/revisions"}],"predecessor-version":[{"id":2635,"href":"https:\/\/malakoloski-muzej-makarska.eu\/en\/wp-json\/wp\/v2\/pages\/2382\/revisions\/2635"}],"wp:attachment":[{"href":"https:\/\/malakoloski-muzej-makarska.eu\/en\/wp-json\/wp\/v2\/media?parent=2382"}],"curies":[{"name":"wp","href":"https:\/\/api.w.org\/{rel}","templated":true}]}}