{"id":2409,"date":"2019-08-06T11:14:16","date_gmt":"2019-08-06T11:14:16","guid":{"rendered":"https:\/\/malakoloski-muzej-makarska.eu\/o-muzeju\/"},"modified":"2024-07-01T14:36:40","modified_gmt":"2024-07-01T14:36:40","slug":"o-muzeju","status":"publish","type":"page","link":"https:\/\/malakoloski-muzej-makarska.eu\/en\/o-muzeju\/","title":{"rendered":"About the museum"},"content":{"rendered":"<section class=\"kc-elm kc-css-12678 kc_row\"><div class=\"kc-row-container  kc-container\"><div class=\"kc-wrap-columns\"><div class=\"kc-elm kc-css-930626 kc_col-sm-12 kc_column kc_col-sm-12\"><div class=\"kc-col-container\"><div class=\"kc-elm kc-css-79818 kc_text_block\"><\/p>\n<p>The Makarska Malacological Museum is one of the most valuable cultural institutions, both in the city of Makarska and the entire country. The Malacological Museum of the Franciscan Monastery was founded in 1963 by Dr. Fra. Jure Radi\u0107 with an attractive exhibition of shellfish from the Adriatic and the entire world. In addition to a valuable and rich seashell collection, Dr. fra Jure Radi\u0107 also preserved a valuable herbarium of plants from the Biokovo mountain as well as smaller palaeontological collections. The founder of the museum was the son of a sailor, who since childhood gazed at the sea and its gifts, especially shells along the coast and islands of Croatia, as well as the world. The majority of the museum&#8217;s holdings in the exhibition area are shells of sea snails, shellfish and several specimens from other classes of molluscs, as well as corals and a small number of other marine species. In addition to shellfish from our sea, the exhibition includes shells from other seas and oceans: Hawaii, Oceania, California, China, Japan, the Caribbean, Australia, Madagascar, Tanzania, the Philippines, Indonesia, the Red Sea, Antarctica and the Coral Barrier.<\/p>\n<p>The museum also houses a fossil collection that was created at the same time as the collection of recent shells. The collection of fossils includes fossils of ammonites, rudists, molluscs &#8211; snails, shellfish, sea urchins, corals and algae. Most of them are from Central Dalmatia. The Museum is surrounded by a collection of living indigenous plants from the Biokovo area. The collection is a small reflection of the floral image of this area throughout all twelve months of the year. It creates a visual mood and breath of fragrance and aroma. The Institute \u201cPlanina i more\u201d (Mountain and Sea) monitors the phenology and ecological factors of some species, especially rare and endemic plant taxa. Along with the educational message, the collection is an incentive to love and preserve plant species in the area, and how to grow indigenous plants without many material resources, which is cheaper than foreign, which are both expensive and their maintenance requires a lot of effort (e.g. growing English grass in the warm and dry Mediterranean).<\/p>\n<p>Visitors to the museum range from children to centenarians; they have different knowledge and interests and come from different meridians and parallels. They admire the building skills of molluscs and the design of their shells, colours, shapes, inspired names given to them by scientists, geographical distribution, application of shells in everyday life: as food, jewellery, money, oil lamps, art patterns, mother of pearl, pearls\u2026 The shapes, structures and the colours of shells, and the fragrances and colours of indigenous plants delight almost all visitors and encourage them to get to know, love and preserve nature and the environment. The museum was opened to the public on 30 April 1963 in the old part of the Franciscan monastery, which is a protected cultural monument. Although it contains more than 3,000 specimens of exhibited shells, in the museum you can see not only the shells of the Adriatic Sea, but also many species from tropical and subtropical seas, which also have the most attractive colours and shapes among all the shells.<\/p>\n<p>SOURCE: <a href=\"https:\/\/makarska-info.hr\/\" target=\"_blank\" rel=\"noopener\">https:\/\/makarska-info.hr\/<\/a><\/p>\n<p>\n<\/div><div class=\"kc-image-gallery kc-elm kc-css-107985\">\n<div class=\"kc_image_gallery kc-carousel-image kc-grid \" data-image_masonry=\"yes\">\n<div class=\"item-grid grid-4\"><a href=\"https:\/\/malakoloski-muzej-makarska.eu\/wp-content\/uploads\/2019\/10\/DSC_0436-2.jpg\" target=\"_blank\"><img decoding=\"async\" src=\"https:\/\/malakoloski-muzej-makarska.eu\/wp-content\/uploads\/2019\/10\/DSC_0436-2-600x400xc.jpg\" alt=\"\"\/><div class=\"kc-image-overlay\"><i class=\"fa-search-plus\"><\/i><\/div><\/a><\/div><div class=\"item-grid grid-4\"><a href=\"https:\/\/malakoloski-muzej-makarska.eu\/wp-content\/uploads\/2019\/10\/DSC_0438-1.jpg\" target=\"_blank\"><img decoding=\"async\" src=\"https:\/\/malakoloski-muzej-makarska.eu\/wp-content\/uploads\/2019\/10\/DSC_0438-1-600x400xc.jpg\" alt=\"\"\/><div class=\"kc-image-overlay\"><i class=\"fa-search-plus\"><\/i><\/div><\/a><\/div><div class=\"item-grid grid-4\"><a href=\"https:\/\/malakoloski-muzej-makarska.eu\/wp-content\/uploads\/2019\/10\/DSC_0439-1.jpg\" target=\"_blank\"><img decoding=\"async\" src=\"https:\/\/malakoloski-muzej-makarska.eu\/wp-content\/uploads\/2019\/10\/DSC_0439-1-600x400xc.jpg\" alt=\"\"\/><div class=\"kc-image-overlay\"><i class=\"fa-search-plus\"><\/i><\/div><\/a><\/div><div class=\"item-grid grid-4\"><a href=\"https:\/\/malakoloski-muzej-makarska.eu\/wp-content\/uploads\/2019\/10\/DSC_0443-1.jpg\" target=\"_blank\"><img decoding=\"async\" src=\"https:\/\/malakoloski-muzej-makarska.eu\/wp-content\/uploads\/2019\/10\/DSC_0443-1-600x400xc.jpg\" alt=\"\"\/><div class=\"kc-image-overlay\"><i class=\"fa-search-plus\"><\/i><\/div><\/a><\/div><div class=\"item-grid grid-4\"><a href=\"https:\/\/malakoloski-muzej-makarska.eu\/wp-content\/uploads\/2019\/10\/DSC_0205-1.jpg\" target=\"_blank\"><img decoding=\"async\" src=\"https:\/\/malakoloski-muzej-makarska.eu\/wp-content\/uploads\/2019\/10\/DSC_0205-1-600x400xc.jpg\" alt=\"\"\/><div class=\"kc-image-overlay\"><i class=\"fa-search-plus\"><\/i><\/div><\/a><\/div><div class=\"item-grid grid-4\"><a href=\"https:\/\/malakoloski-muzej-makarska.eu\/wp-content\/uploads\/2019\/10\/DSC_0385-1.jpg\" target=\"_blank\"><img decoding=\"async\" src=\"https:\/\/malakoloski-muzej-makarska.eu\/wp-content\/uploads\/2019\/10\/DSC_0385-1-600x400xc.jpg\" alt=\"\"\/><div class=\"kc-image-overlay\"><i class=\"fa-search-plus\"><\/i><\/div><\/a><\/div><div class=\"item-grid grid-4\"><a href=\"https:\/\/malakoloski-muzej-makarska.eu\/wp-content\/uploads\/2019\/10\/DSC_0389-1.jpg\" target=\"_blank\"><img decoding=\"async\" src=\"https:\/\/malakoloski-muzej-makarska.eu\/wp-content\/uploads\/2019\/10\/DSC_0389-1-600x400xc.jpg\" alt=\"\"\/><div class=\"kc-image-overlay\"><i class=\"fa-search-plus\"><\/i><\/div><\/a><\/div><div class=\"item-grid grid-4\"><a href=\"https:\/\/malakoloski-muzej-makarska.eu\/wp-content\/uploads\/2019\/10\/DSC_0392-1.jpg\" target=\"_blank\"><img decoding=\"async\" src=\"https:\/\/malakoloski-muzej-makarska.eu\/wp-content\/uploads\/2019\/10\/DSC_0392-1-600x400xc.jpg\" alt=\"\"\/><div class=\"kc-image-overlay\"><i class=\"fa-search-plus\"><\/i><\/div><\/a><\/div><div class=\"item-grid grid-4\"><a href=\"https:\/\/malakoloski-muzej-makarska.eu\/wp-content\/uploads\/2019\/10\/DSC_0408-1.jpg\" target=\"_blank\"><img decoding=\"async\" src=\"https:\/\/malakoloski-muzej-makarska.eu\/wp-content\/uploads\/2019\/10\/DSC_0408-1-600x400xc.jpg\" alt=\"\"\/><div class=\"kc-image-overlay\"><i class=\"fa-search-plus\"><\/i><\/div><\/a><\/div><div class=\"item-grid grid-4\"><a href=\"https:\/\/malakoloski-muzej-makarska.eu\/wp-content\/uploads\/2019\/10\/DSC_0419-1.jpg\" target=\"_blank\"><img decoding=\"async\" src=\"https:\/\/malakoloski-muzej-makarska.eu\/wp-content\/uploads\/2019\/10\/DSC_0419-1-600x400xc.jpg\" alt=\"\"\/><div class=\"kc-image-overlay\"><i class=\"fa-search-plus\"><\/i><\/div><\/a><\/div><div class=\"item-grid grid-4\"><a href=\"https:\/\/malakoloski-muzej-makarska.eu\/wp-content\/uploads\/2019\/10\/DSC_0425-1.jpg\" target=\"_blank\"><img decoding=\"async\" src=\"https:\/\/malakoloski-muzej-makarska.eu\/wp-content\/uploads\/2019\/10\/DSC_0425-1-600x400xc.jpg\" alt=\"\"\/><div class=\"kc-image-overlay\"><i class=\"fa-search-plus\"><\/i><\/div><\/a><\/div><\/div>\n<\/div><\/div><\/div><\/div><\/div><\/section>\n","protected":false},"excerpt":{"rendered":"","protected":false},"author":1,"featured_media":0,"parent":0,"menu_order":0,"comment_status":"closed","ping_status":"closed","template":"","meta":{"footnotes":""},"class_list":["post-2409","page","type-page","status-publish","hentry"],"yoast_head":"<!-- This site is optimized with the Yoast SEO plugin v27.2 - https:\/\/yoast.com\/product\/yoast-seo-wordpress\/ -->\n<title>About the museum - Malakolo\u0161ki Muzej Makarska<\/title>\n<meta name=\"description\" content=\"The Makarska Malacological Museum is one of the most valuable cultural institutions, both in the city of Makarska and the entire country. The Malacological Museum of the Franciscan Monastery was founded in 1963 by Dr. Fra. Jure Radi\u0107\" \/>\n<meta name=\"robots\" content=\"index, follow, max-snippet:-1, max-image-preview:large, max-video-preview:-1\" \/>\n<link rel=\"canonical\" href=\"https:\/\/malakoloski-muzej-makarska.eu\/en\/o-muzeju\/\" \/>\n<meta property=\"og:locale\" content=\"en_US\" \/>\n<meta property=\"og:type\" content=\"article\" \/>\n<meta property=\"og:title\" content=\"About the museum - Malakolo\u0161ki Muzej Makarska\" \/>\n<meta property=\"og:description\" content=\"The Makarska Malacological Museum is one of the most valuable cultural institutions, both in the city of Makarska and the entire country. The Malacological Museum of the Franciscan Monastery was founded in 1963 by Dr. Fra. Jure Radi\u0107\" \/>\n<meta property=\"og:url\" content=\"https:\/\/malakoloski-muzej-makarska.eu\/en\/o-muzeju\/\" \/>\n<meta property=\"og:site_name\" content=\"Malakolo\u0161ki Muzej Makarska\" \/>\n<meta property=\"article:modified_time\" content=\"2024-07-01T14:36:40+00:00\" \/>\n<meta property=\"og:image\" content=\"https:\/\/malakoloski-muzej-makarska.eu\/wp-content\/uploads\/2019\/10\/DSC_0436-2-600x400xc.jpg\" \/>\n<meta name=\"twitter:card\" content=\"summary_large_image\" \/>\n<meta name=\"twitter:label1\" content=\"Est. reading time\" \/>\n\t<meta name=\"twitter:data1\" content=\"3 minutes\" \/>\n<script type=\"application\/ld+json\" class=\"yoast-schema-graph\">{\"@context\":\"https:\/\/schema.org\",\"@graph\":[{\"@type\":\"WebPage\",\"@id\":\"https:\/\/malakoloski-muzej-makarska.eu\/en\/o-muzeju\/\",\"url\":\"https:\/\/malakoloski-muzej-makarska.eu\/en\/o-muzeju\/\",\"name\":\"About the museum - Malakolo\u0161ki Muzej Makarska\",\"isPartOf\":{\"@id\":\"https:\/\/malakoloski-muzej-makarska.eu\/#website\"},\"primaryImageOfPage\":{\"@id\":\"https:\/\/malakoloski-muzej-makarska.eu\/en\/o-muzeju\/#primaryimage\"},\"image\":{\"@id\":\"https:\/\/malakoloski-muzej-makarska.eu\/en\/o-muzeju\/#primaryimage\"},\"thumbnailUrl\":\"https:\/\/malakoloski-muzej-makarska.eu\/wp-content\/uploads\/2019\/10\/DSC_0436-2-600x400xc.jpg\",\"datePublished\":\"2019-08-06T11:14:16+00:00\",\"dateModified\":\"2024-07-01T14:36:40+00:00\",\"description\":\"The Makarska Malacological Museum is one of the most valuable cultural institutions, both in the city of Makarska and the entire country. The Malacological Museum of the Franciscan Monastery was founded in 1963 by Dr. Fra. Jure Radi\u0107\",\"breadcrumb\":{\"@id\":\"https:\/\/malakoloski-muzej-makarska.eu\/en\/o-muzeju\/#breadcrumb\"},\"inLanguage\":\"en-US\",\"potentialAction\":[{\"@type\":\"ReadAction\",\"target\":[\"https:\/\/malakoloski-muzej-makarska.eu\/en\/o-muzeju\/\"]}]},{\"@type\":\"ImageObject\",\"inLanguage\":\"en-US\",\"@id\":\"https:\/\/malakoloski-muzej-makarska.eu\/en\/o-muzeju\/#primaryimage\",\"url\":\"https:\/\/malakoloski-muzej-makarska.eu\/wp-content\/uploads\/2019\/10\/DSC_0436-2-600x400xc.jpg\",\"contentUrl\":\"https:\/\/malakoloski-muzej-makarska.eu\/wp-content\/uploads\/2019\/10\/DSC_0436-2-600x400xc.jpg\"},{\"@type\":\"BreadcrumbList\",\"@id\":\"https:\/\/malakoloski-muzej-makarska.eu\/en\/o-muzeju\/#breadcrumb\",\"itemListElement\":[{\"@type\":\"ListItem\",\"position\":1,\"name\":\"Home\",\"item\":\"https:\/\/malakoloski-muzej-makarska.eu\/en\/\"},{\"@type\":\"ListItem\",\"position\":2,\"name\":\"About the museum\"}]},{\"@type\":\"WebSite\",\"@id\":\"https:\/\/malakoloski-muzej-makarska.eu\/#website\",\"url\":\"https:\/\/malakoloski-muzej-makarska.eu\/\",\"name\":\"Malakolo\u0161ki Muzej Makarska\",\"description\":\"Malakolo\u0161ki muzej Franjeva\u010dkog samostana u Makarskoj\",\"potentialAction\":[{\"@type\":\"SearchAction\",\"target\":{\"@type\":\"EntryPoint\",\"urlTemplate\":\"https:\/\/malakoloski-muzej-makarska.eu\/?s={search_term_string}\"},\"query-input\":{\"@type\":\"PropertyValueSpecification\",\"valueRequired\":true,\"valueName\":\"search_term_string\"}}],\"inLanguage\":\"en-US\"}]}<\/script>\n<!-- \/ Yoast SEO plugin. -->","yoast_head_json":{"title":"About the museum - Malakolo\u0161ki Muzej Makarska","description":"The Makarska Malacological Museum is one of the most valuable cultural institutions, both in the city of Makarska and the entire country. The Malacological Museum of the Franciscan Monastery was founded in 1963 by Dr. Fra. Jure Radi\u0107","robots":{"index":"index","follow":"follow","max-snippet":"max-snippet:-1","max-image-preview":"max-image-preview:large","max-video-preview":"max-video-preview:-1"},"canonical":"https:\/\/malakoloski-muzej-makarska.eu\/en\/o-muzeju\/","og_locale":"en_US","og_type":"article","og_title":"About the museum - Malakolo\u0161ki Muzej Makarska","og_description":"The Makarska Malacological Museum is one of the most valuable cultural institutions, both in the city of Makarska and the entire country. The Malacological Museum of the Franciscan Monastery was founded in 1963 by Dr. Fra. Jure Radi\u0107","og_url":"https:\/\/malakoloski-muzej-makarska.eu\/en\/o-muzeju\/","og_site_name":"Malakolo\u0161ki Muzej Makarska","article_modified_time":"2024-07-01T14:36:40+00:00","og_image":[{"url":"https:\/\/malakoloski-muzej-makarska.eu\/wp-content\/uploads\/2019\/10\/DSC_0436-2-600x400xc.jpg","type":"","width":"","height":""}],"twitter_card":"summary_large_image","twitter_misc":{"Est. reading time":"3 minutes"},"schema":{"@context":"https:\/\/schema.org","@graph":[{"@type":"WebPage","@id":"https:\/\/malakoloski-muzej-makarska.eu\/en\/o-muzeju\/","url":"https:\/\/malakoloski-muzej-makarska.eu\/en\/o-muzeju\/","name":"About the museum - Malakolo\u0161ki Muzej Makarska","isPartOf":{"@id":"https:\/\/malakoloski-muzej-makarska.eu\/#website"},"primaryImageOfPage":{"@id":"https:\/\/malakoloski-muzej-makarska.eu\/en\/o-muzeju\/#primaryimage"},"image":{"@id":"https:\/\/malakoloski-muzej-makarska.eu\/en\/o-muzeju\/#primaryimage"},"thumbnailUrl":"https:\/\/malakoloski-muzej-makarska.eu\/wp-content\/uploads\/2019\/10\/DSC_0436-2-600x400xc.jpg","datePublished":"2019-08-06T11:14:16+00:00","dateModified":"2024-07-01T14:36:40+00:00","description":"The Makarska Malacological Museum is one of the most valuable cultural institutions, both in the city of Makarska and the entire country. The Malacological Museum of the Franciscan Monastery was founded in 1963 by Dr. Fra. Jure Radi\u0107","breadcrumb":{"@id":"https:\/\/malakoloski-muzej-makarska.eu\/en\/o-muzeju\/#breadcrumb"},"inLanguage":"en-US","potentialAction":[{"@type":"ReadAction","target":["https:\/\/malakoloski-muzej-makarska.eu\/en\/o-muzeju\/"]}]},{"@type":"ImageObject","inLanguage":"en-US","@id":"https:\/\/malakoloski-muzej-makarska.eu\/en\/o-muzeju\/#primaryimage","url":"https:\/\/malakoloski-muzej-makarska.eu\/wp-content\/uploads\/2019\/10\/DSC_0436-2-600x400xc.jpg","contentUrl":"https:\/\/malakoloski-muzej-makarska.eu\/wp-content\/uploads\/2019\/10\/DSC_0436-2-600x400xc.jpg"},{"@type":"BreadcrumbList","@id":"https:\/\/malakoloski-muzej-makarska.eu\/en\/o-muzeju\/#breadcrumb","itemListElement":[{"@type":"ListItem","position":1,"name":"Home","item":"https:\/\/malakoloski-muzej-makarska.eu\/en\/"},{"@type":"ListItem","position":2,"name":"About the museum"}]},{"@type":"WebSite","@id":"https:\/\/malakoloski-muzej-makarska.eu\/#website","url":"https:\/\/malakoloski-muzej-makarska.eu\/","name":"Malakolo\u0161ki Muzej Makarska","description":"Malakolo\u0161ki muzej Franjeva\u010dkog samostana u Makarskoj","potentialAction":[{"@type":"SearchAction","target":{"@type":"EntryPoint","urlTemplate":"https:\/\/malakoloski-muzej-makarska.eu\/?s={search_term_string}"},"query-input":{"@type":"PropertyValueSpecification","valueRequired":true,"valueName":"search_term_string"}}],"inLanguage":"en-US"}]}},"_links":{"self":[{"href":"https:\/\/malakoloski-muzej-makarska.eu\/en\/wp-json\/wp\/v2\/pages\/2409","targetHints":{"allow":["GET"]}}],"collection":[{"href":"https:\/\/malakoloski-muzej-makarska.eu\/en\/wp-json\/wp\/v2\/pages"}],"about":[{"href":"https:\/\/malakoloski-muzej-makarska.eu\/en\/wp-json\/wp\/v2\/types\/page"}],"author":[{"embeddable":true,"href":"https:\/\/malakoloski-muzej-makarska.eu\/en\/wp-json\/wp\/v2\/users\/1"}],"replies":[{"embeddable":true,"href":"https:\/\/malakoloski-muzej-makarska.eu\/en\/wp-json\/wp\/v2\/comments?post=2409"}],"version-history":[{"count":7,"href":"https:\/\/malakoloski-muzej-makarska.eu\/en\/wp-json\/wp\/v2\/pages\/2409\/revisions"}],"predecessor-version":[{"id":2603,"href":"https:\/\/malakoloski-muzej-makarska.eu\/en\/wp-json\/wp\/v2\/pages\/2409\/revisions\/2603"}],"wp:attachment":[{"href":"https:\/\/malakoloski-muzej-makarska.eu\/en\/wp-json\/wp\/v2\/media?parent=2409"}],"curies":[{"name":"wp","href":"https:\/\/api.w.org\/{rel}","templated":true}]}}