{"id":2424,"date":"2019-08-06T11:15:51","date_gmt":"2019-08-06T11:15:51","guid":{"rendered":"https:\/\/malakoloski-muzej-makarska.eu\/o-samostanu\/"},"modified":"2024-07-01T14:38:43","modified_gmt":"2024-07-01T14:38:43","slug":"o-samostanu","status":"publish","type":"page","link":"https:\/\/malakoloski-muzej-makarska.eu\/en\/o-samostanu\/","title":{"rendered":"About the monastery"},"content":{"rendered":"<section class=\"kc-elm kc-css-76821 kc_row\"><div class=\"kc-row-container  kc-container\"><div class=\"kc-wrap-columns\"><div class=\"kc-elm kc-css-418287 kc_col-sm-12 kc_column kc_col-sm-12\"><div class=\"kc-col-container\"><div class=\"kc-elm kc-css-569937 kc_text_block\"><\/p>\n<p>The Franciscans came to Makarska towards the end of the 15th century and settled outside the town near St. Mary\u2019s church. In 1518 their residence was declared a monastery, which was destroyed during the Cyprus War (1570-1573), when in 1572 the Venetians destroyed it for military reasons, and the Turks demolished the church after that. The church was destroyed again during the War of Candia in the 17th century when the Turks set fire to part of the monastery with the church, and the other part was destroyed by an earthquake in 1667.<\/p>\n<p>Nevertheless, the Franciscans survived and after the war restored the monastery buildings. They soon raised a wing towards the sea. In 1944, the communist government took away the new wing of the monastery and part of the older monastery and turned it into a Health Clinic. When in 1980 the Clinic moved to a new building in the Franciscan Garden (Doc), the nationalized building was taken over by the company &#8220;Primorje\". Finally, after a long time demanding it, after more than half a century, in 2002 the building was returned to the monastery. During the 1962 earthquake, the old part of the monastery was damaged, but it was rebuilt. After World War II, some grammar school classes were located in Makarska. In 1957, the Franciscan School of Theology was once again relocated to Makarska.<\/p>\n<p>\n<\/div><div class=\"kc-elm kc-css-597620\" style=\"height: 39px; clear: both; width:100%;\"><\/div><div class=\"kc-elm kc-css-501585 kc_shortcode kc_single_image\">\n\n        <a  href=\"https:\/\/malakoloski-muzej-makarska.eu\/wp-content\/uploads\/2019\/10\/DSC_0205-1.jpg\" title=\"img\" target=\"\">\n        <img decoding=\"async\" src=\"https:\/\/malakoloski-muzej-makarska.eu\/wp-content\/uploads\/2019\/10\/DSC_0205-1.jpg\" class=\"\" alt=\"img\" \/>    <\/a>\n    <\/div>\n<div class=\"kc-elm kc-css-399328\" style=\"height: 39px; clear: both; width:100%;\"><\/div><div class=\"kc-elm kc-css-196861 kc_text_block\"><\/p>\n<p>In 1969, a joint School of Theology of the Franciscan Provinces of the Most Holy Redeemer and St. Jeronimo was established in Makarska and in Dubrovnik. In 1971 it was merged with the Catholic Faculty of Theology in Zagreb. In 1999, the Makarska School of Theology was united with the Theological Seminary of the Archdiocese of Split in Split, establishing the Faculty of Catholic Theology of the University of Split.<\/p>\n<p>Makarska professors were the initiators of the scientific journal Nova revija (1922-1944). They published a number of professional books in the Bogoslovna bibiloteka edition. After the war, <a href=\"https:\/\/www.franjevci-split.hr\/index.php?option=com_content&#038;view=article&#038;id=19&#038;Itemid=19\" target=\"_blank\" rel=\"noopener\">the editorial office of the Divine Service and the library of the Divine Service<\/a> were launched in Makarska.<\/p>\n<p>Through the centuries of the monastery&#039;s existence, the Franciscans created a library that has about 5,000 books, 24 incunabula, many journals and manuscripts. The monastery also has a rich archive in which 369 Turkish documents are stored. In 2002, a monument to the friar teacher, the work of academic sculptor A. Jurki\u0107 was erected in front of the monastery and the church. In addition to the monastery, the Franciscans also took care of St. Mary&#039;s church, which was probably built in 1400. It was first mentioned in 1502 when the Turks allowed it to be renovated, when it may also have been expanded.<\/p>\n<p>SOURCE: <a href=\"https:\/\/www.franjevci-split.hr\/\" target=\"_blank\" rel=\"noopener\">https:\/\/www.franjevci-split.hr\/<\/a><\/p>\n<p>\n<\/div><\/div><\/div><\/div><\/div><\/section>\n","protected":false},"excerpt":{"rendered":"","protected":false},"author":1,"featured_media":0,"parent":0,"menu_order":0,"comment_status":"closed","ping_status":"closed","template":"","meta":{"footnotes":""},"class_list":["post-2424","page","type-page","status-publish","hentry"],"yoast_head":"<!-- This site is optimized with the Yoast SEO plugin v27.2 - https:\/\/yoast.com\/product\/yoast-seo-wordpress\/ -->\n<title>About the monastery - Malakolo\u0161ki Muzej Makarska<\/title>\n<meta name=\"description\" content=\"The Franciscans came to Makarska towards the end of the 15th century and settled outside the town near St. Mary\u2019s church. In 1518 their residence was declared a monastery, which was destroyed during the Cyprus War\" \/>\n<meta name=\"robots\" content=\"index, follow, max-snippet:-1, max-image-preview:large, max-video-preview:-1\" \/>\n<link rel=\"canonical\" href=\"https:\/\/malakoloski-muzej-makarska.eu\/en\/o-samostanu\/\" \/>\n<meta property=\"og:locale\" content=\"en_US\" \/>\n<meta property=\"og:type\" content=\"article\" \/>\n<meta property=\"og:title\" content=\"About the monastery - Malakolo\u0161ki Muzej Makarska\" \/>\n<meta property=\"og:description\" content=\"The Franciscans came to Makarska towards the end of the 15th century and settled outside the town near St. Mary\u2019s church. In 1518 their residence was declared a monastery, which was destroyed during the Cyprus War\" \/>\n<meta property=\"og:url\" content=\"https:\/\/malakoloski-muzej-makarska.eu\/en\/o-samostanu\/\" \/>\n<meta property=\"og:site_name\" content=\"Malakolo\u0161ki Muzej Makarska\" \/>\n<meta property=\"article:modified_time\" content=\"2024-07-01T14:38:43+00:00\" \/>\n<meta property=\"og:image\" content=\"https:\/\/malakoloski-muzej-makarska.eu\/wp-content\/uploads\/2019\/10\/DSC_0205-1.jpg\" \/>\n<meta name=\"twitter:card\" content=\"summary_large_image\" \/>\n<meta name=\"twitter:label1\" content=\"Est. reading time\" \/>\n\t<meta name=\"twitter:data1\" content=\"3 minutes\" \/>\n<script type=\"application\/ld+json\" class=\"yoast-schema-graph\">{\"@context\":\"https:\/\/schema.org\",\"@graph\":[{\"@type\":\"WebPage\",\"@id\":\"https:\/\/malakoloski-muzej-makarska.eu\/en\/o-samostanu\/\",\"url\":\"https:\/\/malakoloski-muzej-makarska.eu\/en\/o-samostanu\/\",\"name\":\"About the monastery - Malakolo\u0161ki Muzej Makarska\",\"isPartOf\":{\"@id\":\"https:\/\/malakoloski-muzej-makarska.eu\/#website\"},\"primaryImageOfPage\":{\"@id\":\"https:\/\/malakoloski-muzej-makarska.eu\/en\/o-samostanu\/#primaryimage\"},\"image\":{\"@id\":\"https:\/\/malakoloski-muzej-makarska.eu\/en\/o-samostanu\/#primaryimage\"},\"thumbnailUrl\":\"https:\/\/malakoloski-muzej-makarska.eu\/wp-content\/uploads\/2019\/10\/DSC_0205-1.jpg\",\"datePublished\":\"2019-08-06T11:15:51+00:00\",\"dateModified\":\"2024-07-01T14:38:43+00:00\",\"description\":\"The Franciscans came to Makarska towards the end of the 15th century and settled outside the town near St. Mary\u2019s church. In 1518 their residence was declared a monastery, which was destroyed during the Cyprus War\",\"breadcrumb\":{\"@id\":\"https:\/\/malakoloski-muzej-makarska.eu\/en\/o-samostanu\/#breadcrumb\"},\"inLanguage\":\"en-US\",\"potentialAction\":[{\"@type\":\"ReadAction\",\"target\":[\"https:\/\/malakoloski-muzej-makarska.eu\/en\/o-samostanu\/\"]}]},{\"@type\":\"ImageObject\",\"inLanguage\":\"en-US\",\"@id\":\"https:\/\/malakoloski-muzej-makarska.eu\/en\/o-samostanu\/#primaryimage\",\"url\":\"https:\/\/malakoloski-muzej-makarska.eu\/wp-content\/uploads\/2019\/10\/DSC_0205-1.jpg\",\"contentUrl\":\"https:\/\/malakoloski-muzej-makarska.eu\/wp-content\/uploads\/2019\/10\/DSC_0205-1.jpg\"},{\"@type\":\"BreadcrumbList\",\"@id\":\"https:\/\/malakoloski-muzej-makarska.eu\/en\/o-samostanu\/#breadcrumb\",\"itemListElement\":[{\"@type\":\"ListItem\",\"position\":1,\"name\":\"Home\",\"item\":\"https:\/\/malakoloski-muzej-makarska.eu\/en\/\"},{\"@type\":\"ListItem\",\"position\":2,\"name\":\"About the monastery\"}]},{\"@type\":\"WebSite\",\"@id\":\"https:\/\/malakoloski-muzej-makarska.eu\/#website\",\"url\":\"https:\/\/malakoloski-muzej-makarska.eu\/\",\"name\":\"Malakolo\u0161ki Muzej Makarska\",\"description\":\"Malakolo\u0161ki muzej Franjeva\u010dkog samostana u Makarskoj\",\"potentialAction\":[{\"@type\":\"SearchAction\",\"target\":{\"@type\":\"EntryPoint\",\"urlTemplate\":\"https:\/\/malakoloski-muzej-makarska.eu\/?s={search_term_string}\"},\"query-input\":{\"@type\":\"PropertyValueSpecification\",\"valueRequired\":true,\"valueName\":\"search_term_string\"}}],\"inLanguage\":\"en-US\"}]}<\/script>\n<!-- \/ Yoast SEO plugin. -->","yoast_head_json":{"title":"About the monastery - Malakolo\u0161ki Muzej Makarska","description":"The Franciscans came to Makarska towards the end of the 15th century and settled outside the town near St. Mary\u2019s church. In 1518 their residence was declared a monastery, which was destroyed during the Cyprus War","robots":{"index":"index","follow":"follow","max-snippet":"max-snippet:-1","max-image-preview":"max-image-preview:large","max-video-preview":"max-video-preview:-1"},"canonical":"https:\/\/malakoloski-muzej-makarska.eu\/en\/o-samostanu\/","og_locale":"en_US","og_type":"article","og_title":"About the monastery - Malakolo\u0161ki Muzej Makarska","og_description":"The Franciscans came to Makarska towards the end of the 15th century and settled outside the town near St. Mary\u2019s church. In 1518 their residence was declared a monastery, which was destroyed during the Cyprus War","og_url":"https:\/\/malakoloski-muzej-makarska.eu\/en\/o-samostanu\/","og_site_name":"Malakolo\u0161ki Muzej Makarska","article_modified_time":"2024-07-01T14:38:43+00:00","og_image":[{"url":"https:\/\/malakoloski-muzej-makarska.eu\/wp-content\/uploads\/2019\/10\/DSC_0205-1.jpg","type":"","width":"","height":""}],"twitter_card":"summary_large_image","twitter_misc":{"Est. reading time":"3 minutes"},"schema":{"@context":"https:\/\/schema.org","@graph":[{"@type":"WebPage","@id":"https:\/\/malakoloski-muzej-makarska.eu\/en\/o-samostanu\/","url":"https:\/\/malakoloski-muzej-makarska.eu\/en\/o-samostanu\/","name":"About the monastery - Malakolo\u0161ki Muzej Makarska","isPartOf":{"@id":"https:\/\/malakoloski-muzej-makarska.eu\/#website"},"primaryImageOfPage":{"@id":"https:\/\/malakoloski-muzej-makarska.eu\/en\/o-samostanu\/#primaryimage"},"image":{"@id":"https:\/\/malakoloski-muzej-makarska.eu\/en\/o-samostanu\/#primaryimage"},"thumbnailUrl":"https:\/\/malakoloski-muzej-makarska.eu\/wp-content\/uploads\/2019\/10\/DSC_0205-1.jpg","datePublished":"2019-08-06T11:15:51+00:00","dateModified":"2024-07-01T14:38:43+00:00","description":"The Franciscans came to Makarska towards the end of the 15th century and settled outside the town near St. Mary\u2019s church. In 1518 their residence was declared a monastery, which was destroyed during the Cyprus War","breadcrumb":{"@id":"https:\/\/malakoloski-muzej-makarska.eu\/en\/o-samostanu\/#breadcrumb"},"inLanguage":"en-US","potentialAction":[{"@type":"ReadAction","target":["https:\/\/malakoloski-muzej-makarska.eu\/en\/o-samostanu\/"]}]},{"@type":"ImageObject","inLanguage":"en-US","@id":"https:\/\/malakoloski-muzej-makarska.eu\/en\/o-samostanu\/#primaryimage","url":"https:\/\/malakoloski-muzej-makarska.eu\/wp-content\/uploads\/2019\/10\/DSC_0205-1.jpg","contentUrl":"https:\/\/malakoloski-muzej-makarska.eu\/wp-content\/uploads\/2019\/10\/DSC_0205-1.jpg"},{"@type":"BreadcrumbList","@id":"https:\/\/malakoloski-muzej-makarska.eu\/en\/o-samostanu\/#breadcrumb","itemListElement":[{"@type":"ListItem","position":1,"name":"Home","item":"https:\/\/malakoloski-muzej-makarska.eu\/en\/"},{"@type":"ListItem","position":2,"name":"About the monastery"}]},{"@type":"WebSite","@id":"https:\/\/malakoloski-muzej-makarska.eu\/#website","url":"https:\/\/malakoloski-muzej-makarska.eu\/","name":"Malakolo\u0161ki Muzej Makarska","description":"Malakolo\u0161ki muzej Franjeva\u010dkog samostana u Makarskoj","potentialAction":[{"@type":"SearchAction","target":{"@type":"EntryPoint","urlTemplate":"https:\/\/malakoloski-muzej-makarska.eu\/?s={search_term_string}"},"query-input":{"@type":"PropertyValueSpecification","valueRequired":true,"valueName":"search_term_string"}}],"inLanguage":"en-US"}]}},"_links":{"self":[{"href":"https:\/\/malakoloski-muzej-makarska.eu\/en\/wp-json\/wp\/v2\/pages\/2424","targetHints":{"allow":["GET"]}}],"collection":[{"href":"https:\/\/malakoloski-muzej-makarska.eu\/en\/wp-json\/wp\/v2\/pages"}],"about":[{"href":"https:\/\/malakoloski-muzej-makarska.eu\/en\/wp-json\/wp\/v2\/types\/page"}],"author":[{"embeddable":true,"href":"https:\/\/malakoloski-muzej-makarska.eu\/en\/wp-json\/wp\/v2\/users\/1"}],"replies":[{"embeddable":true,"href":"https:\/\/malakoloski-muzej-makarska.eu\/en\/wp-json\/wp\/v2\/comments?post=2424"}],"version-history":[{"count":4,"href":"https:\/\/malakoloski-muzej-makarska.eu\/en\/wp-json\/wp\/v2\/pages\/2424\/revisions"}],"predecessor-version":[{"id":2607,"href":"https:\/\/malakoloski-muzej-makarska.eu\/en\/wp-json\/wp\/v2\/pages\/2424\/revisions\/2607"}],"wp:attachment":[{"href":"https:\/\/malakoloski-muzej-makarska.eu\/en\/wp-json\/wp\/v2\/media?parent=2424"}],"curies":[{"name":"wp","href":"https:\/\/api.w.org\/{rel}","templated":true}]}}