{"id":2445,"date":"2019-08-06T11:16:47","date_gmt":"2019-08-06T11:16:47","guid":{"rendered":"https:\/\/malakoloski-muzej-makarska.eu\/info\/"},"modified":"2025-09-16T11:09:42","modified_gmt":"2025-09-16T11:09:42","slug":"info","status":"publish","type":"page","link":"https:\/\/malakoloski-muzej-makarska.eu\/en\/info\/","title":{"rendered":"Info"},"content":{"rendered":"<section class=\"kc-elm kc-css-980790 kc_row\"><div class=\"kc-row-container  kc-container\"><div class=\"kc-wrap-columns\"><div class=\"kc-elm kc-css-392376 kc_col-sm-6 kc_column kc_col-sm-6\"><div class=\"kc-col-container\"><div class=\"kc-elm kc-css-866744 kc_text_block\"><\/p>\n<p><b>Contact:<\/b><\/p>\n<p>Email: <a href=\"mailto:malakoloska.zbirka@gmail.com\">malakoloska.zbirka@gmail.com<\/a><\/p>\n<p>TEL: <a href=\"tel:+385 994639293\">+385 (0)99 4639 293<\/a><\/p>\n<p class=\"MsoNormal\"><b>Summer working hours:<\/b><\/p>\n<p class=\"MsoNormal\">From <span class=\"Y2IQFc\" lang=\"en\">Monday <\/span>to Friday: <span style=\"font-style: inherit;\">from 9 AM to 3 PM<\/span><\/p>\n<p class=\"MsoNormal\"><span class=\"Y2IQFc\" lang=\"en\">Saturday:<\/span><span style=\"font-style: inherit;\"> from 9 AM to 1 PM<\/span><\/p>\n<p class=\"MsoNormal\"><span style=\"font-style: inherit;\">(closed on Sunday)<br \/>\n<\/span><\/p>\n<p><strong>Winter working hours from 15. 10. &#8211; 1.5.:<\/strong><\/p>\n<p>as agreed in advance<\/p>\n<p><strong>For group visits and guided tours contact:<\/strong><\/p>\n<p><a href=\"mailto:malakoloska.zbirka@gmail.com\">malakoloska.zbirka@gmail.com<\/a><br \/>\nor call <a href=\"tel:+385 994639293\">+385 (0)99 4639 293<\/a><\/p>\n<p>\n<\/div><\/div><\/div><div class=\"kc-elm kc-css-101946 kc_col-sm-6 kc_column kc_col-sm-6\"><div class=\"kc-col-container\"><div class=\"kc-elm kc-css-586153 kc_text_block\"><\/p>\n<p><strong>Entry fees:<\/strong><b><\/b><\/p>\n<p>6,00 \u20ac (45,21 kn) \u2013 Adults<\/p>\n<p>2,50 \u20ac (18,84 kn) \u2013 Individual tickets for students and pensioners<\/p>\n<p>2,00 \u20ac (15,07 kn) \u2013 Group student visits per person<\/p>\n<p>4,00 \u20ac (30,14 kn )\u2013 Group visits of adults per person<\/p>\n<p>8,00 \u20ac\u00a0 (60,28 kn) &#8211; Family ticket<\/p>\n<p><b><\/b><strong>Free entry for children under the age of 7, Croatian war vets and people with disability.<\/strong><b><br \/>\n<\/b><\/p>\n<p>\n<\/div><\/div><\/div><\/div><\/div><\/section>\n","protected":false},"excerpt":{"rendered":"","protected":false},"author":1,"featured_media":0,"parent":0,"menu_order":0,"comment_status":"closed","ping_status":"closed","template":"","meta":{"footnotes":""},"class_list":["post-2445","page","type-page","status-publish","hentry"],"yoast_head":"<!-- This site is optimized with the Yoast SEO plugin v27.2 - https:\/\/yoast.com\/product\/yoast-seo-wordpress\/ -->\n<title>Info - Malakolo\u0161ki Muzej Makarska<\/title>\n<meta name=\"description\" content=\"Contacts, Opening hours, Ticket prices\" \/>\n<meta name=\"robots\" content=\"index, follow, max-snippet:-1, max-image-preview:large, max-video-preview:-1\" \/>\n<link rel=\"canonical\" href=\"https:\/\/malakoloski-muzej-makarska.eu\/en\/info\/\" \/>\n<meta property=\"og:locale\" content=\"en_US\" \/>\n<meta property=\"og:type\" content=\"article\" \/>\n<meta property=\"og:title\" content=\"Info - Malakolo\u0161ki Muzej Makarska\" \/>\n<meta property=\"og:description\" content=\"Contacts, Opening hours, Ticket prices\" \/>\n<meta property=\"og:url\" content=\"https:\/\/malakoloski-muzej-makarska.eu\/en\/info\/\" \/>\n<meta property=\"og:site_name\" content=\"Malakolo\u0161ki Muzej Makarska\" \/>\n<meta property=\"article:modified_time\" content=\"2025-09-16T11:09:42+00:00\" \/>\n<meta name=\"twitter:card\" content=\"summary_large_image\" \/>\n<meta name=\"twitter:label1\" content=\"Est. reading time\" \/>\n\t<meta name=\"twitter:data1\" content=\"1 minute\" \/>\n<script type=\"application\/ld+json\" class=\"yoast-schema-graph\">{\"@context\":\"https:\/\/schema.org\",\"@graph\":[{\"@type\":\"WebPage\",\"@id\":\"https:\/\/malakoloski-muzej-makarska.eu\/en\/info\/\",\"url\":\"https:\/\/malakoloski-muzej-makarska.eu\/en\/info\/\",\"name\":\"Info - Malakolo\u0161ki Muzej Makarska\",\"isPartOf\":{\"@id\":\"https:\/\/malakoloski-muzej-makarska.eu\/#website\"},\"datePublished\":\"2019-08-06T11:16:47+00:00\",\"dateModified\":\"2025-09-16T11:09:42+00:00\",\"description\":\"Contacts, Opening hours, Ticket prices\",\"breadcrumb\":{\"@id\":\"https:\/\/malakoloski-muzej-makarska.eu\/en\/info\/#breadcrumb\"},\"inLanguage\":\"en-US\",\"potentialAction\":[{\"@type\":\"ReadAction\",\"target\":[\"https:\/\/malakoloski-muzej-makarska.eu\/en\/info\/\"]}]},{\"@type\":\"BreadcrumbList\",\"@id\":\"https:\/\/malakoloski-muzej-makarska.eu\/en\/info\/#breadcrumb\",\"itemListElement\":[{\"@type\":\"ListItem\",\"position\":1,\"name\":\"Home\",\"item\":\"https:\/\/malakoloski-muzej-makarska.eu\/en\/\"},{\"@type\":\"ListItem\",\"position\":2,\"name\":\"Info\"}]},{\"@type\":\"WebSite\",\"@id\":\"https:\/\/malakoloski-muzej-makarska.eu\/#website\",\"url\":\"https:\/\/malakoloski-muzej-makarska.eu\/\",\"name\":\"Malakolo\u0161ki Muzej Makarska\",\"description\":\"Malakolo\u0161ki muzej Franjeva\u010dkog samostana u Makarskoj\",\"potentialAction\":[{\"@type\":\"SearchAction\",\"target\":{\"@type\":\"EntryPoint\",\"urlTemplate\":\"https:\/\/malakoloski-muzej-makarska.eu\/?s={search_term_string}\"},\"query-input\":{\"@type\":\"PropertyValueSpecification\",\"valueRequired\":true,\"valueName\":\"search_term_string\"}}],\"inLanguage\":\"en-US\"}]}<\/script>\n<!-- \/ Yoast SEO plugin. -->","yoast_head_json":{"title":"Info - Malakolo\u0161ki Muzej Makarska","description":"Contacts, Opening hours, Ticket prices","robots":{"index":"index","follow":"follow","max-snippet":"max-snippet:-1","max-image-preview":"max-image-preview:large","max-video-preview":"max-video-preview:-1"},"canonical":"https:\/\/malakoloski-muzej-makarska.eu\/en\/info\/","og_locale":"en_US","og_type":"article","og_title":"Info - Malakolo\u0161ki Muzej Makarska","og_description":"Contacts, Opening hours, Ticket prices","og_url":"https:\/\/malakoloski-muzej-makarska.eu\/en\/info\/","og_site_name":"Malakolo\u0161ki Muzej Makarska","article_modified_time":"2025-09-16T11:09:42+00:00","twitter_card":"summary_large_image","twitter_misc":{"Est. reading time":"1 minute"},"schema":{"@context":"https:\/\/schema.org","@graph":[{"@type":"WebPage","@id":"https:\/\/malakoloski-muzej-makarska.eu\/en\/info\/","url":"https:\/\/malakoloski-muzej-makarska.eu\/en\/info\/","name":"Info - Malakolo\u0161ki Muzej Makarska","isPartOf":{"@id":"https:\/\/malakoloski-muzej-makarska.eu\/#website"},"datePublished":"2019-08-06T11:16:47+00:00","dateModified":"2025-09-16T11:09:42+00:00","description":"Contacts, Opening hours, Ticket prices","breadcrumb":{"@id":"https:\/\/malakoloski-muzej-makarska.eu\/en\/info\/#breadcrumb"},"inLanguage":"en-US","potentialAction":[{"@type":"ReadAction","target":["https:\/\/malakoloski-muzej-makarska.eu\/en\/info\/"]}]},{"@type":"BreadcrumbList","@id":"https:\/\/malakoloski-muzej-makarska.eu\/en\/info\/#breadcrumb","itemListElement":[{"@type":"ListItem","position":1,"name":"Home","item":"https:\/\/malakoloski-muzej-makarska.eu\/en\/"},{"@type":"ListItem","position":2,"name":"Info"}]},{"@type":"WebSite","@id":"https:\/\/malakoloski-muzej-makarska.eu\/#website","url":"https:\/\/malakoloski-muzej-makarska.eu\/","name":"Malakolo\u0161ki Muzej Makarska","description":"Malakolo\u0161ki muzej Franjeva\u010dkog samostana u Makarskoj","potentialAction":[{"@type":"SearchAction","target":{"@type":"EntryPoint","urlTemplate":"https:\/\/malakoloski-muzej-makarska.eu\/?s={search_term_string}"},"query-input":{"@type":"PropertyValueSpecification","valueRequired":true,"valueName":"search_term_string"}}],"inLanguage":"en-US"}]}},"_links":{"self":[{"href":"https:\/\/malakoloski-muzej-makarska.eu\/en\/wp-json\/wp\/v2\/pages\/2445","targetHints":{"allow":["GET"]}}],"collection":[{"href":"https:\/\/malakoloski-muzej-makarska.eu\/en\/wp-json\/wp\/v2\/pages"}],"about":[{"href":"https:\/\/malakoloski-muzej-makarska.eu\/en\/wp-json\/wp\/v2\/types\/page"}],"author":[{"embeddable":true,"href":"https:\/\/malakoloski-muzej-makarska.eu\/en\/wp-json\/wp\/v2\/users\/1"}],"replies":[{"embeddable":true,"href":"https:\/\/malakoloski-muzej-makarska.eu\/en\/wp-json\/wp\/v2\/comments?post=2445"}],"version-history":[{"count":21,"href":"https:\/\/malakoloski-muzej-makarska.eu\/en\/wp-json\/wp\/v2\/pages\/2445\/revisions"}],"predecessor-version":[{"id":2655,"href":"https:\/\/malakoloski-muzej-makarska.eu\/en\/wp-json\/wp\/v2\/pages\/2445\/revisions\/2655"}],"wp:attachment":[{"href":"https:\/\/malakoloski-muzej-makarska.eu\/en\/wp-json\/wp\/v2\/media?parent=2445"}],"curies":[{"name":"wp","href":"https:\/\/api.w.org\/{rel}","templated":true}]}}