{"id":2411,"date":"2019-08-06T11:14:16","date_gmt":"2019-08-06T11:14:16","guid":{"rendered":"https:\/\/malakoloski-muzej-makarska.eu\/o-muzeju\/"},"modified":"2024-07-01T14:37:36","modified_gmt":"2024-07-01T14:37:36","slug":"o-muzeju","status":"publish","type":"page","link":"https:\/\/malakoloski-muzej-makarska.eu\/it\/o-muzeju\/","title":{"rendered":"Il museo"},"content":{"rendered":"<section class=\"kc-elm kc-css-861613 kc_row\"><div class=\"kc-row-container  kc-container\"><div class=\"kc-wrap-columns\"><div class=\"kc-elm kc-css-878618 kc_col-sm-12 kc_column kc_col-sm-12\"><div class=\"kc-col-container\"><div class=\"kc-elm kc-css-630205 kc_text_block\"><\/p>\n<p>Il Museo Malacologico di Makarska \u00e8 una delle istituzioni culturali pi\u00f9 preziose della citt\u00e0 di Makarska cos\u00ec come dell&#8217;intero paese. Il Museo Malacologico del Monastero Francescano \u00e8 stato fondato nel 1963 dal dr. fra Jure Radi\u0107 con un&#8217;interessante mostra sulle conchiglie dell&#8217;Adriatico e di tutto il mondo. Oltre alla preziosa e ricca collezione malacologica, il dr. fra Jure Radi\u0107 ha conservato anche un prezioso erbario di piante del monte Biokovo e minori raccolte paleontologiche. Il fondatore del museo era figlio di un marinaio, che fin dall&#8217;infanzia aveva contemplato il mare e i suoi doni, in particolare le conchiglie lungo la costa e le isole della Croazia, e del resto del mondo. La maggior parte del patrimonio museale nell&#8217;area espositiva \u00e8 costituito da conchiglie di lumache di mare, crostacei e diversi esemplari di altre classi di molluschi, quindi coralli e un piccolo numero di altre specie marine. Oltre alle conchiglie del nostro mare, la mostra comprende conchiglie di altri mari e oceani: Hawaii, Oceania, California, Cina, Giappone, Caraibi, Australia, Madagascar, Tanzania, Filippine, Indonesia, Mar Rosso, Antartide e la Barriera corallina.<\/p>\n<p>Il museo ospita inoltre una collezione di fossili che \u00e8 stata creata parallelamente alla collezione di conchiglie pi\u00f9 recenti. La collezione di fossili comprende fossili di ammoniti, minerali, molluschi &#8211; lumache, bivalvi, ricci di mare, coralli e alghe. La maggior parte di essi proviene dalla Dalmazia centrale. Il Museo \u00e8 circondato da una collezione di piante autoctone della zona del Biokovo, che riflette in piccolo l\u2019aspetto floreale di quest&#8217;area nell\u2019arco di tutti i dodici mesi, dando vita a un ambiente ricco di profumi e piacevole per gli occhi. L&#8217;Istituto di &#8220;Montagna e Mare\" monitora la fenologia e i fattori ecologici di alcune specie, in particolare le unit\u00e0 tassonomiche di piante rare ed endemiche. Oltre a trasmettere un messaggio educativo, la raccolta viene ad essere un incentivo ad amare e preservare le specie vegetali nel proprio territorio e a coltivare piante autoctone senza molte risorse materiali; il che risulta pi\u00f9 economico che coltivare piante straniere, costose, e il cui mantenimento richiede un notevole impegno (ad es. coltivare erbe inglesi nel caldo e secco Mediterraneo).<\/p>\n<p>I visitatori del museo vanno dai bambini ai centenari, hanno conoscenze e interessi differenti, provengono da meridiani e paralleli diversi. Vi possono ammirare le capacit\u00e0 costruttive dei molluschi e il design delle loro conchiglie, i colori, le forme, i nomi ispirati dati loro dagli scienziati, la distribuzione geografica, l&#8217;utilizzo delle conchiglie nella vita di tutti i giorni: come cibo, gioielli, denaro, lampade a olio, modelli artistici, madreperle, perle\u2026 Le forme, le strutture e i colori delle conchiglie, i profumi e i colori delle piante autoctone deliziano tutti i visitatori e li incoraggiano a conoscere, amare e preservare la natura e l&#8217;ambiente. Il museo \u00e8 stato aperto al pubblico il 30 aprile 1963 nella parte pi\u00f9 antica del convento francescano. Sebbene contenga pi\u00f9 di 3.000 esemplari di conchiglie esposte, in questo museo si possono vedere non solo le conchiglie del Mar Adriatico, ma anche molte specie provenienti dai mari tropicali e subtropicali, che sono, tra tutte, le conchiglie con i colori e le forme pi\u00f9 suggestivi.<\/p>\n<p>FONTE: <a href=\"https:\/\/makarska-info.hr\/\" target=\"_blank\" rel=\"noopener\">https:\/\/makarska-info.hr\/<\/a><\/p>\n<p>\n<\/div><div class=\"kc-image-gallery kc-elm kc-css-939975\">\n<div class=\"kc_image_gallery kc-carousel-image kc-grid \" data-image_masonry=\"yes\">\n<div class=\"item-grid grid-4\"><a href=\"https:\/\/malakoloski-muzej-makarska.eu\/wp-content\/uploads\/2019\/10\/DSC_0436-2.jpg\" target=\"_blank\"><img decoding=\"async\" src=\"https:\/\/malakoloski-muzej-makarska.eu\/wp-content\/uploads\/2019\/10\/DSC_0436-2-600x400xc.jpg\" alt=\"\"\/><div class=\"kc-image-overlay\"><i class=\"fa-search-plus\"><\/i><\/div><\/a><\/div><div class=\"item-grid grid-4\"><a href=\"https:\/\/malakoloski-muzej-makarska.eu\/wp-content\/uploads\/2019\/10\/DSC_0438-1.jpg\" target=\"_blank\"><img decoding=\"async\" src=\"https:\/\/malakoloski-muzej-makarska.eu\/wp-content\/uploads\/2019\/10\/DSC_0438-1-600x400xc.jpg\" alt=\"\"\/><div class=\"kc-image-overlay\"><i class=\"fa-search-plus\"><\/i><\/div><\/a><\/div><div class=\"item-grid grid-4\"><a href=\"https:\/\/malakoloski-muzej-makarska.eu\/wp-content\/uploads\/2019\/10\/DSC_0439-1.jpg\" target=\"_blank\"><img decoding=\"async\" src=\"https:\/\/malakoloski-muzej-makarska.eu\/wp-content\/uploads\/2019\/10\/DSC_0439-1-600x400xc.jpg\" alt=\"\"\/><div class=\"kc-image-overlay\"><i class=\"fa-search-plus\"><\/i><\/div><\/a><\/div><div class=\"item-grid grid-4\"><a href=\"https:\/\/malakoloski-muzej-makarska.eu\/wp-content\/uploads\/2019\/10\/DSC_0443-1.jpg\" target=\"_blank\"><img decoding=\"async\" src=\"https:\/\/malakoloski-muzej-makarska.eu\/wp-content\/uploads\/2019\/10\/DSC_0443-1-600x400xc.jpg\" alt=\"\"\/><div class=\"kc-image-overlay\"><i class=\"fa-search-plus\"><\/i><\/div><\/a><\/div><div class=\"item-grid grid-4\"><a href=\"https:\/\/malakoloski-muzej-makarska.eu\/wp-content\/uploads\/2019\/10\/DSC_0205-1.jpg\" target=\"_blank\"><img decoding=\"async\" src=\"https:\/\/malakoloski-muzej-makarska.eu\/wp-content\/uploads\/2019\/10\/DSC_0205-1-600x400xc.jpg\" alt=\"\"\/><div class=\"kc-image-overlay\"><i class=\"fa-search-plus\"><\/i><\/div><\/a><\/div><div class=\"item-grid grid-4\"><a href=\"https:\/\/malakoloski-muzej-makarska.eu\/wp-content\/uploads\/2019\/10\/DSC_0385-1.jpg\" target=\"_blank\"><img decoding=\"async\" src=\"https:\/\/malakoloski-muzej-makarska.eu\/wp-content\/uploads\/2019\/10\/DSC_0385-1-600x400xc.jpg\" alt=\"\"\/><div class=\"kc-image-overlay\"><i class=\"fa-search-plus\"><\/i><\/div><\/a><\/div><div class=\"item-grid grid-4\"><a href=\"https:\/\/malakoloski-muzej-makarska.eu\/wp-content\/uploads\/2019\/10\/DSC_0389-1.jpg\" target=\"_blank\"><img decoding=\"async\" src=\"https:\/\/malakoloski-muzej-makarska.eu\/wp-content\/uploads\/2019\/10\/DSC_0389-1-600x400xc.jpg\" alt=\"\"\/><div class=\"kc-image-overlay\"><i class=\"fa-search-plus\"><\/i><\/div><\/a><\/div><div class=\"item-grid grid-4\"><a href=\"https:\/\/malakoloski-muzej-makarska.eu\/wp-content\/uploads\/2019\/10\/DSC_0392-1.jpg\" target=\"_blank\"><img decoding=\"async\" src=\"https:\/\/malakoloski-muzej-makarska.eu\/wp-content\/uploads\/2019\/10\/DSC_0392-1-600x400xc.jpg\" alt=\"\"\/><div class=\"kc-image-overlay\"><i class=\"fa-search-plus\"><\/i><\/div><\/a><\/div><div class=\"item-grid grid-4\"><a href=\"https:\/\/malakoloski-muzej-makarska.eu\/wp-content\/uploads\/2019\/10\/DSC_0408-1.jpg\" target=\"_blank\"><img decoding=\"async\" src=\"https:\/\/malakoloski-muzej-makarska.eu\/wp-content\/uploads\/2019\/10\/DSC_0408-1-600x400xc.jpg\" alt=\"\"\/><div class=\"kc-image-overlay\"><i class=\"fa-search-plus\"><\/i><\/div><\/a><\/div><div class=\"item-grid grid-4\"><a href=\"https:\/\/malakoloski-muzej-makarska.eu\/wp-content\/uploads\/2019\/10\/DSC_0419-1.jpg\" target=\"_blank\"><img decoding=\"async\" src=\"https:\/\/malakoloski-muzej-makarska.eu\/wp-content\/uploads\/2019\/10\/DSC_0419-1-600x400xc.jpg\" alt=\"\"\/><div class=\"kc-image-overlay\"><i class=\"fa-search-plus\"><\/i><\/div><\/a><\/div><div class=\"item-grid grid-4\"><a href=\"https:\/\/malakoloski-muzej-makarska.eu\/wp-content\/uploads\/2019\/10\/DSC_0425-1.jpg\" target=\"_blank\"><img decoding=\"async\" src=\"https:\/\/malakoloski-muzej-makarska.eu\/wp-content\/uploads\/2019\/10\/DSC_0425-1-600x400xc.jpg\" alt=\"\"\/><div class=\"kc-image-overlay\"><i class=\"fa-search-plus\"><\/i><\/div><\/a><\/div><\/div>\n<\/div><\/div><\/div><\/div><\/div><\/section>\n","protected":false},"excerpt":{"rendered":"","protected":false},"author":1,"featured_media":0,"parent":0,"menu_order":0,"comment_status":"closed","ping_status":"closed","template":"","meta":{"footnotes":""},"class_list":["post-2411","page","type-page","status-publish","hentry"],"yoast_head":"<!-- This site is optimized with the Yoast SEO plugin v27.2 - https:\/\/yoast.com\/product\/yoast-seo-wordpress\/ -->\n<title>Il museo - Museo Malacologico di Makarska<\/title>\n<meta name=\"description\" content=\"Il Museo Malacologico di Makarska \u00e8 una delle istituzioni culturali pi\u00f9 preziose della citt\u00e0 di Makarska cos\u00ec come dell\u2019intero paese.\" \/>\n<meta name=\"robots\" content=\"index, follow, max-snippet:-1, max-image-preview:large, max-video-preview:-1\" \/>\n<link rel=\"canonical\" href=\"https:\/\/malakoloski-muzej-makarska.eu\/it\/o-muzeju\/\" \/>\n<meta property=\"og:locale\" content=\"it_IT\" \/>\n<meta property=\"og:type\" content=\"article\" \/>\n<meta property=\"og:title\" content=\"Il museo - Museo Malacologico di Makarska\" \/>\n<meta property=\"og:description\" content=\"Il Museo Malacologico di Makarska \u00e8 una delle istituzioni culturali pi\u00f9 preziose della citt\u00e0 di Makarska cos\u00ec come dell\u2019intero paese.\" \/>\n<meta property=\"og:url\" content=\"https:\/\/malakoloski-muzej-makarska.eu\/it\/o-muzeju\/\" \/>\n<meta property=\"og:site_name\" content=\"Museo Malacologico di Makarska\" \/>\n<meta property=\"article:modified_time\" content=\"2024-07-01T14:37:36+00:00\" \/>\n<meta property=\"og:image\" content=\"https:\/\/malakoloski-muzej-makarska.eu\/wp-content\/uploads\/2019\/10\/DSC_0436-2-600x400xc.jpg\" \/>\n<meta name=\"twitter:card\" content=\"summary_large_image\" \/>\n<meta name=\"twitter:label1\" content=\"Tempo di lettura stimato\" \/>\n\t<meta name=\"twitter:data1\" content=\"3 minuti\" \/>\n<script type=\"application\/ld+json\" class=\"yoast-schema-graph\">{\"@context\":\"https:\/\/schema.org\",\"@graph\":[{\"@type\":\"WebPage\",\"@id\":\"https:\/\/malakoloski-muzej-makarska.eu\/it\/o-muzeju\/\",\"url\":\"https:\/\/malakoloski-muzej-makarska.eu\/it\/o-muzeju\/\",\"name\":\"Il museo - Museo Malacologico di Makarska\",\"isPartOf\":{\"@id\":\"https:\/\/malakoloski-muzej-makarska.eu\/#website\"},\"primaryImageOfPage\":{\"@id\":\"https:\/\/malakoloski-muzej-makarska.eu\/it\/o-muzeju\/#primaryimage\"},\"image\":{\"@id\":\"https:\/\/malakoloski-muzej-makarska.eu\/it\/o-muzeju\/#primaryimage\"},\"thumbnailUrl\":\"https:\/\/malakoloski-muzej-makarska.eu\/wp-content\/uploads\/2019\/10\/DSC_0436-2-600x400xc.jpg\",\"datePublished\":\"2019-08-06T11:14:16+00:00\",\"dateModified\":\"2024-07-01T14:37:36+00:00\",\"description\":\"Il Museo Malacologico di Makarska \u00e8 una delle istituzioni culturali pi\u00f9 preziose della citt\u00e0 di Makarska cos\u00ec come dell\u2019intero paese.\",\"breadcrumb\":{\"@id\":\"https:\/\/malakoloski-muzej-makarska.eu\/it\/o-muzeju\/#breadcrumb\"},\"inLanguage\":\"it-IT\",\"potentialAction\":[{\"@type\":\"ReadAction\",\"target\":[\"https:\/\/malakoloski-muzej-makarska.eu\/it\/o-muzeju\/\"]}]},{\"@type\":\"ImageObject\",\"inLanguage\":\"it-IT\",\"@id\":\"https:\/\/malakoloski-muzej-makarska.eu\/it\/o-muzeju\/#primaryimage\",\"url\":\"https:\/\/malakoloski-muzej-makarska.eu\/wp-content\/uploads\/2019\/10\/DSC_0436-2-600x400xc.jpg\",\"contentUrl\":\"https:\/\/malakoloski-muzej-makarska.eu\/wp-content\/uploads\/2019\/10\/DSC_0436-2-600x400xc.jpg\"},{\"@type\":\"BreadcrumbList\",\"@id\":\"https:\/\/malakoloski-muzej-makarska.eu\/it\/o-muzeju\/#breadcrumb\",\"itemListElement\":[{\"@type\":\"ListItem\",\"position\":1,\"name\":\"Home\",\"item\":\"https:\/\/malakoloski-muzej-makarska.eu\/it\/\"},{\"@type\":\"ListItem\",\"position\":2,\"name\":\"Il museo\"}]},{\"@type\":\"WebSite\",\"@id\":\"https:\/\/malakoloski-muzej-makarska.eu\/#website\",\"url\":\"https:\/\/malakoloski-muzej-makarska.eu\/\",\"name\":\"Museo Malacologico di Makarska\",\"description\":\"Malakolo\u0161ki muzej Franjeva\u010dkog samostana u Makarskoj\",\"potentialAction\":[{\"@type\":\"SearchAction\",\"target\":{\"@type\":\"EntryPoint\",\"urlTemplate\":\"https:\/\/malakoloski-muzej-makarska.eu\/?s={search_term_string}\"},\"query-input\":{\"@type\":\"PropertyValueSpecification\",\"valueRequired\":true,\"valueName\":\"search_term_string\"}}],\"inLanguage\":\"it-IT\"}]}<\/script>\n<!-- \/ Yoast SEO plugin. -->","yoast_head_json":{"title":"Il museo - Museo Malacologico di Makarska","description":"Il Museo Malacologico di Makarska \u00e8 una delle istituzioni culturali pi\u00f9 preziose della citt\u00e0 di Makarska cos\u00ec come dell\u2019intero paese.","robots":{"index":"index","follow":"follow","max-snippet":"max-snippet:-1","max-image-preview":"max-image-preview:large","max-video-preview":"max-video-preview:-1"},"canonical":"https:\/\/malakoloski-muzej-makarska.eu\/it\/o-muzeju\/","og_locale":"it_IT","og_type":"article","og_title":"Il museo - Museo Malacologico di Makarska","og_description":"Il Museo Malacologico di Makarska \u00e8 una delle istituzioni culturali pi\u00f9 preziose della citt\u00e0 di Makarska cos\u00ec come dell\u2019intero paese.","og_url":"https:\/\/malakoloski-muzej-makarska.eu\/it\/o-muzeju\/","og_site_name":"Museo Malacologico di Makarska","article_modified_time":"2024-07-01T14:37:36+00:00","og_image":[{"url":"https:\/\/malakoloski-muzej-makarska.eu\/wp-content\/uploads\/2019\/10\/DSC_0436-2-600x400xc.jpg","type":"","width":"","height":""}],"twitter_card":"summary_large_image","twitter_misc":{"Tempo di lettura stimato":"3 minuti"},"schema":{"@context":"https:\/\/schema.org","@graph":[{"@type":"WebPage","@id":"https:\/\/malakoloski-muzej-makarska.eu\/it\/o-muzeju\/","url":"https:\/\/malakoloski-muzej-makarska.eu\/it\/o-muzeju\/","name":"Il museo - Museo Malacologico di Makarska","isPartOf":{"@id":"https:\/\/malakoloski-muzej-makarska.eu\/#website"},"primaryImageOfPage":{"@id":"https:\/\/malakoloski-muzej-makarska.eu\/it\/o-muzeju\/#primaryimage"},"image":{"@id":"https:\/\/malakoloski-muzej-makarska.eu\/it\/o-muzeju\/#primaryimage"},"thumbnailUrl":"https:\/\/malakoloski-muzej-makarska.eu\/wp-content\/uploads\/2019\/10\/DSC_0436-2-600x400xc.jpg","datePublished":"2019-08-06T11:14:16+00:00","dateModified":"2024-07-01T14:37:36+00:00","description":"Il Museo Malacologico di Makarska \u00e8 una delle istituzioni culturali pi\u00f9 preziose della citt\u00e0 di Makarska cos\u00ec come dell\u2019intero paese.","breadcrumb":{"@id":"https:\/\/malakoloski-muzej-makarska.eu\/it\/o-muzeju\/#breadcrumb"},"inLanguage":"it-IT","potentialAction":[{"@type":"ReadAction","target":["https:\/\/malakoloski-muzej-makarska.eu\/it\/o-muzeju\/"]}]},{"@type":"ImageObject","inLanguage":"it-IT","@id":"https:\/\/malakoloski-muzej-makarska.eu\/it\/o-muzeju\/#primaryimage","url":"https:\/\/malakoloski-muzej-makarska.eu\/wp-content\/uploads\/2019\/10\/DSC_0436-2-600x400xc.jpg","contentUrl":"https:\/\/malakoloski-muzej-makarska.eu\/wp-content\/uploads\/2019\/10\/DSC_0436-2-600x400xc.jpg"},{"@type":"BreadcrumbList","@id":"https:\/\/malakoloski-muzej-makarska.eu\/it\/o-muzeju\/#breadcrumb","itemListElement":[{"@type":"ListItem","position":1,"name":"Home","item":"https:\/\/malakoloski-muzej-makarska.eu\/it\/"},{"@type":"ListItem","position":2,"name":"Il museo"}]},{"@type":"WebSite","@id":"https:\/\/malakoloski-muzej-makarska.eu\/#website","url":"https:\/\/malakoloski-muzej-makarska.eu\/","name":"Museo Malacologico di Makarska","description":"Malakolo\u0161ki muzej Franjeva\u010dkog samostana u Makarskoj","potentialAction":[{"@type":"SearchAction","target":{"@type":"EntryPoint","urlTemplate":"https:\/\/malakoloski-muzej-makarska.eu\/?s={search_term_string}"},"query-input":{"@type":"PropertyValueSpecification","valueRequired":true,"valueName":"search_term_string"}}],"inLanguage":"it-IT"}]}},"_links":{"self":[{"href":"https:\/\/malakoloski-muzej-makarska.eu\/it\/wp-json\/wp\/v2\/pages\/2411","targetHints":{"allow":["GET"]}}],"collection":[{"href":"https:\/\/malakoloski-muzej-makarska.eu\/it\/wp-json\/wp\/v2\/pages"}],"about":[{"href":"https:\/\/malakoloski-muzej-makarska.eu\/it\/wp-json\/wp\/v2\/types\/page"}],"author":[{"embeddable":true,"href":"https:\/\/malakoloski-muzej-makarska.eu\/it\/wp-json\/wp\/v2\/users\/1"}],"replies":[{"embeddable":true,"href":"https:\/\/malakoloski-muzej-makarska.eu\/it\/wp-json\/wp\/v2\/comments?post=2411"}],"version-history":[{"count":5,"href":"https:\/\/malakoloski-muzej-makarska.eu\/it\/wp-json\/wp\/v2\/pages\/2411\/revisions"}],"predecessor-version":[{"id":2605,"href":"https:\/\/malakoloski-muzej-makarska.eu\/it\/wp-json\/wp\/v2\/pages\/2411\/revisions\/2605"}],"wp:attachment":[{"href":"https:\/\/malakoloski-muzej-makarska.eu\/it\/wp-json\/wp\/v2\/media?parent=2411"}],"curies":[{"name":"wp","href":"https:\/\/api.w.org\/{rel}","templated":true}]}}