{"id":2426,"date":"2019-08-06T11:15:51","date_gmt":"2019-08-06T11:15:51","guid":{"rendered":"https:\/\/malakoloski-muzej-makarska.eu\/o-samostanu\/"},"modified":"2024-07-01T14:39:38","modified_gmt":"2024-07-01T14:39:38","slug":"o-samostanu","status":"publish","type":"page","link":"https:\/\/malakoloski-muzej-makarska.eu\/it\/o-samostanu\/","title":{"rendered":"Il monastero"},"content":{"rendered":"<section class=\"kc-elm kc-css-821353 kc_row\"><div class=\"kc-row-container  kc-container\"><div class=\"kc-wrap-columns\"><div class=\"kc-elm kc-css-772534 kc_col-sm-12 kc_column kc_col-sm-12\"><div class=\"kc-col-container\"><div class=\"kc-elm kc-css-233710 kc_text_block\"><\/p>\n<p>I francescani giunsero a Makarska verso la fine del XV secolo e si stabilirono fuori dall&#8217;insediamento urbano, vicino alla chiesa di S. Maria. La loro residenza fu dichiarata nel 1518 monastero; venne distrutto durante la guerra di Cipro (1570-1573), quando nel 1572 i veneziani lo demolirono per motivi militari, come fecero successivamente i turchi con la chiesa. La chiesa fu nuovamente distrutta durante la guerra di Candia nel XVII secolo, quando i turchi diedero fuoco alla parte del monastero con la chiesa, mentre l&#8217;altra parte fu distrutta da un terremoto nel 1667.<\/p>\n<p>I francescani tuttavia sopravvissero e dopo la guerra restaurarono gli edifici del monastero. Ben presto eressero l&#8217;ala che si estendeva verso il mare. Nel 1944 il governo comunista si impossess\u00f2 della nuova ala del monastero e della parte del monastero pi\u00f9 antica e la trasform\u00f2 in un centro medico. Quando il centro nel 1980 fu trasferito in un nuovo edificio nel giardino francescano (Doc), l&#8217;edificio nazionalizzato fu rilevato dalla societ\u00e0 &#8220;Primorje\". Infine, dopo molto tentativi, dopo pi\u00f9 di mezzo secolo, nel 2002 l&#8217;edificio venne restituito al monastero. Durante il terremoto del 1962 la parte antica del monastero fu distrutta e poi ricostruita. Dopo la seconda guerra mondiale, alcune classi del liceo furono collocate a Makarska. Nel 1957 il Seminario Teologico Francescano fu nuovamente trasferito a Makarska.<\/p>\n<p>\n<\/div><div class=\"kc-elm kc-css-12845\" style=\"height: 39px; clear: both; width:100%;\"><\/div><div class=\"kc-elm kc-css-46566 kc_shortcode kc_single_image\">\n\n        <a  href=\"https:\/\/malakoloski-muzej-makarska.eu\/wp-content\/uploads\/2019\/10\/DSC_0205-1.jpg\" title=\"img\" target=\"\">\n        <img decoding=\"async\" src=\"https:\/\/malakoloski-muzej-makarska.eu\/wp-content\/uploads\/2019\/10\/DSC_0205-1.jpg\" class=\"\" alt=\"img\" \/>    <\/a>\n    <\/div>\n<div class=\"kc-elm kc-css-220505\" style=\"height: 39px; clear: both; width:100%;\"><\/div><div class=\"kc-elm kc-css-549311 kc_text_block\"><\/p>\n<p>Nel 1969 venne fondato un Seminario Superiore congiunto delle Province Francescane del Santissimo Redentore e di S. Jeronimo a Makarska e Dubrovnik. Nel 1971 \u00e8 stato annesso alla Facolt\u00e0 Teologica Cattolica di Zagabria. Nel 1999, il seminario teologico di Makarska \u00e8 stato unito al seminario teologico dell&#8217;arcidiocesi di Spalato a Spalato, facendo cos\u00ec nascere la Facolt\u00e0 teologica cattolica dell&#8217;Universit\u00e0 di Spalato.<\/p>\n<p>I professori di Makarska furono gli iniziatori della rivista scientifica Nova revija (1922-1944). Nella Biblioteca Teologica venne pubblicata una serie di libri professionali. Dopo la guerra, a Makarska furono avviate la redazione del Servizio Divino e la biblioteca del Servizio Divino.<\/p>\n<p>Attraverso i diversi secoli di esistenza del monastero, i francescani hanno creato una biblioteca che conta circa 5.000 volumi, 24 incunabuli, diverse riviste e manoscritti. Il monastero possiede inoltre un ricco archivio in cui sono conservati 369 documenti turchi. Di fronte al monastero e alla chiesa fu eretto nel 2002 un monumento al frate maestro, opera dello scultore accademico A. Jurki\u0107. Oltre al monastero, i francescani si occuparono della chiesa di S. Maria che fu costruita probabilmente nel 1400. Fu menzionata per la prima volta nel 1502 quando i turchi ne permisero la ricostruzione; allora potrebbe anche essere stata ampliata.<\/p>\n<p>FONTE: <a href=\"https:\/\/www.franjevci-split.hr\/\" target=\"_blank\" rel=\"noopener\">https:\/\/www.franjevci-split.hr\/<\/a><\/p>\n<p>\n<\/div><\/div><\/div><\/div><\/div><\/section>\n","protected":false},"excerpt":{"rendered":"","protected":false},"author":1,"featured_media":0,"parent":0,"menu_order":0,"comment_status":"closed","ping_status":"closed","template":"","meta":{"footnotes":""},"class_list":["post-2426","page","type-page","status-publish","hentry"],"yoast_head":"<!-- This site is optimized with the Yoast SEO plugin v27.2 - https:\/\/yoast.com\/product\/yoast-seo-wordpress\/ -->\n<title>Il monastero - Museo Malacologico di Makarska<\/title>\n<meta name=\"description\" content=\"I francescani giunsero a Makarska verso la fine del XV secolo e si stabilirono fuori dall\u2019insediamento urbano, vicino alla chiesa di S. Maria. La loro residenza fu dichiarata nel 1518 monastero; venne distrutto durante la guerra di Cipro\" \/>\n<meta name=\"robots\" content=\"index, follow, max-snippet:-1, max-image-preview:large, max-video-preview:-1\" \/>\n<link rel=\"canonical\" href=\"https:\/\/malakoloski-muzej-makarska.eu\/it\/o-samostanu\/\" \/>\n<meta property=\"og:locale\" content=\"it_IT\" \/>\n<meta property=\"og:type\" content=\"article\" \/>\n<meta property=\"og:title\" content=\"Il monastero - Museo Malacologico di Makarska\" \/>\n<meta property=\"og:description\" content=\"I francescani giunsero a Makarska verso la fine del XV secolo e si stabilirono fuori dall\u2019insediamento urbano, vicino alla chiesa di S. Maria. La loro residenza fu dichiarata nel 1518 monastero; venne distrutto durante la guerra di Cipro\" \/>\n<meta property=\"og:url\" content=\"https:\/\/malakoloski-muzej-makarska.eu\/it\/o-samostanu\/\" \/>\n<meta property=\"og:site_name\" content=\"Museo Malacologico di Makarska\" \/>\n<meta property=\"article:modified_time\" content=\"2024-07-01T14:39:38+00:00\" \/>\n<meta property=\"og:image\" content=\"https:\/\/malakoloski-muzej-makarska.eu\/wp-content\/uploads\/2019\/10\/DSC_0205-1.jpg\" \/>\n<meta name=\"twitter:card\" content=\"summary_large_image\" \/>\n<meta name=\"twitter:label1\" content=\"Tempo di lettura stimato\" \/>\n\t<meta name=\"twitter:data1\" content=\"2 minuti\" \/>\n<script type=\"application\/ld+json\" class=\"yoast-schema-graph\">{\"@context\":\"https:\/\/schema.org\",\"@graph\":[{\"@type\":\"WebPage\",\"@id\":\"https:\/\/malakoloski-muzej-makarska.eu\/it\/o-samostanu\/\",\"url\":\"https:\/\/malakoloski-muzej-makarska.eu\/it\/o-samostanu\/\",\"name\":\"Il monastero - Museo Malacologico di Makarska\",\"isPartOf\":{\"@id\":\"https:\/\/malakoloski-muzej-makarska.eu\/#website\"},\"primaryImageOfPage\":{\"@id\":\"https:\/\/malakoloski-muzej-makarska.eu\/it\/o-samostanu\/#primaryimage\"},\"image\":{\"@id\":\"https:\/\/malakoloski-muzej-makarska.eu\/it\/o-samostanu\/#primaryimage\"},\"thumbnailUrl\":\"https:\/\/malakoloski-muzej-makarska.eu\/wp-content\/uploads\/2019\/10\/DSC_0205-1.jpg\",\"datePublished\":\"2019-08-06T11:15:51+00:00\",\"dateModified\":\"2024-07-01T14:39:38+00:00\",\"description\":\"I francescani giunsero a Makarska verso la fine del XV secolo e si stabilirono fuori dall\u2019insediamento urbano, vicino alla chiesa di S. Maria. La loro residenza fu dichiarata nel 1518 monastero; venne distrutto durante la guerra di Cipro\",\"breadcrumb\":{\"@id\":\"https:\/\/malakoloski-muzej-makarska.eu\/it\/o-samostanu\/#breadcrumb\"},\"inLanguage\":\"it-IT\",\"potentialAction\":[{\"@type\":\"ReadAction\",\"target\":[\"https:\/\/malakoloski-muzej-makarska.eu\/it\/o-samostanu\/\"]}]},{\"@type\":\"ImageObject\",\"inLanguage\":\"it-IT\",\"@id\":\"https:\/\/malakoloski-muzej-makarska.eu\/it\/o-samostanu\/#primaryimage\",\"url\":\"https:\/\/malakoloski-muzej-makarska.eu\/wp-content\/uploads\/2019\/10\/DSC_0205-1.jpg\",\"contentUrl\":\"https:\/\/malakoloski-muzej-makarska.eu\/wp-content\/uploads\/2019\/10\/DSC_0205-1.jpg\"},{\"@type\":\"BreadcrumbList\",\"@id\":\"https:\/\/malakoloski-muzej-makarska.eu\/it\/o-samostanu\/#breadcrumb\",\"itemListElement\":[{\"@type\":\"ListItem\",\"position\":1,\"name\":\"Home\",\"item\":\"https:\/\/malakoloski-muzej-makarska.eu\/it\/\"},{\"@type\":\"ListItem\",\"position\":2,\"name\":\"Il monastero\"}]},{\"@type\":\"WebSite\",\"@id\":\"https:\/\/malakoloski-muzej-makarska.eu\/#website\",\"url\":\"https:\/\/malakoloski-muzej-makarska.eu\/\",\"name\":\"Museo Malacologico di Makarska\",\"description\":\"Malakolo\u0161ki muzej Franjeva\u010dkog samostana u Makarskoj\",\"potentialAction\":[{\"@type\":\"SearchAction\",\"target\":{\"@type\":\"EntryPoint\",\"urlTemplate\":\"https:\/\/malakoloski-muzej-makarska.eu\/?s={search_term_string}\"},\"query-input\":{\"@type\":\"PropertyValueSpecification\",\"valueRequired\":true,\"valueName\":\"search_term_string\"}}],\"inLanguage\":\"it-IT\"}]}<\/script>\n<!-- \/ Yoast SEO plugin. -->","yoast_head_json":{"title":"Il monastero - Museo Malacologico di Makarska","description":"I francescani giunsero a Makarska verso la fine del XV secolo e si stabilirono fuori dall\u2019insediamento urbano, vicino alla chiesa di S. Maria. La loro residenza fu dichiarata nel 1518 monastero; venne distrutto durante la guerra di Cipro","robots":{"index":"index","follow":"follow","max-snippet":"max-snippet:-1","max-image-preview":"max-image-preview:large","max-video-preview":"max-video-preview:-1"},"canonical":"https:\/\/malakoloski-muzej-makarska.eu\/it\/o-samostanu\/","og_locale":"it_IT","og_type":"article","og_title":"Il monastero - Museo Malacologico di Makarska","og_description":"I francescani giunsero a Makarska verso la fine del XV secolo e si stabilirono fuori dall\u2019insediamento urbano, vicino alla chiesa di S. Maria. La loro residenza fu dichiarata nel 1518 monastero; venne distrutto durante la guerra di Cipro","og_url":"https:\/\/malakoloski-muzej-makarska.eu\/it\/o-samostanu\/","og_site_name":"Museo Malacologico di Makarska","article_modified_time":"2024-07-01T14:39:38+00:00","og_image":[{"url":"https:\/\/malakoloski-muzej-makarska.eu\/wp-content\/uploads\/2019\/10\/DSC_0205-1.jpg","type":"","width":"","height":""}],"twitter_card":"summary_large_image","twitter_misc":{"Tempo di lettura stimato":"2 minuti"},"schema":{"@context":"https:\/\/schema.org","@graph":[{"@type":"WebPage","@id":"https:\/\/malakoloski-muzej-makarska.eu\/it\/o-samostanu\/","url":"https:\/\/malakoloski-muzej-makarska.eu\/it\/o-samostanu\/","name":"Il monastero - Museo Malacologico di Makarska","isPartOf":{"@id":"https:\/\/malakoloski-muzej-makarska.eu\/#website"},"primaryImageOfPage":{"@id":"https:\/\/malakoloski-muzej-makarska.eu\/it\/o-samostanu\/#primaryimage"},"image":{"@id":"https:\/\/malakoloski-muzej-makarska.eu\/it\/o-samostanu\/#primaryimage"},"thumbnailUrl":"https:\/\/malakoloski-muzej-makarska.eu\/wp-content\/uploads\/2019\/10\/DSC_0205-1.jpg","datePublished":"2019-08-06T11:15:51+00:00","dateModified":"2024-07-01T14:39:38+00:00","description":"I francescani giunsero a Makarska verso la fine del XV secolo e si stabilirono fuori dall\u2019insediamento urbano, vicino alla chiesa di S. Maria. La loro residenza fu dichiarata nel 1518 monastero; venne distrutto durante la guerra di Cipro","breadcrumb":{"@id":"https:\/\/malakoloski-muzej-makarska.eu\/it\/o-samostanu\/#breadcrumb"},"inLanguage":"it-IT","potentialAction":[{"@type":"ReadAction","target":["https:\/\/malakoloski-muzej-makarska.eu\/it\/o-samostanu\/"]}]},{"@type":"ImageObject","inLanguage":"it-IT","@id":"https:\/\/malakoloski-muzej-makarska.eu\/it\/o-samostanu\/#primaryimage","url":"https:\/\/malakoloski-muzej-makarska.eu\/wp-content\/uploads\/2019\/10\/DSC_0205-1.jpg","contentUrl":"https:\/\/malakoloski-muzej-makarska.eu\/wp-content\/uploads\/2019\/10\/DSC_0205-1.jpg"},{"@type":"BreadcrumbList","@id":"https:\/\/malakoloski-muzej-makarska.eu\/it\/o-samostanu\/#breadcrumb","itemListElement":[{"@type":"ListItem","position":1,"name":"Home","item":"https:\/\/malakoloski-muzej-makarska.eu\/it\/"},{"@type":"ListItem","position":2,"name":"Il monastero"}]},{"@type":"WebSite","@id":"https:\/\/malakoloski-muzej-makarska.eu\/#website","url":"https:\/\/malakoloski-muzej-makarska.eu\/","name":"Museo Malacologico di Makarska","description":"Malakolo\u0161ki muzej Franjeva\u010dkog samostana u Makarskoj","potentialAction":[{"@type":"SearchAction","target":{"@type":"EntryPoint","urlTemplate":"https:\/\/malakoloski-muzej-makarska.eu\/?s={search_term_string}"},"query-input":{"@type":"PropertyValueSpecification","valueRequired":true,"valueName":"search_term_string"}}],"inLanguage":"it-IT"}]}},"_links":{"self":[{"href":"https:\/\/malakoloski-muzej-makarska.eu\/it\/wp-json\/wp\/v2\/pages\/2426","targetHints":{"allow":["GET"]}}],"collection":[{"href":"https:\/\/malakoloski-muzej-makarska.eu\/it\/wp-json\/wp\/v2\/pages"}],"about":[{"href":"https:\/\/malakoloski-muzej-makarska.eu\/it\/wp-json\/wp\/v2\/types\/page"}],"author":[{"embeddable":true,"href":"https:\/\/malakoloski-muzej-makarska.eu\/it\/wp-json\/wp\/v2\/users\/1"}],"replies":[{"embeddable":true,"href":"https:\/\/malakoloski-muzej-makarska.eu\/it\/wp-json\/wp\/v2\/comments?post=2426"}],"version-history":[{"count":5,"href":"https:\/\/malakoloski-muzej-makarska.eu\/it\/wp-json\/wp\/v2\/pages\/2426\/revisions"}],"predecessor-version":[{"id":2609,"href":"https:\/\/malakoloski-muzej-makarska.eu\/it\/wp-json\/wp\/v2\/pages\/2426\/revisions\/2609"}],"wp:attachment":[{"href":"https:\/\/malakoloski-muzej-makarska.eu\/it\/wp-json\/wp\/v2\/media?parent=2426"}],"curies":[{"name":"wp","href":"https:\/\/api.w.org\/{rel}","templated":true}]}}