{"id":2438,"date":"2019-08-06T11:16:07","date_gmt":"2019-08-06T11:16:07","guid":{"rendered":"https:\/\/malakoloski-muzej-makarska.eu\/dr-fra-jure-radic\/"},"modified":"2024-07-01T14:26:53","modified_gmt":"2024-07-01T14:26:53","slug":"dr-fra-jure-radic","status":"publish","type":"page","link":"https:\/\/malakoloski-muzej-makarska.eu\/it\/dr-fra-jure-radic\/","title":{"rendered":"Dr. fra Jure Radi\u0107"},"content":{"rendered":"<p><section class=\"kc-elm kc-css-476189 kc_row\"><div class=\"kc-row-container  kc-container\"><div class=\"kc-wrap-columns\"><div class=\"kc-elm kc-css-488653 kc_col-sm-12 kc_column kc_col-sm-12\"><div class=\"kc-col-container\"><div class=\"kc-elm kc-css-349079 kc_text_block\"><\/p>\n<p>Dr. fra Jure Radi\u0107 nacque il 28 novembre 1920 a Ba\u0161ka Voda, vicino a Makarska. Dopo la scuola elementare nella sua citt\u00e0 natale, nel 1940 si diplom\u00f2 al Ginnasio Francescano Classico di Sinj. Fu ordinato sacerdote nel 1943 a Makarska. Consegu\u00ec il dottorato presso la Facolt\u00e0 Teologica Cattolica di Zagabria nel 1957. Fu per breve tempo parroco in diverse parrocchie e trascorse gran parte della sua vita a Visovac, Makarska e Zagabria come educatore e professore (90 semestri) di seminaristi e teologi. Fu tutore e rettore del Seminario Teologico Francescano di Makarska.<\/p>\n<p>Fu un esperto di fama mondiale nel campo della malacologia, botanica ed ecologia. Fond\u00f2 il Museo Malacologico, l&#8217;Istituto &#8220;Montagna e Mare\" e il Giardino Botanico del Biokovo Koti\u0161ina a Makarska. Fu l&#8217;iniziatore delle conferenze scientifiche e della raccolta scientifica &#8220;Acta Biokovica\" sulla natura del Biokovo. Collabor\u00f2 a molte riviste ed edizioni di scienze naturali pubblicando un numero considerevole di articoli scientifici. Fu autore, redattore, editore e traduttore di numerose pubblicazioni professionali e scientifiche su temi liturgici e teologici. Collabor\u00f2 a numerosi libri e fu autore dei libri Rinnovamento liturgico tra i croati, Zagabria, 1957 (c), 75, Il mio Messale, I-III (riflessioni), Rijeka; 1957 &#8211; 58, 988, Rinnovamento liturgico in Croazia, Makarska, 1966, 224, Tesoro del mare, Makarska, 1970, 116, Erbe del Biokovo, Makarska, 1977, 237, Il volto del mare, Makarska, 1991, 94.<\/p>\n<p>Mor\u00ec improvvisamente il 25 luglio 1990 a Spalato e fu sepolto nel cimitero cittadino di Makarska.<\/p>\n<p>FONTE: <a href=\"https:\/\/pp-biokovo.hr\/\" target=\"_blank\" rel=\"noopener\">https:\/\/pp-biokovo.hr\/<\/a><\/p>\n<p>\n<\/div><\/div><\/div><\/div><\/div><\/section><section class=\"kc-elm kc-css-288772 kc_row\"><div class=\"kc-row-container  kc-container\"><div class=\"kc-wrap-columns\"><div class=\"kc-elm kc-css-92367 kc_col-sm-12 kc_column kc_col-sm-12\"><div class=\"kc-col-container\"><div class=\"kc-elm kc-css-191742 kc_shortcode kc_single_image\">\n\n        <a  href=\"https:\/\/malakoloski-muzej-makarska.eu\/wp-content\/uploads\/2019\/10\/DSC_0358.jpg\" title=\"\" target=\"\">\n        <img decoding=\"async\" src=\"https:\/\/malakoloski-muzej-makarska.eu\/wp-content\/uploads\/2019\/10\/DSC_0358.jpg\" class=\"\" alt=\"\" \/>    <\/a>\n    <\/div>\n<\/div><\/div><\/div><\/div><\/section><\/p>\n","protected":false},"excerpt":{"rendered":"","protected":false},"author":1,"featured_media":0,"parent":0,"menu_order":0,"comment_status":"closed","ping_status":"closed","template":"","meta":{"footnotes":""},"class_list":["post-2438","page","type-page","status-publish","hentry"],"yoast_head":"<!-- This site is optimized with the Yoast SEO plugin v27.2 - https:\/\/yoast.com\/product\/yoast-seo-wordpress\/ -->\n<title>Dr. fra Jure Radi\u0107 - Museo Malacologico di Makarska<\/title>\n<meta name=\"description\" content=\"Dr. fra Jure Radi\u0107 nacque il 28 novembre 1920 a Ba\u0161ka Voda, vicino a Makarska. Dopo la scuola elementare nella sua citt\u00e0 natale, nel 1940 si diplom\u00f2 al Ginnasio Francescano Classico di Sinj.\" \/>\n<meta name=\"robots\" content=\"index, follow, max-snippet:-1, max-image-preview:large, max-video-preview:-1\" \/>\n<link rel=\"canonical\" href=\"https:\/\/malakoloski-muzej-makarska.eu\/it\/dr-fra-jure-radic\/\" \/>\n<meta property=\"og:locale\" content=\"it_IT\" \/>\n<meta property=\"og:type\" content=\"article\" \/>\n<meta property=\"og:title\" content=\"Dr. fra Jure Radi\u0107 - Museo Malacologico di Makarska\" \/>\n<meta property=\"og:description\" content=\"Dr. fra Jure Radi\u0107 nacque il 28 novembre 1920 a Ba\u0161ka Voda, vicino a Makarska. Dopo la scuola elementare nella sua citt\u00e0 natale, nel 1940 si diplom\u00f2 al Ginnasio Francescano Classico di Sinj.\" \/>\n<meta property=\"og:url\" content=\"https:\/\/malakoloski-muzej-makarska.eu\/it\/dr-fra-jure-radic\/\" \/>\n<meta property=\"og:site_name\" content=\"Museo Malacologico di Makarska\" \/>\n<meta property=\"article:modified_time\" content=\"2024-07-01T14:26:53+00:00\" \/>\n<meta property=\"og:image\" content=\"https:\/\/malakoloski-muzej-makarska.eu\/wp-content\/uploads\/2019\/10\/DSC_0358.jpg\" \/>\n<meta name=\"twitter:card\" content=\"summary_large_image\" \/>\n<meta name=\"twitter:label1\" content=\"Tempo di lettura stimato\" \/>\n\t<meta name=\"twitter:data1\" content=\"2 minuti\" \/>\n<script type=\"application\/ld+json\" class=\"yoast-schema-graph\">{\"@context\":\"https:\/\/schema.org\",\"@graph\":[{\"@type\":\"WebPage\",\"@id\":\"https:\/\/malakoloski-muzej-makarska.eu\/it\/dr-fra-jure-radic\/\",\"url\":\"https:\/\/malakoloski-muzej-makarska.eu\/it\/dr-fra-jure-radic\/\",\"name\":\"Dr. fra Jure Radi\u0107 - Museo Malacologico di Makarska\",\"isPartOf\":{\"@id\":\"https:\/\/malakoloski-muzej-makarska.eu\/#website\"},\"primaryImageOfPage\":{\"@id\":\"https:\/\/malakoloski-muzej-makarska.eu\/it\/dr-fra-jure-radic\/#primaryimage\"},\"image\":{\"@id\":\"https:\/\/malakoloski-muzej-makarska.eu\/it\/dr-fra-jure-radic\/#primaryimage\"},\"thumbnailUrl\":\"https:\/\/malakoloski-muzej-makarska.eu\/wp-content\/uploads\/2019\/10\/DSC_0358.jpg\",\"datePublished\":\"2019-08-06T11:16:07+00:00\",\"dateModified\":\"2024-07-01T14:26:53+00:00\",\"description\":\"Dr. fra Jure Radi\u0107 nacque il 28 novembre 1920 a Ba\u0161ka Voda, vicino a Makarska. Dopo la scuola elementare nella sua citt\u00e0 natale, nel 1940 si diplom\u00f2 al Ginnasio Francescano Classico di Sinj.\",\"breadcrumb\":{\"@id\":\"https:\/\/malakoloski-muzej-makarska.eu\/it\/dr-fra-jure-radic\/#breadcrumb\"},\"inLanguage\":\"it-IT\",\"potentialAction\":[{\"@type\":\"ReadAction\",\"target\":[\"https:\/\/malakoloski-muzej-makarska.eu\/it\/dr-fra-jure-radic\/\"]}]},{\"@type\":\"ImageObject\",\"inLanguage\":\"it-IT\",\"@id\":\"https:\/\/malakoloski-muzej-makarska.eu\/it\/dr-fra-jure-radic\/#primaryimage\",\"url\":\"https:\/\/malakoloski-muzej-makarska.eu\/wp-content\/uploads\/2019\/10\/DSC_0358.jpg\",\"contentUrl\":\"https:\/\/malakoloski-muzej-makarska.eu\/wp-content\/uploads\/2019\/10\/DSC_0358.jpg\"},{\"@type\":\"BreadcrumbList\",\"@id\":\"https:\/\/malakoloski-muzej-makarska.eu\/it\/dr-fra-jure-radic\/#breadcrumb\",\"itemListElement\":[{\"@type\":\"ListItem\",\"position\":1,\"name\":\"Home\",\"item\":\"https:\/\/malakoloski-muzej-makarska.eu\/it\/\"},{\"@type\":\"ListItem\",\"position\":2,\"name\":\"Dr. fra Jure Radi\u0107\"}]},{\"@type\":\"WebSite\",\"@id\":\"https:\/\/malakoloski-muzej-makarska.eu\/#website\",\"url\":\"https:\/\/malakoloski-muzej-makarska.eu\/\",\"name\":\"Museo Malacologico di Makarska\",\"description\":\"Malakolo\u0161ki muzej Franjeva\u010dkog samostana u Makarskoj\",\"potentialAction\":[{\"@type\":\"SearchAction\",\"target\":{\"@type\":\"EntryPoint\",\"urlTemplate\":\"https:\/\/malakoloski-muzej-makarska.eu\/?s={search_term_string}\"},\"query-input\":{\"@type\":\"PropertyValueSpecification\",\"valueRequired\":true,\"valueName\":\"search_term_string\"}}],\"inLanguage\":\"it-IT\"}]}<\/script>\n<!-- \/ Yoast SEO plugin. -->","yoast_head_json":{"title":"Dr. fra Jure Radi\u0107 - Museo Malacologico di Makarska","description":"Dr. fra Jure Radi\u0107 nacque il 28 novembre 1920 a Ba\u0161ka Voda, vicino a Makarska. Dopo la scuola elementare nella sua citt\u00e0 natale, nel 1940 si diplom\u00f2 al Ginnasio Francescano Classico di Sinj.","robots":{"index":"index","follow":"follow","max-snippet":"max-snippet:-1","max-image-preview":"max-image-preview:large","max-video-preview":"max-video-preview:-1"},"canonical":"https:\/\/malakoloski-muzej-makarska.eu\/it\/dr-fra-jure-radic\/","og_locale":"it_IT","og_type":"article","og_title":"Dr. fra Jure Radi\u0107 - Museo Malacologico di Makarska","og_description":"Dr. fra Jure Radi\u0107 nacque il 28 novembre 1920 a Ba\u0161ka Voda, vicino a Makarska. Dopo la scuola elementare nella sua citt\u00e0 natale, nel 1940 si diplom\u00f2 al Ginnasio Francescano Classico di Sinj.","og_url":"https:\/\/malakoloski-muzej-makarska.eu\/it\/dr-fra-jure-radic\/","og_site_name":"Museo Malacologico di Makarska","article_modified_time":"2024-07-01T14:26:53+00:00","og_image":[{"url":"https:\/\/malakoloski-muzej-makarska.eu\/wp-content\/uploads\/2019\/10\/DSC_0358.jpg","type":"","width":"","height":""}],"twitter_card":"summary_large_image","twitter_misc":{"Tempo di lettura stimato":"2 minuti"},"schema":{"@context":"https:\/\/schema.org","@graph":[{"@type":"WebPage","@id":"https:\/\/malakoloski-muzej-makarska.eu\/it\/dr-fra-jure-radic\/","url":"https:\/\/malakoloski-muzej-makarska.eu\/it\/dr-fra-jure-radic\/","name":"Dr. fra Jure Radi\u0107 - Museo Malacologico di Makarska","isPartOf":{"@id":"https:\/\/malakoloski-muzej-makarska.eu\/#website"},"primaryImageOfPage":{"@id":"https:\/\/malakoloski-muzej-makarska.eu\/it\/dr-fra-jure-radic\/#primaryimage"},"image":{"@id":"https:\/\/malakoloski-muzej-makarska.eu\/it\/dr-fra-jure-radic\/#primaryimage"},"thumbnailUrl":"https:\/\/malakoloski-muzej-makarska.eu\/wp-content\/uploads\/2019\/10\/DSC_0358.jpg","datePublished":"2019-08-06T11:16:07+00:00","dateModified":"2024-07-01T14:26:53+00:00","description":"Dr. fra Jure Radi\u0107 nacque il 28 novembre 1920 a Ba\u0161ka Voda, vicino a Makarska. Dopo la scuola elementare nella sua citt\u00e0 natale, nel 1940 si diplom\u00f2 al Ginnasio Francescano Classico di Sinj.","breadcrumb":{"@id":"https:\/\/malakoloski-muzej-makarska.eu\/it\/dr-fra-jure-radic\/#breadcrumb"},"inLanguage":"it-IT","potentialAction":[{"@type":"ReadAction","target":["https:\/\/malakoloski-muzej-makarska.eu\/it\/dr-fra-jure-radic\/"]}]},{"@type":"ImageObject","inLanguage":"it-IT","@id":"https:\/\/malakoloski-muzej-makarska.eu\/it\/dr-fra-jure-radic\/#primaryimage","url":"https:\/\/malakoloski-muzej-makarska.eu\/wp-content\/uploads\/2019\/10\/DSC_0358.jpg","contentUrl":"https:\/\/malakoloski-muzej-makarska.eu\/wp-content\/uploads\/2019\/10\/DSC_0358.jpg"},{"@type":"BreadcrumbList","@id":"https:\/\/malakoloski-muzej-makarska.eu\/it\/dr-fra-jure-radic\/#breadcrumb","itemListElement":[{"@type":"ListItem","position":1,"name":"Home","item":"https:\/\/malakoloski-muzej-makarska.eu\/it\/"},{"@type":"ListItem","position":2,"name":"Dr. fra Jure Radi\u0107"}]},{"@type":"WebSite","@id":"https:\/\/malakoloski-muzej-makarska.eu\/#website","url":"https:\/\/malakoloski-muzej-makarska.eu\/","name":"Museo Malacologico di Makarska","description":"Malakolo\u0161ki muzej Franjeva\u010dkog samostana u Makarskoj","potentialAction":[{"@type":"SearchAction","target":{"@type":"EntryPoint","urlTemplate":"https:\/\/malakoloski-muzej-makarska.eu\/?s={search_term_string}"},"query-input":{"@type":"PropertyValueSpecification","valueRequired":true,"valueName":"search_term_string"}}],"inLanguage":"it-IT"}]}},"_links":{"self":[{"href":"https:\/\/malakoloski-muzej-makarska.eu\/it\/wp-json\/wp\/v2\/pages\/2438","targetHints":{"allow":["GET"]}}],"collection":[{"href":"https:\/\/malakoloski-muzej-makarska.eu\/it\/wp-json\/wp\/v2\/pages"}],"about":[{"href":"https:\/\/malakoloski-muzej-makarska.eu\/it\/wp-json\/wp\/v2\/types\/page"}],"author":[{"embeddable":true,"href":"https:\/\/malakoloski-muzej-makarska.eu\/it\/wp-json\/wp\/v2\/users\/1"}],"replies":[{"embeddable":true,"href":"https:\/\/malakoloski-muzej-makarska.eu\/it\/wp-json\/wp\/v2\/comments?post=2438"}],"version-history":[{"count":3,"href":"https:\/\/malakoloski-muzej-makarska.eu\/it\/wp-json\/wp\/v2\/pages\/2438\/revisions"}],"predecessor-version":[{"id":2592,"href":"https:\/\/malakoloski-muzej-makarska.eu\/it\/wp-json\/wp\/v2\/pages\/2438\/revisions\/2592"}],"wp:attachment":[{"href":"https:\/\/malakoloski-muzej-makarska.eu\/it\/wp-json\/wp\/v2\/media?parent=2438"}],"curies":[{"name":"wp","href":"https:\/\/api.w.org\/{rel}","templated":true}]}}