{"id":2447,"date":"2019-08-06T11:16:47","date_gmt":"2019-08-06T11:16:47","guid":{"rendered":"https:\/\/malakoloski-muzej-makarska.eu\/info\/"},"modified":"2025-09-16T11:10:18","modified_gmt":"2025-09-16T11:10:18","slug":"info","status":"publish","type":"page","link":"https:\/\/malakoloski-muzej-makarska.eu\/it\/info\/","title":{"rendered":"Info"},"content":{"rendered":"<section class=\"kc-elm kc-css-383874 kc_row\"><div class=\"kc-row-container  kc-container\"><div class=\"kc-wrap-columns\"><div class=\"kc-elm kc-css-860039 kc_col-sm-6 kc_column kc_col-sm-6\"><div class=\"kc-col-container\"><div class=\"kc-elm kc-css-883000 kc_text_block\"><\/p>\n<p><b>Contatti:<\/b><\/p>\n<p>Email: <a href=\"mailto:malakoloska.zbirka@gmail.com\">malakoloska.zbirka@gmail.com<\/a><br \/>Tel: <a href=\"tel:+385 994639293\">+385 (0)99 4639 293<\/a><\/p>\n<p><b>Orario lavorativo di apertura:<\/b><\/p>\n<p class=\"MsoNormal\">Dal <span style=\"font-style: inherit;\">luned\u00ec<\/span> alla venerdi <span style=\"font-style: inherit;\">&#8211; dalle 9:00 alle 15:00<\/span><\/p>\n<p class=\"MsoNormal\">Sabato &#8211;<span style=\"font-style: inherit;\"> dalle 9:00 alle 13:00<\/span><\/p>\n<p class=\"MsoNormal\"><span style=\"font-style: inherit;\">(chiuso il luned\u00ec <\/span>domenica<span style=\"font-style: inherit;\">)<br \/><\/span><\/p>\n<p class=\"MsoNormal\"><span style=\"font-style: inherit;\">\u00a0<\/span><\/p>\n<p><b>Orario di lavoro di apertura dal 15. 10. &#8211; 1. 5.:<\/b><\/p>\n<p>Come d&#8217;accordo<\/p>\n<p>Email: <a href=\"mailto:malakoloska.zbirka@gmail.com\">malakoloska.zbirka@gmail.com<\/a><br \/>Tel: <a href=\"tel:+385 994639293\">+385 (0)99 4639 293<\/a><\/p>\n<p>\n<\/div><\/div><\/div><div class=\"kc-elm kc-css-875073 kc_col-sm-6 kc_column kc_col-sm-6\"><div class=\"kc-col-container\"><div class=\"kc-elm kc-css-397902 kc_text_block\"><\/p>\n<p>\n<strong>Prezzo ingresso:<\/strong><\/p>\n<p>6,00 \u20ac (45,21 kn) \u2013 Adulti<\/p>\n<p>2,50 \u20ac (18,84 kn) \u2013 Ingresso singolo per scolari, studenti e pensionati<\/p>\n<p>2,00 \u20ac (15,07 kn) \u2013 Visita di gruppo di scolari e studenti a persona<\/p>\n<p>4,00 \u20ac (30,14 kn) \u2013 Visita di gruppo di adulti a persona<\/p>\n<p>8,00 \u20ac (60,28 kn) &#8211; Ingresso famiglia<strong><br \/><\/strong><\/p>\n<p><strong>L&#039;ingresso gratuito \u00e8 previsto per i bambini fino a 7 anni di et\u00e0, i veterani croati e le persone con disabilit\u00e0.<\/strong><\/p>\n<p>\n<\/div><\/div><\/div><\/div><\/div><\/section>\n","protected":false},"excerpt":{"rendered":"","protected":false},"author":1,"featured_media":0,"parent":0,"menu_order":0,"comment_status":"closed","ping_status":"closed","template":"","meta":{"footnotes":""},"class_list":["post-2447","page","type-page","status-publish","hentry"],"yoast_head":"<!-- This site is optimized with the Yoast SEO plugin v27.2 - https:\/\/yoast.com\/product\/yoast-seo-wordpress\/ -->\n<title>Info - Museo Malacologico di Makarska<\/title>\n<meta name=\"description\" content=\"Contatti, Orari di apertura, Prezzi dei biglietti\" \/>\n<meta name=\"robots\" content=\"index, follow, max-snippet:-1, max-image-preview:large, max-video-preview:-1\" \/>\n<link rel=\"canonical\" href=\"https:\/\/malakoloski-muzej-makarska.eu\/it\/info\/\" \/>\n<meta property=\"og:locale\" content=\"it_IT\" \/>\n<meta property=\"og:type\" content=\"article\" \/>\n<meta property=\"og:title\" content=\"Info - Museo Malacologico di Makarska\" \/>\n<meta property=\"og:description\" content=\"Contatti, Orari di apertura, Prezzi dei biglietti\" \/>\n<meta property=\"og:url\" content=\"https:\/\/malakoloski-muzej-makarska.eu\/it\/info\/\" \/>\n<meta property=\"og:site_name\" content=\"Museo Malacologico di Makarska\" \/>\n<meta property=\"article:modified_time\" content=\"2025-09-16T11:10:18+00:00\" \/>\n<meta name=\"twitter:card\" content=\"summary_large_image\" \/>\n<meta name=\"twitter:label1\" content=\"Tempo di lettura stimato\" \/>\n\t<meta name=\"twitter:data1\" content=\"1 minuto\" \/>\n<script type=\"application\/ld+json\" class=\"yoast-schema-graph\">{\"@context\":\"https:\/\/schema.org\",\"@graph\":[{\"@type\":\"WebPage\",\"@id\":\"https:\/\/malakoloski-muzej-makarska.eu\/it\/info\/\",\"url\":\"https:\/\/malakoloski-muzej-makarska.eu\/it\/info\/\",\"name\":\"Info - Museo Malacologico di Makarska\",\"isPartOf\":{\"@id\":\"https:\/\/malakoloski-muzej-makarska.eu\/#website\"},\"datePublished\":\"2019-08-06T11:16:47+00:00\",\"dateModified\":\"2025-09-16T11:10:18+00:00\",\"description\":\"Contatti, Orari di apertura, Prezzi dei biglietti\",\"breadcrumb\":{\"@id\":\"https:\/\/malakoloski-muzej-makarska.eu\/it\/info\/#breadcrumb\"},\"inLanguage\":\"it-IT\",\"potentialAction\":[{\"@type\":\"ReadAction\",\"target\":[\"https:\/\/malakoloski-muzej-makarska.eu\/it\/info\/\"]}]},{\"@type\":\"BreadcrumbList\",\"@id\":\"https:\/\/malakoloski-muzej-makarska.eu\/it\/info\/#breadcrumb\",\"itemListElement\":[{\"@type\":\"ListItem\",\"position\":1,\"name\":\"Home\",\"item\":\"https:\/\/malakoloski-muzej-makarska.eu\/it\/\"},{\"@type\":\"ListItem\",\"position\":2,\"name\":\"Info\"}]},{\"@type\":\"WebSite\",\"@id\":\"https:\/\/malakoloski-muzej-makarska.eu\/#website\",\"url\":\"https:\/\/malakoloski-muzej-makarska.eu\/\",\"name\":\"Museo Malacologico di Makarska\",\"description\":\"Malakolo\u0161ki muzej Franjeva\u010dkog samostana u Makarskoj\",\"potentialAction\":[{\"@type\":\"SearchAction\",\"target\":{\"@type\":\"EntryPoint\",\"urlTemplate\":\"https:\/\/malakoloski-muzej-makarska.eu\/?s={search_term_string}\"},\"query-input\":{\"@type\":\"PropertyValueSpecification\",\"valueRequired\":true,\"valueName\":\"search_term_string\"}}],\"inLanguage\":\"it-IT\"}]}<\/script>\n<!-- \/ Yoast SEO plugin. -->","yoast_head_json":{"title":"Info - Museo Malacologico di Makarska","description":"Contatti, Orari di apertura, Prezzi dei biglietti","robots":{"index":"index","follow":"follow","max-snippet":"max-snippet:-1","max-image-preview":"max-image-preview:large","max-video-preview":"max-video-preview:-1"},"canonical":"https:\/\/malakoloski-muzej-makarska.eu\/it\/info\/","og_locale":"it_IT","og_type":"article","og_title":"Info - Museo Malacologico di Makarska","og_description":"Contatti, Orari di apertura, Prezzi dei biglietti","og_url":"https:\/\/malakoloski-muzej-makarska.eu\/it\/info\/","og_site_name":"Museo Malacologico di Makarska","article_modified_time":"2025-09-16T11:10:18+00:00","twitter_card":"summary_large_image","twitter_misc":{"Tempo di lettura stimato":"1 minuto"},"schema":{"@context":"https:\/\/schema.org","@graph":[{"@type":"WebPage","@id":"https:\/\/malakoloski-muzej-makarska.eu\/it\/info\/","url":"https:\/\/malakoloski-muzej-makarska.eu\/it\/info\/","name":"Info - Museo Malacologico di Makarska","isPartOf":{"@id":"https:\/\/malakoloski-muzej-makarska.eu\/#website"},"datePublished":"2019-08-06T11:16:47+00:00","dateModified":"2025-09-16T11:10:18+00:00","description":"Contatti, Orari di apertura, Prezzi dei biglietti","breadcrumb":{"@id":"https:\/\/malakoloski-muzej-makarska.eu\/it\/info\/#breadcrumb"},"inLanguage":"it-IT","potentialAction":[{"@type":"ReadAction","target":["https:\/\/malakoloski-muzej-makarska.eu\/it\/info\/"]}]},{"@type":"BreadcrumbList","@id":"https:\/\/malakoloski-muzej-makarska.eu\/it\/info\/#breadcrumb","itemListElement":[{"@type":"ListItem","position":1,"name":"Home","item":"https:\/\/malakoloski-muzej-makarska.eu\/it\/"},{"@type":"ListItem","position":2,"name":"Info"}]},{"@type":"WebSite","@id":"https:\/\/malakoloski-muzej-makarska.eu\/#website","url":"https:\/\/malakoloski-muzej-makarska.eu\/","name":"Museo Malacologico di Makarska","description":"Malakolo\u0161ki muzej Franjeva\u010dkog samostana u Makarskoj","potentialAction":[{"@type":"SearchAction","target":{"@type":"EntryPoint","urlTemplate":"https:\/\/malakoloski-muzej-makarska.eu\/?s={search_term_string}"},"query-input":{"@type":"PropertyValueSpecification","valueRequired":true,"valueName":"search_term_string"}}],"inLanguage":"it-IT"}]}},"_links":{"self":[{"href":"https:\/\/malakoloski-muzej-makarska.eu\/it\/wp-json\/wp\/v2\/pages\/2447","targetHints":{"allow":["GET"]}}],"collection":[{"href":"https:\/\/malakoloski-muzej-makarska.eu\/it\/wp-json\/wp\/v2\/pages"}],"about":[{"href":"https:\/\/malakoloski-muzej-makarska.eu\/it\/wp-json\/wp\/v2\/types\/page"}],"author":[{"embeddable":true,"href":"https:\/\/malakoloski-muzej-makarska.eu\/it\/wp-json\/wp\/v2\/users\/1"}],"replies":[{"embeddable":true,"href":"https:\/\/malakoloski-muzej-makarska.eu\/it\/wp-json\/wp\/v2\/comments?post=2447"}],"version-history":[{"count":22,"href":"https:\/\/malakoloski-muzej-makarska.eu\/it\/wp-json\/wp\/v2\/pages\/2447\/revisions"}],"predecessor-version":[{"id":2657,"href":"https:\/\/malakoloski-muzej-makarska.eu\/it\/wp-json\/wp\/v2\/pages\/2447\/revisions\/2657"}],"wp:attachment":[{"href":"https:\/\/malakoloski-muzej-makarska.eu\/it\/wp-json\/wp\/v2\/media?parent=2447"}],"curies":[{"name":"wp","href":"https:\/\/api.w.org\/{rel}","templated":true}]}}