{"id":2471,"date":"2019-08-06T11:15:02","date_gmt":"2019-08-06T11:15:02","guid":{"rendered":"https:\/\/malakoloski-muzej-makarska.eu\/malakoloska-zbirka\/"},"modified":"2024-07-01T14:23:34","modified_gmt":"2024-07-01T14:23:34","slug":"malakoloska-zbirka","status":"publish","type":"page","link":"https:\/\/malakoloski-muzej-makarska.eu\/it\/malakoloska-zbirka\/","title":{"rendered":"La collezione malacologica"},"content":{"rendered":"<section class=\"kc-elm kc-css-454340 kc_row\"><div class=\"kc-row-container  kc-container\"><div class=\"kc-wrap-columns\"><div class=\"kc-elm kc-css-262850 kc_col-sm-12 kc_column kc_col-sm-12\"><div class=\"kc-col-container\"><div class=\"kc-elm kc-css-628492 kc_text_block\"><\/p>\n<p>I molluschi sono un gruppo di animali che comprende lumache, bivalvi, cefalopodi, scafopodi, poliplacofori, monoplacofori e aplacofori. Si tratta di un gruppo evolutivamente antico che ha mostrato una grande diversit\u00e0 di specie gi\u00e0 pi\u00f9 di 550 milioni di anni fa. Nel tempo, questa diversit\u00e0 \u00e8 cresciuta costantemente, tanto che oggi ci sono circa 120.000 specie viventi e oltre 40.000 specie estinte (fossili) di molluschi, il che rende questo gruppo secondo per numero di specie, subito dopo gli insetti. Oltre al numero di specie, i molluschi sono molto diversi per forma, colore, dimensioni e stile di vita. Sono presenti in un&#8217;ampia gamma di diversi tipi di habitat: nei mari, dalla costa fino alle pi\u00f9 grandi profondit\u00e0, negli ecosistemi di acqua dolce e terrestre e negli habitat sotterranei, ed \u00e8 impossibile trovarli soltanto in alcuni deserti e montagne che superano i 5.000 metri.<\/p>\n<p>L&#8217;importanza dei molluschi negli ecosistemi naturali \u00e8 incommensurabile: si nutrono di vari tipi di cibo, costituiscono una fonte di cibo per molte altre specie e quindi partecipano in modo significativo alla circolazione delle sostanze in natura e sono uno dei componenti chiave delle catene alimentari. Anche per l&#8217;uomo, i molluschi hanno rappresentato una fonte di cibo fin dagli albori della razza umana. Le conchiglie di mollusco venivano inoltre utilizzate per realizzare semplici strumenti, ornamenti, gioielli, ma anche per vari scopi rituali. I gusci di alcune specie di molluschi sono stati il pi\u00f9 antico mezzo di pagamento conosciuto, i precursori dell\u2019odierno denaro. Oggi le conchiglie dei molluschi sono oggetto di raccolta e studio per migliaia di collezionisti in tutto il mondo. Ci\u00f2 lo si deve alla loro grande diversit\u00e0, distribuzione, accessibilit\u00e0, ma anche all&#8217;esistenza di molte specie rare e poco conosciute. Alcune collezioni malacologiche dei musei mondiali, cos\u00ec come di collezionisti privati, comprendono milioni di esemplari. Anche in Croazia alcuni musei hanno grandi collezioni malacologiche cos\u00ec come esistono molte raccolte di collezionisti privati, ma una vera particolarit\u00e0 per il modo in cui \u00e8 nata e per la ricchezza dei contenuti \u00e8 rappresentata dalla Collezione malacologica del monastero francescano di Makarska.<\/p>\n<p>La collezione ebbe inizio nell&#8217;autunno del 1959, una volta raccolti i materiali sulla riviera di Makarska. La raccolta venne organizzata da fra Jure Radi\u0107 con l&#8217;aiuto della stretta collaboratrice suor Marija Edita \u0160oli\u0107, fra Frane Careva e altri fratelli del monastero. Gi\u00e0 il mese successivo la nuova collezione venne esposta al pubblico per la prima volta nell&#8217;antica chiesa francescana. Con l&#8217;aiuto dei pescatori locali e grazie al diffondersi della voce sulla creazione della collezione, la stessa inizi\u00f2 a crescere rapidamente. Risult\u00f2 di particolare aiuto la moltitudine di donatori e di individui provenienti da diverse parti del mondo che hanno scambiato esemplari dei loro paesi in cambio di molluschi dell&#8217;Adriatico. Con l&#8217;ulteriore crescita della collezione, nacque l&#8217;idea di un\u2019esposizione aperta al pubblico e il 30 aprile 1963 fu aperta una mostra permanente chiamata &#8220;Museo Malacologico\". Centinaia di migliaia di visitatori sono passati fino ad oggi attraverso la collezione esposta al monastero e la voce al suo riguardo si \u00e8 diffusa in tutto il mondo. Nel suo sessantesimo anno dalla sua prima esposizione, la collezione malacologica ha subito un profondo rinnovamento dello spazio espositivo per continuare ad essere una fonte di educazione naturalistica per i bambini in et\u00e0 scolare e per la gente del posto, nonch\u00e9 una meta imprescindibile praticamente per tutti i turisti di passaggio a Makarska o qui in vacanza. Grazie alle donazioni occasionali di conchiglie, la collezione continua a crescere e in futuro potr\u00e0 mostrare ai visitatori molte specie di molluschi che non sono state esposte prima. Anche in futuro, cos\u00ec come fin dalla sua prima apertura, questa mostra rimarr\u00e0 un luogo dove si potr\u00e0 ammirare la diversit\u00e0 e la perfezione di una piccola parte della natura che ci circonda.<\/p>\n<p>\n<\/div><div class=\"kc-elm kc-css-21697\" style=\"height: 20px; clear: both; width:100%;\"><\/div><div class=\"kc-image-gallery kc-elm kc-css-263367\">\n<div class=\"kc_image_gallery kc-carousel-image kc-grid \">\n<div class=\"item-grid grid-4\"><a href=\"https:\/\/malakoloski-muzej-makarska.eu\/wp-content\/uploads\/2019\/09\/malakoloski_zbirka-1.jpg\" target=\"_blank\"><img decoding=\"async\" src=\"https:\/\/malakoloski-muzej-makarska.eu\/wp-content\/uploads\/2019\/09\/malakoloski_zbirka-1-600x400xc.jpg\" alt=\"\"\/><\/a><\/div><div class=\"item-grid grid-4\"><a href=\"https:\/\/malakoloski-muzej-makarska.eu\/wp-content\/uploads\/2019\/09\/malakoloski_zbirka-2.jpg\" target=\"_blank\"><img decoding=\"async\" src=\"https:\/\/malakoloski-muzej-makarska.eu\/wp-content\/uploads\/2019\/09\/malakoloski_zbirka-2-600x400xc.jpg\" alt=\"\"\/><\/a><\/div><div class=\"item-grid grid-4\"><a href=\"https:\/\/malakoloski-muzej-makarska.eu\/wp-content\/uploads\/2019\/09\/malakoloski_zbirka-3.jpg\" target=\"_blank\"><img decoding=\"async\" src=\"https:\/\/malakoloski-muzej-makarska.eu\/wp-content\/uploads\/2019\/09\/malakoloski_zbirka-3-600x400xc.jpg\" alt=\"\"\/><\/a><\/div><div class=\"item-grid grid-4\"><a href=\"https:\/\/malakoloski-muzej-makarska.eu\/wp-content\/uploads\/2019\/09\/malakoloski_zbirka-4.jpg\" target=\"_blank\"><img decoding=\"async\" src=\"https:\/\/malakoloski-muzej-makarska.eu\/wp-content\/uploads\/2019\/09\/malakoloski_zbirka-4-600x400xc.jpg\" alt=\"\"\/><\/a><\/div><div class=\"item-grid grid-4\"><a href=\"https:\/\/malakoloski-muzej-makarska.eu\/wp-content\/uploads\/2019\/09\/malakoloski_zbirka-5.jpg\" target=\"_blank\"><img decoding=\"async\" src=\"https:\/\/malakoloski-muzej-makarska.eu\/wp-content\/uploads\/2019\/09\/malakoloski_zbirka-5-600x400xc.jpg\" alt=\"\"\/><\/a><\/div><div class=\"item-grid grid-4\"><a href=\"https:\/\/malakoloski-muzej-makarska.eu\/wp-content\/uploads\/2019\/09\/malakoloski_zbirka-6.jpg\" target=\"_blank\"><img decoding=\"async\" src=\"https:\/\/malakoloski-muzej-makarska.eu\/wp-content\/uploads\/2019\/09\/malakoloski_zbirka-6-600x400xc.jpg\" alt=\"\"\/><\/a><\/div><div class=\"item-grid grid-4\"><a href=\"https:\/\/malakoloski-muzej-makarska.eu\/wp-content\/uploads\/2019\/09\/malakoloski_zbirka-7.jpg\" target=\"_blank\"><img decoding=\"async\" src=\"https:\/\/malakoloski-muzej-makarska.eu\/wp-content\/uploads\/2019\/09\/malakoloski_zbirka-7-600x400xc.jpg\" alt=\"\"\/><\/a><\/div><div class=\"item-grid grid-4\"><a href=\"https:\/\/malakoloski-muzej-makarska.eu\/wp-content\/uploads\/2019\/09\/malakoloski_zbirka-8.jpg\" target=\"_blank\"><img decoding=\"async\" src=\"https:\/\/malakoloski-muzej-makarska.eu\/wp-content\/uploads\/2019\/09\/malakoloski_zbirka-8-600x400xc.jpg\" alt=\"\"\/><\/a><\/div><div class=\"item-grid grid-4\"><a href=\"https:\/\/malakoloski-muzej-makarska.eu\/wp-content\/uploads\/2019\/09\/malakoloski_zbirka-9.jpg\" target=\"_blank\"><img decoding=\"async\" src=\"https:\/\/malakoloski-muzej-makarska.eu\/wp-content\/uploads\/2019\/09\/malakoloski_zbirka-9-600x400xc.jpg\" alt=\"\"\/><\/a><\/div><div class=\"item-grid grid-4\"><a href=\"https:\/\/malakoloski-muzej-makarska.eu\/wp-content\/uploads\/2019\/09\/malakoloski_zbirka-10.jpg\" target=\"_blank\"><img decoding=\"async\" src=\"https:\/\/malakoloski-muzej-makarska.eu\/wp-content\/uploads\/2019\/09\/malakoloski_zbirka-10-600x400xc.jpg\" alt=\"\"\/><\/a><\/div><div class=\"item-grid grid-4\"><a href=\"https:\/\/malakoloski-muzej-makarska.eu\/wp-content\/uploads\/2019\/09\/malakoloski_zbirka-11.jpg\" target=\"_blank\"><img decoding=\"async\" src=\"https:\/\/malakoloski-muzej-makarska.eu\/wp-content\/uploads\/2019\/09\/malakoloski_zbirka-11-600x400xc.jpg\" alt=\"\"\/><\/a><\/div><div class=\"item-grid grid-4\"><a href=\"https:\/\/malakoloski-muzej-makarska.eu\/wp-content\/uploads\/2019\/09\/malakoloski_zbirka-12.jpg\" target=\"_blank\"><img decoding=\"async\" src=\"https:\/\/malakoloski-muzej-makarska.eu\/wp-content\/uploads\/2019\/09\/malakoloski_zbirka-12-600x400xc.jpg\" alt=\"\"\/><\/a><\/div><div class=\"item-grid grid-4\"><a href=\"https:\/\/malakoloski-muzej-makarska.eu\/wp-content\/uploads\/2019\/09\/malakoloski_zbirka-13.jpg\" target=\"_blank\"><img decoding=\"async\" src=\"https:\/\/malakoloski-muzej-makarska.eu\/wp-content\/uploads\/2019\/09\/malakoloski_zbirka-13-600x400xc.jpg\" alt=\"\"\/><\/a><\/div><div class=\"item-grid grid-4\"><a href=\"https:\/\/malakoloski-muzej-makarska.eu\/wp-content\/uploads\/2019\/09\/malakoloski_zbirka-14.jpg\" target=\"_blank\"><img decoding=\"async\" src=\"https:\/\/malakoloski-muzej-makarska.eu\/wp-content\/uploads\/2019\/09\/malakoloski_zbirka-14-600x400xc.jpg\" alt=\"\"\/><\/a><\/div><div class=\"item-grid grid-4\"><a href=\"https:\/\/malakoloski-muzej-makarska.eu\/wp-content\/uploads\/2019\/09\/malakoloski_zbirka-15.jpg\" target=\"_blank\"><img decoding=\"async\" src=\"https:\/\/malakoloski-muzej-makarska.eu\/wp-content\/uploads\/2019\/09\/malakoloski_zbirka-15-600x400xc.jpg\" alt=\"\"\/><\/a><\/div><div class=\"item-grid grid-4\"><a href=\"https:\/\/malakoloski-muzej-makarska.eu\/wp-content\/uploads\/2019\/09\/malakoloski_zbirka-16.jpg\" target=\"_blank\"><img decoding=\"async\" src=\"https:\/\/malakoloski-muzej-makarska.eu\/wp-content\/uploads\/2019\/09\/malakoloski_zbirka-16-600x400xc.jpg\" alt=\"\"\/><\/a><\/div><div class=\"item-grid grid-4\"><a href=\"https:\/\/malakoloski-muzej-makarska.eu\/wp-content\/uploads\/2019\/09\/malakoloski_zbirka-17.jpg\" target=\"_blank\"><img decoding=\"async\" src=\"https:\/\/malakoloski-muzej-makarska.eu\/wp-content\/uploads\/2019\/09\/malakoloski_zbirka-17-600x400xc.jpg\" alt=\"\"\/><\/a><\/div><div class=\"item-grid grid-4\"><a href=\"https:\/\/malakoloski-muzej-makarska.eu\/wp-content\/uploads\/2019\/09\/malakoloski_zbirka-18.jpg\" target=\"_blank\"><img decoding=\"async\" src=\"https:\/\/malakoloski-muzej-makarska.eu\/wp-content\/uploads\/2019\/09\/malakoloski_zbirka-18-600x400xc.jpg\" alt=\"\"\/><\/a><\/div><div class=\"item-grid grid-4\"><a href=\"https:\/\/malakoloski-muzej-makarska.eu\/wp-content\/uploads\/2019\/09\/malakoloski_zbirka-1-Copy.jpg\" target=\"_blank\"><img decoding=\"async\" src=\"https:\/\/malakoloski-muzej-makarska.eu\/wp-content\/uploads\/2019\/09\/malakoloski_zbirka-1-Copy-600x400xc.jpg\" alt=\"\"\/><\/a><\/div><\/div>\n<\/div><div class=\"kc-elm kc-css-403771\" style=\"height: 50px; clear: both; width:100%;\"><\/div><\/div><\/div><\/div><\/div><\/section>\n","protected":false},"excerpt":{"rendered":"","protected":false},"author":1,"featured_media":0,"parent":0,"menu_order":0,"comment_status":"closed","ping_status":"closed","template":"","meta":{"footnotes":""},"class_list":["post-2471","page","type-page","status-publish","hentry"],"yoast_head":"<!-- This site is optimized with the Yoast SEO plugin v27.2 - https:\/\/yoast.com\/product\/yoast-seo-wordpress\/ -->\n<title>La collezione malacologica - Museo Malacologico di Makarska<\/title>\n<meta name=\"description\" content=\"I molluschi sono un gruppo di animali che comprende lumache, bivalvi, cefalopodi, scafopodi, poliplacofori, monoplacofori e aplacofori.\" \/>\n<meta name=\"robots\" content=\"index, follow, max-snippet:-1, max-image-preview:large, max-video-preview:-1\" \/>\n<link rel=\"canonical\" href=\"https:\/\/malakoloski-muzej-makarska.eu\/it\/malakoloska-zbirka\/\" \/>\n<meta property=\"og:locale\" content=\"it_IT\" \/>\n<meta property=\"og:type\" content=\"article\" \/>\n<meta property=\"og:title\" content=\"La collezione malacologica - Museo Malacologico di Makarska\" \/>\n<meta property=\"og:description\" content=\"I molluschi sono un gruppo di animali che comprende lumache, bivalvi, cefalopodi, scafopodi, poliplacofori, monoplacofori e aplacofori.\" \/>\n<meta property=\"og:url\" content=\"https:\/\/malakoloski-muzej-makarska.eu\/it\/malakoloska-zbirka\/\" \/>\n<meta property=\"og:site_name\" content=\"Museo Malacologico di Makarska\" \/>\n<meta property=\"article:modified_time\" content=\"2024-07-01T14:23:34+00:00\" \/>\n<meta property=\"og:image\" content=\"https:\/\/malakoloski-muzej-makarska.eu\/wp-content\/uploads\/2019\/09\/malakoloski_zbirka-1-600x400xc.jpg\" \/>\n<meta name=\"twitter:card\" content=\"summary_large_image\" \/>\n<meta name=\"twitter:label1\" content=\"Tempo di lettura stimato\" \/>\n\t<meta name=\"twitter:data1\" content=\"3 minuti\" \/>\n<script type=\"application\/ld+json\" class=\"yoast-schema-graph\">{\"@context\":\"https:\/\/schema.org\",\"@graph\":[{\"@type\":\"WebPage\",\"@id\":\"https:\/\/malakoloski-muzej-makarska.eu\/it\/malakoloska-zbirka\/\",\"url\":\"https:\/\/malakoloski-muzej-makarska.eu\/it\/malakoloska-zbirka\/\",\"name\":\"La collezione malacologica - Museo Malacologico di Makarska\",\"isPartOf\":{\"@id\":\"https:\/\/malakoloski-muzej-makarska.eu\/#website\"},\"primaryImageOfPage\":{\"@id\":\"https:\/\/malakoloski-muzej-makarska.eu\/it\/malakoloska-zbirka\/#primaryimage\"},\"image\":{\"@id\":\"https:\/\/malakoloski-muzej-makarska.eu\/it\/malakoloska-zbirka\/#primaryimage\"},\"thumbnailUrl\":\"https:\/\/malakoloski-muzej-makarska.eu\/wp-content\/uploads\/2019\/09\/malakoloski_zbirka-1-600x400xc.jpg\",\"datePublished\":\"2019-08-06T11:15:02+00:00\",\"dateModified\":\"2024-07-01T14:23:34+00:00\",\"description\":\"I molluschi sono un gruppo di animali che comprende lumache, bivalvi, cefalopodi, scafopodi, poliplacofori, monoplacofori e aplacofori.\",\"breadcrumb\":{\"@id\":\"https:\/\/malakoloski-muzej-makarska.eu\/it\/malakoloska-zbirka\/#breadcrumb\"},\"inLanguage\":\"it-IT\",\"potentialAction\":[{\"@type\":\"ReadAction\",\"target\":[\"https:\/\/malakoloski-muzej-makarska.eu\/it\/malakoloska-zbirka\/\"]}]},{\"@type\":\"ImageObject\",\"inLanguage\":\"it-IT\",\"@id\":\"https:\/\/malakoloski-muzej-makarska.eu\/it\/malakoloska-zbirka\/#primaryimage\",\"url\":\"https:\/\/malakoloski-muzej-makarska.eu\/wp-content\/uploads\/2019\/09\/malakoloski_zbirka-1-600x400xc.jpg\",\"contentUrl\":\"https:\/\/malakoloski-muzej-makarska.eu\/wp-content\/uploads\/2019\/09\/malakoloski_zbirka-1-600x400xc.jpg\"},{\"@type\":\"BreadcrumbList\",\"@id\":\"https:\/\/malakoloski-muzej-makarska.eu\/it\/malakoloska-zbirka\/#breadcrumb\",\"itemListElement\":[{\"@type\":\"ListItem\",\"position\":1,\"name\":\"Home\",\"item\":\"https:\/\/malakoloski-muzej-makarska.eu\/it\/\"},{\"@type\":\"ListItem\",\"position\":2,\"name\":\"La collezione malacologica\"}]},{\"@type\":\"WebSite\",\"@id\":\"https:\/\/malakoloski-muzej-makarska.eu\/#website\",\"url\":\"https:\/\/malakoloski-muzej-makarska.eu\/\",\"name\":\"Museo Malacologico di Makarska\",\"description\":\"Malakolo\u0161ki muzej Franjeva\u010dkog samostana u Makarskoj\",\"potentialAction\":[{\"@type\":\"SearchAction\",\"target\":{\"@type\":\"EntryPoint\",\"urlTemplate\":\"https:\/\/malakoloski-muzej-makarska.eu\/?s={search_term_string}\"},\"query-input\":{\"@type\":\"PropertyValueSpecification\",\"valueRequired\":true,\"valueName\":\"search_term_string\"}}],\"inLanguage\":\"it-IT\"}]}<\/script>\n<!-- \/ Yoast SEO plugin. -->","yoast_head_json":{"title":"La collezione malacologica - Museo Malacologico di Makarska","description":"I molluschi sono un gruppo di animali che comprende lumache, bivalvi, cefalopodi, scafopodi, poliplacofori, monoplacofori e aplacofori.","robots":{"index":"index","follow":"follow","max-snippet":"max-snippet:-1","max-image-preview":"max-image-preview:large","max-video-preview":"max-video-preview:-1"},"canonical":"https:\/\/malakoloski-muzej-makarska.eu\/it\/malakoloska-zbirka\/","og_locale":"it_IT","og_type":"article","og_title":"La collezione malacologica - Museo Malacologico di Makarska","og_description":"I molluschi sono un gruppo di animali che comprende lumache, bivalvi, cefalopodi, scafopodi, poliplacofori, monoplacofori e aplacofori.","og_url":"https:\/\/malakoloski-muzej-makarska.eu\/it\/malakoloska-zbirka\/","og_site_name":"Museo Malacologico di Makarska","article_modified_time":"2024-07-01T14:23:34+00:00","og_image":[{"url":"https:\/\/malakoloski-muzej-makarska.eu\/wp-content\/uploads\/2019\/09\/malakoloski_zbirka-1-600x400xc.jpg","type":"","width":"","height":""}],"twitter_card":"summary_large_image","twitter_misc":{"Tempo di lettura stimato":"3 minuti"},"schema":{"@context":"https:\/\/schema.org","@graph":[{"@type":"WebPage","@id":"https:\/\/malakoloski-muzej-makarska.eu\/it\/malakoloska-zbirka\/","url":"https:\/\/malakoloski-muzej-makarska.eu\/it\/malakoloska-zbirka\/","name":"La collezione malacologica - Museo Malacologico di Makarska","isPartOf":{"@id":"https:\/\/malakoloski-muzej-makarska.eu\/#website"},"primaryImageOfPage":{"@id":"https:\/\/malakoloski-muzej-makarska.eu\/it\/malakoloska-zbirka\/#primaryimage"},"image":{"@id":"https:\/\/malakoloski-muzej-makarska.eu\/it\/malakoloska-zbirka\/#primaryimage"},"thumbnailUrl":"https:\/\/malakoloski-muzej-makarska.eu\/wp-content\/uploads\/2019\/09\/malakoloski_zbirka-1-600x400xc.jpg","datePublished":"2019-08-06T11:15:02+00:00","dateModified":"2024-07-01T14:23:34+00:00","description":"I molluschi sono un gruppo di animali che comprende lumache, bivalvi, cefalopodi, scafopodi, poliplacofori, monoplacofori e aplacofori.","breadcrumb":{"@id":"https:\/\/malakoloski-muzej-makarska.eu\/it\/malakoloska-zbirka\/#breadcrumb"},"inLanguage":"it-IT","potentialAction":[{"@type":"ReadAction","target":["https:\/\/malakoloski-muzej-makarska.eu\/it\/malakoloska-zbirka\/"]}]},{"@type":"ImageObject","inLanguage":"it-IT","@id":"https:\/\/malakoloski-muzej-makarska.eu\/it\/malakoloska-zbirka\/#primaryimage","url":"https:\/\/malakoloski-muzej-makarska.eu\/wp-content\/uploads\/2019\/09\/malakoloski_zbirka-1-600x400xc.jpg","contentUrl":"https:\/\/malakoloski-muzej-makarska.eu\/wp-content\/uploads\/2019\/09\/malakoloski_zbirka-1-600x400xc.jpg"},{"@type":"BreadcrumbList","@id":"https:\/\/malakoloski-muzej-makarska.eu\/it\/malakoloska-zbirka\/#breadcrumb","itemListElement":[{"@type":"ListItem","position":1,"name":"Home","item":"https:\/\/malakoloski-muzej-makarska.eu\/it\/"},{"@type":"ListItem","position":2,"name":"La collezione malacologica"}]},{"@type":"WebSite","@id":"https:\/\/malakoloski-muzej-makarska.eu\/#website","url":"https:\/\/malakoloski-muzej-makarska.eu\/","name":"Museo Malacologico di Makarska","description":"Malakolo\u0161ki muzej Franjeva\u010dkog samostana u Makarskoj","potentialAction":[{"@type":"SearchAction","target":{"@type":"EntryPoint","urlTemplate":"https:\/\/malakoloski-muzej-makarska.eu\/?s={search_term_string}"},"query-input":{"@type":"PropertyValueSpecification","valueRequired":true,"valueName":"search_term_string"}}],"inLanguage":"it-IT"}]}},"_links":{"self":[{"href":"https:\/\/malakoloski-muzej-makarska.eu\/it\/wp-json\/wp\/v2\/pages\/2471","targetHints":{"allow":["GET"]}}],"collection":[{"href":"https:\/\/malakoloski-muzej-makarska.eu\/it\/wp-json\/wp\/v2\/pages"}],"about":[{"href":"https:\/\/malakoloski-muzej-makarska.eu\/it\/wp-json\/wp\/v2\/types\/page"}],"author":[{"embeddable":true,"href":"https:\/\/malakoloski-muzej-makarska.eu\/it\/wp-json\/wp\/v2\/users\/1"}],"replies":[{"embeddable":true,"href":"https:\/\/malakoloski-muzej-makarska.eu\/it\/wp-json\/wp\/v2\/comments?post=2471"}],"version-history":[{"count":2,"href":"https:\/\/malakoloski-muzej-makarska.eu\/it\/wp-json\/wp\/v2\/pages\/2471\/revisions"}],"predecessor-version":[{"id":2587,"href":"https:\/\/malakoloski-muzej-makarska.eu\/it\/wp-json\/wp\/v2\/pages\/2471\/revisions\/2587"}],"wp:attachment":[{"href":"https:\/\/malakoloski-muzej-makarska.eu\/it\/wp-json\/wp\/v2\/media?parent=2471"}],"curies":[{"name":"wp","href":"https:\/\/api.w.org\/{rel}","templated":true}]}}